

{"id":9136,"date":"2025-03-18T09:07:32","date_gmt":"2025-03-18T09:07:32","guid":{"rendered":"https:\/\/rncc.estadisticas.site\/?page_id=9136"},"modified":"2025-08-15T17:25:18","modified_gmt":"2025-08-15T17:25:18","slug":"financiamiento","status":"publish","type":"page","link":"https:\/\/rncc.ambiente.gob.ec\/rncc\/financiamiento\/","title":{"rendered":"Financiamiento"},"content":{"rendered":"\t\t<div data-elementor-type=\"wp-page\" data-elementor-id=\"9136\" class=\"elementor elementor-9136\">\n\t\t\t\t<div class=\"elementor-element elementor-element-fc16486 e-flex e-con-boxed e-con e-parent\" data-id=\"fc16486\" data-element_type=\"container\" data-settings=\"{&quot;background_background&quot;:&quot;classic&quot;}\">\n\t\t\t\t\t<div class=\"e-con-inner\">\n\t\t<div class=\"elementor-element elementor-element-d363b24 e-con-full e-flex e-con e-child\" data-id=\"d363b24\" data-element_type=\"container\">\n\t\t\t\t<div class=\"elementor-element elementor-element-28dfe0c elementor-widget__width-initial elementor-widget elementor-widget-heading\" data-id=\"28dfe0c\" data-element_type=\"widget\" data-widget_type=\"heading.default\">\n\t\t\t\t<div class=\"elementor-widget-container\">\n\t\t\t\t\t<h1 class=\"elementor-heading-title elementor-size-default\"><a href=\"\/rncc\/moi\">Medios de Implementaci\u00f3n<\/a><\/h1>\t\t\t\t<\/div>\n\t\t\t\t<\/div>\n\t\t\t\t<div class=\"elementor-element elementor-element-e4270d3 elementor-widget__width-initial elementor-widget elementor-widget-heading\" data-id=\"e4270d3\" data-element_type=\"widget\" data-widget_type=\"heading.default\">\n\t\t\t\t<div class=\"elementor-widget-container\">\n\t\t\t\t\t<h1 class=\"elementor-heading-title elementor-size-default\">Financiamiento Clim\u00e1tico<\/h1>\t\t\t\t<\/div>\n\t\t\t\t<\/div>\n\t\t\t\t<\/div>\n\t\t\t\t\t<\/div>\n\t\t\t\t<\/div>\n\t\t<div class=\"elementor-element elementor-element-68e0001 e-flex e-con-boxed e-con e-parent\" data-id=\"68e0001\" data-element_type=\"container\">\n\t\t\t\t\t<div class=\"e-con-inner\">\n\t\t<div class=\"elementor-element elementor-element-4c9db57 e-con-full e-flex e-con e-child\" data-id=\"4c9db57\" data-element_type=\"container\">\n\t\t<div class=\"elementor-element elementor-element-c42712b e-con-full e-flex e-con e-child\" data-id=\"c42712b\" data-element_type=\"container\">\n\t\t\t\t<div class=\"elementor-element elementor-element-330a6ce elementor-widget elementor-widget-image\" data-id=\"330a6ce\" data-element_type=\"widget\" data-widget_type=\"image.default\">\n\t\t\t\t<div class=\"elementor-widget-container\">\n\t\t\t\t\t\t\t\t\t\t\t\t<figure class=\"wp-caption\">\n\t\t\t\t\t\t\t\t\t\t<img fetchpriority=\"high\" decoding=\"async\" width=\"629\" height=\"432\" src=\"https:\/\/rncc.ambiente.gob.ec\/rncc\/wp-content\/uploads\/2025\/02\/Group-1707479097.png\" class=\"attachment-2048x2048 size-2048x2048 wp-image-538\" alt=\"\" srcset=\"https:\/\/rncc.ambiente.gob.ec\/rncc\/wp-content\/uploads\/2025\/02\/Group-1707479097.png 629w, https:\/\/rncc.ambiente.gob.ec\/rncc\/wp-content\/uploads\/2025\/02\/Group-1707479097-300x206.png 300w\" sizes=\"(max-width: 629px) 100vw, 629px\" \/>\t\t\t\t\t\t\t\t\t\t\t<figcaption class=\"widget-image-caption wp-caption-text\"><\/figcaption>\n\t\t\t\t\t\t\t\t\t\t<\/figure>\n\t\t\t\t\t\t\t\t\t<\/div>\n\t\t\t\t<\/div>\n\t\t\t\t<\/div>\n\t\t<div class=\"elementor-element elementor-element-c977e70 e-con-full e-flex e-con e-child\" data-id=\"c977e70\" data-element_type=\"container\">\n\t\t\t\t<div class=\"elementor-element elementor-element-a6baee4 elementor-widget elementor-widget-text-editor\" data-id=\"a6baee4\" data-element_type=\"widget\" data-widget_type=\"text-editor.default\">\n\t\t\t\t<div class=\"elementor-widget-container\">\n\t\t\t\t\t\t\t\t\t<p><span style=\"font-weight: 400;\"><img decoding=\"async\" class=\"alignleft wp-image-11925\" src=\"https:\/\/rncc.estadisticas.site\/wp-content\/uploads\/2025\/06\/Financiamiento-Climatico-300x300.png\" alt=\"\" width=\"100\" height=\"100\" srcset=\"https:\/\/rncc.ambiente.gob.ec\/rncc\/wp-content\/uploads\/2025\/06\/Financiamiento-Climatico-300x300.png 300w, https:\/\/rncc.ambiente.gob.ec\/rncc\/wp-content\/uploads\/2025\/06\/Financiamiento-Climatico-150x150.png 150w, https:\/\/rncc.ambiente.gob.ec\/rncc\/wp-content\/uploads\/2025\/06\/Financiamiento-Climatico.png 316w\" sizes=\"(max-width: 100px) 100vw, 100px\" \/>El Financiamiento Clim\u00e1tico comprende recursos financieros y asistencia t\u00e9cnica, tanto nacionales como internacionales, destinados a apoyar acciones frente al cambio clim\u00e1tico. En el Registro Nacional de Cambio Clim\u00e1tico (RNCC), se registra la informaci\u00f3n sobre financiamiento clim\u00e1tico recibido, requerido y movilizado, con base en los datos proporcionados por las instituciones responsables.<\/span><\/p><p><span style=\"font-weight: 400;\">La informaci\u00f3n se clasifica seg\u00fan su origen (interno o externo), naturaleza (p\u00fablica o privada) y tipo (reembolsable o no reembolsable).\u00a0<\/span><\/p>\t\t\t\t\t\t\t\t<\/div>\n\t\t\t\t<\/div>\n\t\t\t\t<\/div>\n\t\t\t\t<\/div>\n\t\t\t\t\t<\/div>\n\t\t\t\t<\/div>\n\t\t<div class=\"elementor-element elementor-element-b32fb5a e-flex e-con-boxed e-con e-parent\" data-id=\"b32fb5a\" data-element_type=\"container\">\n\t\t\t\t\t<div class=\"e-con-inner\">\n\t\t\t\t<div class=\"elementor-element elementor-element-4af6194 elementor-widget-tablet__width-initial elementor-widget elementor-widget-text-editor\" data-id=\"4af6194\" data-element_type=\"widget\" data-widget_type=\"text-editor.default\">\n\t\t\t\t<div class=\"elementor-widget-container\">\n\t\t\t\t\t\t\t\t\t<p><span style=\"font-weight: 400;\">Adem\u00e1s, se articulan acciones con entidades rectoras en planificaci\u00f3n, finanzas y relaciones exteriores para asegurar coherencia, evitar la doble contabilidad y fortalecer la trazabilidad del financiamiento.<\/span><\/p><p><span style=\"font-weight: 400;\">Se consideran tres tipos principales de financiamiento clim\u00e1tico:<\/span><\/p><ul><li><b>Financiamiento Clim\u00e1tico Recibido<\/b>: Se refiere al monto del apoyo recibido por las entidades receptoras en Ecuador, en forma de flujos de financiamiento clim\u00e1tico provenientes de fuentes de cooperaci\u00f3n internacional, tanto no reembolsables, como reembolsables en consideracio\u0301n de un componente de concesionalidad, provenientes de canales multilaterales, bilaterales, entre otros, que ingresan al pa\u00eds y han sido comprometidos para la implementaci\u00f3n de acciones clim\u00e1ticas\u00a0<\/li><\/ul><ul><li><b>Financiamiento Clim\u00e1tico Requerido<\/b><span style=\"font-weight: 400;\">: Se refiere al monto de las necesidades de apoyo del pa\u00eds, en forma de financiamiento clim\u00e1tico, identificadas y planificadas por las entidades requirentes en Ecuador, en funci\u00f3n de los instrumentos de pol\u00edtica para la gesti\u00f3n del cambio clim\u00e1tico, que buscan apoyar expl\u00edcitamente acciones clim\u00e1ticas.<\/span><\/li><\/ul><ul><li><b>Financiamiento Clim\u00e1tico Movilizado<\/b><span style=\"font-weight: 400;\">: Se refiere al monto de los recursos movilizados a partir de esfuerzos nacionales destinados para acciones clim\u00e1ticas, provenientes de fuentes de origen externo o interno, del sector p\u00fablico o privado, financiero o no financiero, a trav\u00e9s de diversos instrumentos financieros.<\/span><\/li><\/ul><p>En Ecuador, la Estrategia de Financiamiento Clim\u00e1tico (EFIC) define los mecanismos para movilizar recursos financieros que permitan ejecutar acciones vinculadas a la implementaci\u00f3n de acciones clim\u00e1ticas. La EFIC identifica fuentes de financiamiento, promueve instrumentos financieros innovadores y establece lineamientos para la gesti\u00f3n eficiente y transparente de los recursos. Adem\u00e1s, refuerza la capacidad del pa\u00eds para acceder a fondos internacionales, negociar apoyo t\u00e9cnico y generar esquemas de financiamiento que beneficien a gobiernos locales, comunidades y sectores productivos.<\/p>\t\t\t\t\t\t\t\t<\/div>\n\t\t\t\t<\/div>\n\t\t\t\t\t<\/div>\n\t\t\t\t<\/div>\n\t\t<div class=\"elementor-element elementor-element-41a688e e-flex e-con-boxed e-con e-parent\" data-id=\"41a688e\" data-element_type=\"container\">\n\t\t\t\t\t<div class=\"e-con-inner\">\n\t\t\t\t<div class=\"elementor-element elementor-element-cf4a735 elementor-widget elementor-widget-text-editor\" data-id=\"cf4a735\" data-element_type=\"widget\" data-widget_type=\"text-editor.default\">\n\t\t\t\t<div class=\"elementor-widget-container\">\n\t\t\t\t\t\t\t\t\t<p style=\"text-align: center;\"><b>\u00bf<\/b><b>QUIERES CONOCER M\u00c1S ACERCA DE LA ESTRATEGIA DE FINANCIAMIENTO CLIM\u00c1TICO?<\/b><\/p><p style=\"text-align: center;\"><a href=\"http:\/\/certificacionpuntoverde.ambiente.gob.ec\/libraries\/EAlfresco.php\/?doc=832cac80-aa0b-49ed-ba53-6d0297b093c2\" target=\"_blank\" rel=\"noopener\"><span style=\"font-weight: 400;\">\u00a1<\/span><span style=\"font-weight: 400;\">DA CLIC EN ESTE ENLACE!<\/span><\/a><\/p>\t\t\t\t\t\t\t\t<\/div>\n\t\t\t\t<\/div>\n\t\t\t\t\t<\/div>\n\t\t\t\t<\/div>\n\t\t<div class=\"elementor-element elementor-element-1f26c29 e-flex e-con-boxed e-con e-parent\" data-id=\"1f26c29\" data-element_type=\"container\">\n\t\t\t\t\t<div class=\"e-con-inner\">\n\t\t<div class=\"elementor-element elementor-element-9ab5519 e-con-full e-flex e-con e-child\" data-id=\"9ab5519\" data-element_type=\"container\">\n\t\t<div class=\"elementor-element elementor-element-027d730 e-con-full e-flex e-con e-child\" data-id=\"027d730\" data-element_type=\"container\">\n\t\t\t\t<div class=\"elementor-element elementor-element-1e5cf17 elementor-widget elementor-widget-image\" data-id=\"1e5cf17\" data-element_type=\"widget\" data-widget_type=\"image.default\">\n\t\t\t\t<div class=\"elementor-widget-container\">\n\t\t\t\t\t\t\t\t\t\t\t\t\t\t\t<img decoding=\"async\" width=\"2048\" height=\"1152\" src=\"https:\/\/rncc.ambiente.gob.ec\/rncc\/wp-content\/uploads\/2025\/03\/1717469667012.jpeg\" class=\"attachment-full size-full wp-image-8781\" alt=\"\" srcset=\"https:\/\/rncc.ambiente.gob.ec\/rncc\/wp-content\/uploads\/2025\/03\/1717469667012.jpeg 2048w, https:\/\/rncc.ambiente.gob.ec\/rncc\/wp-content\/uploads\/2025\/03\/1717469667012-300x169.jpeg 300w, https:\/\/rncc.ambiente.gob.ec\/rncc\/wp-content\/uploads\/2025\/03\/1717469667012-1024x576.jpeg 1024w, https:\/\/rncc.ambiente.gob.ec\/rncc\/wp-content\/uploads\/2025\/03\/1717469667012-768x432.jpeg 768w, https:\/\/rncc.ambiente.gob.ec\/rncc\/wp-content\/uploads\/2025\/03\/1717469667012-1536x864.jpeg 1536w\" sizes=\"(max-width: 2048px) 100vw, 2048px\" \/>\t\t\t\t\t\t\t\t\t\t\t\t\t\t\t<\/div>\n\t\t\t\t<\/div>\n\t\t\t\t<\/div>\n\t\t<div class=\"elementor-element elementor-element-121d056 e-con-full e-flex e-con e-child\" data-id=\"121d056\" data-element_type=\"container\">\n\t\t\t\t<div class=\"elementor-element elementor-element-935ae17 elementor-widget elementor-widget-image\" data-id=\"935ae17\" data-element_type=\"widget\" data-widget_type=\"image.default\">\n\t\t\t\t<div class=\"elementor-widget-container\">\n\t\t\t\t\t\t\t\t\t\t\t\t\t\t\t<img loading=\"lazy\" decoding=\"async\" width=\"2560\" height=\"1920\" src=\"https:\/\/rncc.ambiente.gob.ec\/rncc\/wp-content\/uploads\/2025\/02\/Foto-grupal-de-los-graduados-IMG_2299-scaled.jpg\" class=\"attachment-full size-full wp-image-8384\" alt=\"\" srcset=\"https:\/\/rncc.ambiente.gob.ec\/rncc\/wp-content\/uploads\/2025\/02\/Foto-grupal-de-los-graduados-IMG_2299-scaled.jpg 2560w, https:\/\/rncc.ambiente.gob.ec\/rncc\/wp-content\/uploads\/2025\/02\/Foto-grupal-de-los-graduados-IMG_2299-300x225.jpg 300w, https:\/\/rncc.ambiente.gob.ec\/rncc\/wp-content\/uploads\/2025\/02\/Foto-grupal-de-los-graduados-IMG_2299-1024x768.jpg 1024w, https:\/\/rncc.ambiente.gob.ec\/rncc\/wp-content\/uploads\/2025\/02\/Foto-grupal-de-los-graduados-IMG_2299-768x576.jpg 768w, https:\/\/rncc.ambiente.gob.ec\/rncc\/wp-content\/uploads\/2025\/02\/Foto-grupal-de-los-graduados-IMG_2299-1536x1152.jpg 1536w\" sizes=\"(max-width: 2560px) 100vw, 2560px\" \/>\t\t\t\t\t\t\t\t\t\t\t\t\t\t\t<\/div>\n\t\t\t\t<\/div>\n\t\t\t\t<\/div>\n\t\t<div class=\"elementor-element elementor-element-c107afa e-con-full e-flex e-con e-child\" data-id=\"c107afa\" data-element_type=\"container\">\n\t\t\t\t<div class=\"elementor-element elementor-element-475164a elementor-widget elementor-widget-image\" data-id=\"475164a\" data-element_type=\"widget\" data-widget_type=\"image.default\">\n\t\t\t\t<div class=\"elementor-widget-container\">\n\t\t\t\t\t\t\t\t\t\t\t\t\t\t\t<img loading=\"lazy\" decoding=\"async\" width=\"800\" height=\"534\" src=\"https:\/\/rncc.ambiente.gob.ec\/rncc\/wp-content\/uploads\/2025\/02\/Copia-de-Rosa-Idalina-Intriago-1024x683.jpg\" class=\"attachment-large size-large wp-image-8386\" alt=\"\" srcset=\"https:\/\/rncc.ambiente.gob.ec\/rncc\/wp-content\/uploads\/2025\/02\/Copia-de-Rosa-Idalina-Intriago-1024x683.jpg 1024w, https:\/\/rncc.ambiente.gob.ec\/rncc\/wp-content\/uploads\/2025\/02\/Copia-de-Rosa-Idalina-Intriago-300x200.jpg 300w, https:\/\/rncc.ambiente.gob.ec\/rncc\/wp-content\/uploads\/2025\/02\/Copia-de-Rosa-Idalina-Intriago-768x513.jpg 768w, https:\/\/rncc.ambiente.gob.ec\/rncc\/wp-content\/uploads\/2025\/02\/Copia-de-Rosa-Idalina-Intriago-1536x1025.jpg 1536w, https:\/\/rncc.ambiente.gob.ec\/rncc\/wp-content\/uploads\/2025\/02\/Copia-de-Rosa-Idalina-Intriago-scaled.jpg 2560w\" sizes=\"(max-width: 800px) 100vw, 800px\" \/>\t\t\t\t\t\t\t\t\t\t\t\t\t\t\t<\/div>\n\t\t\t\t<\/div>\n\t\t\t\t<\/div>\n\t\t<div class=\"elementor-element elementor-element-58bed60 e-con-full e-flex e-con e-child\" data-id=\"58bed60\" data-element_type=\"container\">\n\t\t\t\t<div class=\"elementor-element elementor-element-1b2d529 elementor-widget elementor-widget-image\" data-id=\"1b2d529\" data-element_type=\"widget\" data-widget_type=\"image.default\">\n\t\t\t\t<div class=\"elementor-widget-container\">\n\t\t\t\t\t\t\t\t\t\t\t\t\t\t\t<img loading=\"lazy\" decoding=\"async\" width=\"295\" height=\"400\" src=\"https:\/\/rncc.ambiente.gob.ec\/rncc\/wp-content\/uploads\/2025\/02\/image-25.png\" class=\"attachment-full size-full wp-image-757\" alt=\"\" srcset=\"https:\/\/rncc.ambiente.gob.ec\/rncc\/wp-content\/uploads\/2025\/02\/image-25.png 295w, https:\/\/rncc.ambiente.gob.ec\/rncc\/wp-content\/uploads\/2025\/02\/image-25-221x300.png 221w\" sizes=\"(max-width: 295px) 100vw, 295px\" \/>\t\t\t\t\t\t\t\t\t\t\t\t\t\t\t<\/div>\n\t\t\t\t<\/div>\n\t\t\t\t<\/div>\n\t\t\t\t<\/div>\n\t\t\t\t\t<\/div>\n\t\t\t\t<\/div>\n\t\t<div class=\"elementor-element elementor-element-2a5d124 elementor-hidden-desktop elementor-hidden-tablet elementor-hidden-mobile e-flex e-con-boxed e-con e-parent\" data-id=\"2a5d124\" data-element_type=\"container\">\n\t\t\t\t\t<div class=\"e-con-inner\">\n\t\t<div class=\"elementor-element elementor-element-f03e9be e-con-full e-flex e-con e-child\" data-id=\"f03e9be\" data-element_type=\"container\" data-settings=\"{&quot;background_background&quot;:&quot;classic&quot;}\">\n\t\t\t\t<div class=\"elementor-element elementor-element-e2e17a7 elementor-widget elementor-widget-heading\" data-id=\"e2e17a7\" data-element_type=\"widget\" data-widget_type=\"heading.default\">\n\t\t\t\t<div class=\"elementor-widget-container\">\n\t\t\t\t\t<h2 class=\"elementor-heading-title elementor-size-default\">Places of Interest<\/h2>\t\t\t\t<\/div>\n\t\t\t\t<\/div>\n\t\t<div class=\"elementor-element elementor-element-bfb8d95 e-con-full e-flex e-con e-child\" data-id=\"bfb8d95\" data-element_type=\"container\">\n\t\t<div class=\"elementor-element elementor-element-a58153f e-con-full e-flex e-con e-child\" data-id=\"a58153f\" data-element_type=\"container\">\n\t\t\t\t<div class=\"elementor-element elementor-element-d25ea59 elementor-widget elementor-widget-image\" data-id=\"d25ea59\" data-element_type=\"widget\" data-widget_type=\"image.default\">\n\t\t\t\t<div class=\"elementor-widget-container\">\n\t\t\t\t\t\t\t\t\t\t\t\t\t\t\t<img loading=\"lazy\" decoding=\"async\" width=\"284\" height=\"130\" src=\"https:\/\/rncc.ambiente.gob.ec\/rncc\/wp-content\/uploads\/2025\/02\/image-1-1-1.png\" class=\"attachment-large size-large wp-image-3195\" alt=\"\" \/>\t\t\t\t\t\t\t\t\t\t\t\t\t\t\t<\/div>\n\t\t\t\t<\/div>\n\t\t\t\t<\/div>\n\t\t<div class=\"elementor-element elementor-element-99a5cbd e-con-full e-flex e-con e-child\" data-id=\"99a5cbd\" data-element_type=\"container\">\n\t\t\t\t<div class=\"elementor-element elementor-element-f765337 elementor-widget elementor-widget-image\" data-id=\"f765337\" data-element_type=\"widget\" data-widget_type=\"image.default\">\n\t\t\t\t<div class=\"elementor-widget-container\">\n\t\t\t\t\t\t\t\t\t\t\t\t\t\t\t<img loading=\"lazy\" decoding=\"async\" width=\"284\" height=\"130\" src=\"https:\/\/rncc.ambiente.gob.ec\/rncc\/wp-content\/uploads\/2025\/02\/Group-1707479086.png\" class=\"attachment-large size-large wp-image-261\" alt=\"\" \/>\t\t\t\t\t\t\t\t\t\t\t\t\t\t\t<\/div>\n\t\t\t\t<\/div>\n\t\t\t\t<\/div>\n\t\t<div class=\"elementor-element elementor-element-efb9e90 e-con-full e-flex e-con e-child\" data-id=\"efb9e90\" data-element_type=\"container\">\n\t\t\t\t<div class=\"elementor-element elementor-element-5c8b3e8 elementor-widget elementor-widget-image\" data-id=\"5c8b3e8\" data-element_type=\"widget\" data-widget_type=\"image.default\">\n\t\t\t\t<div class=\"elementor-widget-container\">\n\t\t\t\t\t\t\t\t\t\t\t\t\t\t\t<img loading=\"lazy\" decoding=\"async\" width=\"284\" height=\"130\" src=\"https:\/\/rncc.ambiente.gob.ec\/rncc\/wp-content\/uploads\/2025\/02\/Frame-1984078174.png\" class=\"attachment-large size-large wp-image-279\" alt=\"\" \/>\t\t\t\t\t\t\t\t\t\t\t\t\t\t\t<\/div>\n\t\t\t\t<\/div>\n\t\t\t\t<\/div>\n\t\t<div class=\"elementor-element elementor-element-f09e668 e-con-full e-flex e-con e-child\" data-id=\"f09e668\" data-element_type=\"container\">\n\t\t\t\t<div class=\"elementor-element elementor-element-e0d98c9 elementor-widget elementor-widget-image\" data-id=\"e0d98c9\" data-element_type=\"widget\" data-widget_type=\"image.default\">\n\t\t\t\t<div class=\"elementor-widget-container\">\n\t\t\t\t\t\t\t\t\t\t\t\t\t\t\t<img loading=\"lazy\" decoding=\"async\" width=\"284\" height=\"130\" src=\"https:\/\/rncc.ambiente.gob.ec\/rncc\/wp-content\/uploads\/2025\/02\/Group-1707479087.png\" class=\"attachment-large size-large wp-image-262\" alt=\"\" \/>\t\t\t\t\t\t\t\t\t\t\t\t\t\t\t<\/div>\n\t\t\t\t<\/div>\n\t\t\t\t<\/div>\n\t\t\t\t<\/div>\n\t\t\t\t<\/div>\n\t\t\t\t\t<\/div>\n\t\t\t\t<\/div>\n\t\t<div class=\"elementor-element elementor-element-4b4b2fc e-flex e-con-boxed e-con e-parent\" data-id=\"4b4b2fc\" data-element_type=\"container\">\n\t\t\t\t\t<div class=\"e-con-inner\">\n\t\t\t\t\t<\/div>\n\t\t\t\t<\/div>\n\t\t\t\t<\/div>\n\t\t","protected":false},"excerpt":{"rendered":"<p>Medios de Implementaci\u00f3n Financiamiento Clim\u00e1tico El Financiamiento Clim\u00e1tico comprende recursos financieros y asistencia t\u00e9cnica, tanto nacionales como internacionales, destinados a apoyar acciones frente al cambio clim\u00e1tico. En el Registro Nacional de Cambio Clim\u00e1tico (RNCC), se registra la informaci\u00f3n sobre financiamiento clim\u00e1tico recibido, requerido y movilizado, con base en los datos proporcionados por las instituciones responsables. [&hellip;]<\/p>\n","protected":false},"author":1,"featured_media":0,"parent":0,"menu_order":0,"comment_status":"closed","ping_status":"closed","template":"","meta":{"_monsterinsights_skip_tracking":false,"_monsterinsights_sitenote_active":false,"_monsterinsights_sitenote_note":"","_monsterinsights_sitenote_category":0,"footnotes":""},"class_list":["post-9136","page","type-page","status-publish","hentry"],"_links":{"self":[{"href":"https:\/\/rncc.ambiente.gob.ec\/rncc\/wp-json\/wp\/v2\/pages\/9136","targetHints":{"allow":["GET"]}}],"collection":[{"href":"https:\/\/rncc.ambiente.gob.ec\/rncc\/wp-json\/wp\/v2\/pages"}],"about":[{"href":"https:\/\/rncc.ambiente.gob.ec\/rncc\/wp-json\/wp\/v2\/types\/page"}],"author":[{"embeddable":true,"href":"https:\/\/rncc.ambiente.gob.ec\/rncc\/wp-json\/wp\/v2\/users\/1"}],"replies":[{"embeddable":true,"href":"https:\/\/rncc.ambiente.gob.ec\/rncc\/wp-json\/wp\/v2\/comments?post=9136"}],"version-history":[{"count":121,"href":"https:\/\/rncc.ambiente.gob.ec\/rncc\/wp-json\/wp\/v2\/pages\/9136\/revisions"}],"predecessor-version":[{"id":13318,"href":"https:\/\/rncc.ambiente.gob.ec\/rncc\/wp-json\/wp\/v2\/pages\/9136\/revisions\/13318"}],"wp:attachment":[{"href":"https:\/\/rncc.ambiente.gob.ec\/rncc\/wp-json\/wp\/v2\/media?parent=9136"}],"curies":[{"name":"wp","href":"https:\/\/api.w.org\/{rel}","templated":true}]}}