

{"id":9134,"date":"2025-03-18T09:06:51","date_gmt":"2025-03-18T09:06:51","guid":{"rendered":"https:\/\/rncc.estadisticas.site\/?page_id=9134"},"modified":"2025-12-16T12:31:05","modified_gmt":"2025-12-16T17:31:05","slug":"dtt","status":"publish","type":"page","link":"https:\/\/rncc.ambiente.gob.ec\/rncc\/dtt\/","title":{"rendered":"DTT"},"content":{"rendered":"\t\t<div data-elementor-type=\"wp-page\" data-elementor-id=\"9134\" class=\"elementor elementor-9134\">\n\t\t\t\t<div class=\"elementor-element elementor-element-fc16486 e-flex e-con-boxed e-con e-parent\" data-id=\"fc16486\" data-element_type=\"container\" data-settings=\"{&quot;background_background&quot;:&quot;classic&quot;}\">\n\t\t\t\t\t<div class=\"e-con-inner\">\n\t\t<div class=\"elementor-element elementor-element-d363b24 e-con-full e-flex e-con e-child\" data-id=\"d363b24\" data-element_type=\"container\">\n\t\t\t\t<div class=\"elementor-element elementor-element-1be065c elementor-widget__width-initial elementor-widget elementor-widget-heading\" data-id=\"1be065c\" data-element_type=\"widget\" data-widget_type=\"heading.default\">\n\t\t\t\t<div class=\"elementor-widget-container\">\n\t\t\t\t\t<h1 class=\"elementor-heading-title elementor-size-default\"><a href=\"\/rncc\/moi\">Medios de Implementaci\u00f3n<\/a><\/h1>\t\t\t\t<\/div>\n\t\t\t\t<\/div>\n\t\t\t\t<div class=\"elementor-element elementor-element-61acf69 elementor-widget elementor-widget-heading\" data-id=\"61acf69\" data-element_type=\"widget\" data-widget_type=\"heading.default\">\n\t\t\t\t<div class=\"elementor-widget-container\">\n\t\t\t\t\t<h2 class=\"elementor-heading-title elementor-size-default\">Desarrollo y Transferencia de Tecnolog\u00eda<\/h2>\t\t\t\t<\/div>\n\t\t\t\t<\/div>\n\t\t\t\t<\/div>\n\t\t\t\t\t<\/div>\n\t\t\t\t<\/div>\n\t\t<div class=\"elementor-element elementor-element-68e0001 e-flex e-con-boxed e-con e-parent\" data-id=\"68e0001\" data-element_type=\"container\">\n\t\t\t\t\t<div class=\"e-con-inner\">\n\t\t<div class=\"elementor-element elementor-element-8384b2a e-con-full e-flex e-con e-child\" data-id=\"8384b2a\" data-element_type=\"container\">\n\t\t<div class=\"elementor-element elementor-element-5052565 e-con-full e-flex e-con e-child\" data-id=\"5052565\" data-element_type=\"container\">\n\t\t\t\t<div class=\"elementor-element elementor-element-3b3a26e elementor-widget elementor-widget-image\" data-id=\"3b3a26e\" data-element_type=\"widget\" data-widget_type=\"image.default\">\n\t\t\t\t<div class=\"elementor-widget-container\">\n\t\t\t\t\t\t\t\t\t\t\t\t<figure class=\"wp-caption\">\n\t\t\t\t\t\t\t\t\t\t<img fetchpriority=\"high\" decoding=\"async\" width=\"629\" height=\"432\" src=\"https:\/\/rncc.ambiente.gob.ec\/rncc\/wp-content\/uploads\/2025\/02\/Group-1707479097.png\" class=\"attachment-2048x2048 size-2048x2048 wp-image-538\" alt=\"\" srcset=\"https:\/\/rncc.ambiente.gob.ec\/rncc\/wp-content\/uploads\/2025\/02\/Group-1707479097.png 629w, https:\/\/rncc.ambiente.gob.ec\/rncc\/wp-content\/uploads\/2025\/02\/Group-1707479097-300x206.png 300w\" sizes=\"(max-width: 629px) 100vw, 629px\" \/>\t\t\t\t\t\t\t\t\t\t\t<figcaption class=\"widget-image-caption wp-caption-text\"><\/figcaption>\n\t\t\t\t\t\t\t\t\t\t<\/figure>\n\t\t\t\t\t\t\t\t\t<\/div>\n\t\t\t\t<\/div>\n\t\t\t\t<\/div>\n\t\t<div class=\"elementor-element elementor-element-19ed4a8 e-con-full e-flex e-con e-child\" data-id=\"19ed4a8\" data-element_type=\"container\">\n\t\t\t\t<div class=\"elementor-element elementor-element-599892d elementor-widget elementor-widget-text-editor\" data-id=\"599892d\" data-element_type=\"widget\" data-widget_type=\"text-editor.default\">\n\t\t\t\t<div class=\"elementor-widget-container\">\n\t\t\t\t\t\t\t\t\t<p><span style=\"font-weight: 400\"><img decoding=\"async\" class=\"alignleft wp-image-11927\" src=\"https:\/\/rncc.estadisticas.site\/wp-content\/uploads\/2025\/06\/Transferencia-de-tecnologia-300x300.png\" alt=\"\" width=\"100\" height=\"100\" srcset=\"https:\/\/rncc.ambiente.gob.ec\/rncc\/wp-content\/uploads\/2025\/06\/Transferencia-de-tecnologia-300x300.png 300w, https:\/\/rncc.ambiente.gob.ec\/rncc\/wp-content\/uploads\/2025\/06\/Transferencia-de-tecnologia-150x150.png 150w, https:\/\/rncc.ambiente.gob.ec\/rncc\/wp-content\/uploads\/2025\/06\/Transferencia-de-tecnologia.png 316w\" sizes=\"(max-width: 100px) 100vw, 100px\" \/>El desarrollo y la transferencia de tecnolog\u00eda son procesos clave para enfrentar los desaf\u00edos del cambio clim\u00e1tico. Este componente comprende la creaci\u00f3n, adaptaci\u00f3n y difusi\u00f3n de soluciones tecnol\u00f3gicas que contribuyen a reducir los efectos del cambio clim\u00e1tico y fortalecer la capacidad de adaptaci\u00f3n ante sus impactos. Adem\u00e1s, implica compartir conocimientos t\u00e9cnicos, experiencia y capacidades entre actores nacionales e internacionales, con el fin de facilitar la adopci\u00f3n de tecnolog\u00edas clim\u00e1ticas especialmente en pa\u00edses en desarrollo.<\/span><\/p>\t\t\t\t\t\t\t\t<\/div>\n\t\t\t\t<\/div>\n\t\t\t\t<\/div>\n\t\t\t\t<\/div>\n\t\t\t\t\t<\/div>\n\t\t\t\t<\/div>\n\t\t<div class=\"elementor-element elementor-element-ceffb7e e-flex e-con-boxed e-con e-parent\" data-id=\"ceffb7e\" data-element_type=\"container\">\n\t\t\t\t\t<div class=\"e-con-inner\">\n\t\t\t\t<div class=\"elementor-element elementor-element-0331c03 elementor-widget elementor-widget-text-editor\" data-id=\"0331c03\" data-element_type=\"widget\" data-widget_type=\"text-editor.default\">\n\t\t\t\t<div class=\"elementor-widget-container\">\n\t\t\t\t\t\t\t\t\t<p><span style=\"font-weight: 400\">Bajo este subcomponente, el Registro Nacional de Cambio Clim\u00e1tico (RNCC), a trav\u00e9s de la Autoridad Nacional de Transparencia Clim\u00e1tica (ANTC), recopila y organiza informaci\u00f3n sobre el apoyo recibido y requerido por el pa\u00eds en esta materia, en coordinaci\u00f3n con la entidad rectora de educaci\u00f3n superior, ciencia, tecnolog\u00eda e innovaci\u00f3n, as\u00ed como con otros actores relevantes del \u00e1mbito de innovaci\u00f3n.<\/span><\/p><p><span style=\"font-weight: 400\">Este subcomponente se estructura en torno a las siguientes categor\u00edas, alineadas al enfoque de Investigaci\u00f3n, Desarrollo e innovaci\u00f3n (I+D+i):<\/span><\/p><ul><li style=\"font-weight: 400\"><b>Investigaci\u00f3n:<\/b><span style=\"font-weight: 400\"> Incluye estudios te\u00f3ricos y experimentales orientados a generar nuevos conocimientos aplicables a la gesti\u00f3n del cambio clim\u00e1tico. Ejemplos de estas actividades son la evaluaci\u00f3n de la variabilidad clim\u00e1tica, el desarrollo de modelos clim\u00e1ticos, estudios espacio-temporales y biotecnolog\u00eda sostenible.<\/span><\/li><li style=\"font-weight: 400\"><b>Desarrollo tecnol\u00f3gico:<\/b><span style=\"font-weight: 400\"> Se refiere a la aplicaci\u00f3n pr\u00e1ctica del conocimiento cient\u00edfico para crear o mejorar tecnolog\u00edas que respondan a los retos clim\u00e1ticos. Esto puede incluir desde infraestructura verde y tecnolog\u00edas de bajo carbono hasta sistemas sostenibles pioneros.<\/span><\/li><li style=\"font-weight: 400\"><b>Innovaci\u00f3n tecnol\u00f3gica:<\/b><span style=\"font-weight: 400\"> Abarca la incorporaci\u00f3n de nuevos productos o procesos tecnol\u00f3gicos que utilicen conocimientos, materiales o herramientas innovadoras, o que representen mejoras sustanciales. Algunos ejemplos son el uso de hidr\u00f3geno verde en transporte, riego inteligente, inteligencia artificial para sistemas de alerta temprana, y herramientas tecnol\u00f3gicas como drones y mapas satelitales para monitoreo ambiental.<\/span><\/li><\/ul><p><span style=\"font-weight: 400\">El subcomponente tambi\u00e9n reconoce la importancia de los saberes ancestrales y conocimientos tradicionales, promoviendo su incorporaci\u00f3n como parte integral del desarrollo tecnol\u00f3gico en el contexto clim\u00e1tico.<\/span><\/p>\t\t\t\t\t\t\t\t<\/div>\n\t\t\t\t<\/div>\n\t\t\t\t\t<\/div>\n\t\t\t\t<\/div>\n\t\t<div class=\"elementor-element elementor-element-1f26c29 e-flex e-con-boxed e-con e-parent\" data-id=\"1f26c29\" data-element_type=\"container\">\n\t\t\t\t\t<div class=\"e-con-inner\">\n\t\t<div class=\"elementor-element elementor-element-9ab5519 e-con-full e-flex e-con e-child\" data-id=\"9ab5519\" data-element_type=\"container\">\n\t\t<div class=\"elementor-element elementor-element-027d730 e-con-full e-flex e-con e-child\" data-id=\"027d730\" data-element_type=\"container\">\n\t\t\t\t<div class=\"elementor-element elementor-element-1e5cf17 elementor-widget elementor-widget-image\" data-id=\"1e5cf17\" data-element_type=\"widget\" data-widget_type=\"image.default\">\n\t\t\t\t<div class=\"elementor-widget-container\">\n\t\t\t\t\t\t\t\t\t\t\t\t\t\t\t<img decoding=\"async\" width=\"2048\" height=\"1152\" src=\"https:\/\/rncc.ambiente.gob.ec\/rncc\/wp-content\/uploads\/2025\/03\/1717469667012.jpeg\" class=\"attachment-full size-full wp-image-8781\" alt=\"\" srcset=\"https:\/\/rncc.ambiente.gob.ec\/rncc\/wp-content\/uploads\/2025\/03\/1717469667012.jpeg 2048w, https:\/\/rncc.ambiente.gob.ec\/rncc\/wp-content\/uploads\/2025\/03\/1717469667012-300x169.jpeg 300w, https:\/\/rncc.ambiente.gob.ec\/rncc\/wp-content\/uploads\/2025\/03\/1717469667012-1024x576.jpeg 1024w, https:\/\/rncc.ambiente.gob.ec\/rncc\/wp-content\/uploads\/2025\/03\/1717469667012-768x432.jpeg 768w, https:\/\/rncc.ambiente.gob.ec\/rncc\/wp-content\/uploads\/2025\/03\/1717469667012-1536x864.jpeg 1536w\" sizes=\"(max-width: 2048px) 100vw, 2048px\" \/>\t\t\t\t\t\t\t\t\t\t\t\t\t\t\t<\/div>\n\t\t\t\t<\/div>\n\t\t\t\t<\/div>\n\t\t<div class=\"elementor-element elementor-element-121d056 e-con-full e-flex e-con e-child\" data-id=\"121d056\" data-element_type=\"container\">\n\t\t\t\t<div class=\"elementor-element elementor-element-935ae17 elementor-widget elementor-widget-image\" data-id=\"935ae17\" data-element_type=\"widget\" data-widget_type=\"image.default\">\n\t\t\t\t<div class=\"elementor-widget-container\">\n\t\t\t\t\t\t\t\t\t\t\t\t\t\t\t<img loading=\"lazy\" decoding=\"async\" width=\"2560\" height=\"1920\" src=\"https:\/\/rncc.ambiente.gob.ec\/rncc\/wp-content\/uploads\/2025\/02\/Foto-grupal-de-los-graduados-IMG_2299-scaled.jpg\" class=\"attachment-full size-full wp-image-8384\" alt=\"\" srcset=\"https:\/\/rncc.ambiente.gob.ec\/rncc\/wp-content\/uploads\/2025\/02\/Foto-grupal-de-los-graduados-IMG_2299-scaled.jpg 2560w, https:\/\/rncc.ambiente.gob.ec\/rncc\/wp-content\/uploads\/2025\/02\/Foto-grupal-de-los-graduados-IMG_2299-300x225.jpg 300w, https:\/\/rncc.ambiente.gob.ec\/rncc\/wp-content\/uploads\/2025\/02\/Foto-grupal-de-los-graduados-IMG_2299-1024x768.jpg 1024w, https:\/\/rncc.ambiente.gob.ec\/rncc\/wp-content\/uploads\/2025\/02\/Foto-grupal-de-los-graduados-IMG_2299-768x576.jpg 768w, https:\/\/rncc.ambiente.gob.ec\/rncc\/wp-content\/uploads\/2025\/02\/Foto-grupal-de-los-graduados-IMG_2299-1536x1152.jpg 1536w\" sizes=\"(max-width: 2560px) 100vw, 2560px\" \/>\t\t\t\t\t\t\t\t\t\t\t\t\t\t\t<\/div>\n\t\t\t\t<\/div>\n\t\t\t\t<\/div>\n\t\t<div class=\"elementor-element elementor-element-c107afa e-con-full e-flex e-con e-child\" data-id=\"c107afa\" data-element_type=\"container\">\n\t\t\t\t<div class=\"elementor-element elementor-element-475164a elementor-widget elementor-widget-image\" data-id=\"475164a\" data-element_type=\"widget\" data-widget_type=\"image.default\">\n\t\t\t\t<div class=\"elementor-widget-container\">\n\t\t\t\t\t\t\t\t\t\t\t\t\t\t\t<img loading=\"lazy\" decoding=\"async\" width=\"800\" height=\"534\" src=\"https:\/\/rncc.ambiente.gob.ec\/rncc\/wp-content\/uploads\/2025\/02\/Copia-de-Rosa-Idalina-Intriago-1024x683.jpg\" class=\"attachment-large size-large wp-image-8386\" alt=\"\" srcset=\"https:\/\/rncc.ambiente.gob.ec\/rncc\/wp-content\/uploads\/2025\/02\/Copia-de-Rosa-Idalina-Intriago-1024x683.jpg 1024w, https:\/\/rncc.ambiente.gob.ec\/rncc\/wp-content\/uploads\/2025\/02\/Copia-de-Rosa-Idalina-Intriago-300x200.jpg 300w, https:\/\/rncc.ambiente.gob.ec\/rncc\/wp-content\/uploads\/2025\/02\/Copia-de-Rosa-Idalina-Intriago-768x513.jpg 768w, https:\/\/rncc.ambiente.gob.ec\/rncc\/wp-content\/uploads\/2025\/02\/Copia-de-Rosa-Idalina-Intriago-1536x1025.jpg 1536w, https:\/\/rncc.ambiente.gob.ec\/rncc\/wp-content\/uploads\/2025\/02\/Copia-de-Rosa-Idalina-Intriago-scaled.jpg 2560w\" sizes=\"(max-width: 800px) 100vw, 800px\" \/>\t\t\t\t\t\t\t\t\t\t\t\t\t\t\t<\/div>\n\t\t\t\t<\/div>\n\t\t\t\t<\/div>\n\t\t<div class=\"elementor-element elementor-element-58bed60 e-con-full e-flex e-con e-child\" data-id=\"58bed60\" data-element_type=\"container\">\n\t\t\t\t<div class=\"elementor-element elementor-element-1b2d529 elementor-widget elementor-widget-image\" data-id=\"1b2d529\" data-element_type=\"widget\" data-widget_type=\"image.default\">\n\t\t\t\t<div class=\"elementor-widget-container\">\n\t\t\t\t\t\t\t\t\t\t\t\t\t\t\t<img loading=\"lazy\" decoding=\"async\" width=\"295\" height=\"400\" src=\"https:\/\/rncc.ambiente.gob.ec\/rncc\/wp-content\/uploads\/2025\/03\/image-11-3.png\" class=\"attachment-full size-full wp-image-9516\" alt=\"\" srcset=\"https:\/\/rncc.ambiente.gob.ec\/rncc\/wp-content\/uploads\/2025\/03\/image-11-3.png 295w, https:\/\/rncc.ambiente.gob.ec\/rncc\/wp-content\/uploads\/2025\/03\/image-11-3-221x300.png 221w\" sizes=\"(max-width: 295px) 100vw, 295px\" \/>\t\t\t\t\t\t\t\t\t\t\t\t\t\t\t<\/div>\n\t\t\t\t<\/div>\n\t\t\t\t<\/div>\n\t\t\t\t<\/div>\n\t\t\t\t\t<\/div>\n\t\t\t\t<\/div>\n\t\t<div class=\"elementor-element elementor-element-2a5d124 elementor-hidden-desktop elementor-hidden-tablet elementor-hidden-mobile e-flex e-con-boxed e-con e-parent\" data-id=\"2a5d124\" data-element_type=\"container\">\n\t\t\t\t\t<div class=\"e-con-inner\">\n\t\t<div class=\"elementor-element elementor-element-f03e9be e-con-full e-flex e-con e-child\" data-id=\"f03e9be\" data-element_type=\"container\" data-settings=\"{&quot;background_background&quot;:&quot;classic&quot;}\">\n\t\t\t\t<div class=\"elementor-element elementor-element-e2e17a7 elementor-widget elementor-widget-heading\" data-id=\"e2e17a7\" data-element_type=\"widget\" data-widget_type=\"heading.default\">\n\t\t\t\t<div class=\"elementor-widget-container\">\n\t\t\t\t\t<h2 class=\"elementor-heading-title elementor-size-default\">Places of Interest<\/h2>\t\t\t\t<\/div>\n\t\t\t\t<\/div>\n\t\t<div class=\"elementor-element elementor-element-bfb8d95 e-con-full e-flex e-con e-child\" data-id=\"bfb8d95\" data-element_type=\"container\">\n\t\t<div class=\"elementor-element elementor-element-a58153f e-con-full e-flex e-con e-child\" data-id=\"a58153f\" data-element_type=\"container\">\n\t\t\t\t<div class=\"elementor-element elementor-element-d25ea59 elementor-widget elementor-widget-image\" data-id=\"d25ea59\" data-element_type=\"widget\" data-widget_type=\"image.default\">\n\t\t\t\t<div class=\"elementor-widget-container\">\n\t\t\t\t\t\t\t\t\t\t\t\t\t\t\t<img loading=\"lazy\" decoding=\"async\" width=\"284\" height=\"130\" src=\"https:\/\/rncc.ambiente.gob.ec\/rncc\/wp-content\/uploads\/2025\/02\/image-1-1-1.png\" class=\"attachment-large size-large wp-image-3195\" alt=\"\" \/>\t\t\t\t\t\t\t\t\t\t\t\t\t\t\t<\/div>\n\t\t\t\t<\/div>\n\t\t\t\t<\/div>\n\t\t<div class=\"elementor-element elementor-element-99a5cbd e-con-full e-flex e-con e-child\" data-id=\"99a5cbd\" data-element_type=\"container\">\n\t\t\t\t<div class=\"elementor-element elementor-element-f765337 elementor-widget elementor-widget-image\" data-id=\"f765337\" data-element_type=\"widget\" data-widget_type=\"image.default\">\n\t\t\t\t<div class=\"elementor-widget-container\">\n\t\t\t\t\t\t\t\t\t\t\t\t\t\t\t<img loading=\"lazy\" decoding=\"async\" width=\"284\" height=\"130\" src=\"https:\/\/rncc.ambiente.gob.ec\/rncc\/wp-content\/uploads\/2025\/02\/Group-1707479086.png\" class=\"attachment-large size-large wp-image-261\" alt=\"\" \/>\t\t\t\t\t\t\t\t\t\t\t\t\t\t\t<\/div>\n\t\t\t\t<\/div>\n\t\t\t\t<\/div>\n\t\t<div class=\"elementor-element elementor-element-efb9e90 e-con-full e-flex e-con e-child\" data-id=\"efb9e90\" data-element_type=\"container\">\n\t\t\t\t<div class=\"elementor-element elementor-element-5c8b3e8 elementor-widget elementor-widget-image\" data-id=\"5c8b3e8\" data-element_type=\"widget\" data-widget_type=\"image.default\">\n\t\t\t\t<div class=\"elementor-widget-container\">\n\t\t\t\t\t\t\t\t\t\t\t\t\t\t\t<img loading=\"lazy\" decoding=\"async\" width=\"284\" height=\"130\" src=\"https:\/\/rncc.ambiente.gob.ec\/rncc\/wp-content\/uploads\/2025\/02\/Frame-1984078174.png\" class=\"attachment-large size-large wp-image-279\" alt=\"\" \/>\t\t\t\t\t\t\t\t\t\t\t\t\t\t\t<\/div>\n\t\t\t\t<\/div>\n\t\t\t\t<\/div>\n\t\t<div class=\"elementor-element elementor-element-f09e668 e-con-full e-flex e-con e-child\" data-id=\"f09e668\" data-element_type=\"container\">\n\t\t\t\t<div class=\"elementor-element elementor-element-e0d98c9 elementor-widget elementor-widget-image\" data-id=\"e0d98c9\" data-element_type=\"widget\" data-widget_type=\"image.default\">\n\t\t\t\t<div class=\"elementor-widget-container\">\n\t\t\t\t\t\t\t\t\t\t\t\t\t\t\t<img loading=\"lazy\" decoding=\"async\" width=\"284\" height=\"130\" src=\"https:\/\/rncc.ambiente.gob.ec\/rncc\/wp-content\/uploads\/2025\/02\/Group-1707479087.png\" class=\"attachment-large size-large wp-image-262\" alt=\"\" \/>\t\t\t\t\t\t\t\t\t\t\t\t\t\t\t<\/div>\n\t\t\t\t<\/div>\n\t\t\t\t<\/div>\n\t\t\t\t<\/div>\n\t\t\t\t<\/div>\n\t\t\t\t\t<\/div>\n\t\t\t\t<\/div>\n\t\t<div class=\"elementor-element elementor-element-4b4b2fc e-flex e-con-boxed e-con e-parent\" data-id=\"4b4b2fc\" data-element_type=\"container\">\n\t\t\t\t\t<div class=\"e-con-inner\">\n\t\t\t\t\t<\/div>\n\t\t\t\t<\/div>\n\t\t\t\t<\/div>\n\t\t","protected":false},"excerpt":{"rendered":"<p>Medios de Implementaci\u00f3n Desarrollo y Transferencia de Tecnolog\u00eda El desarrollo y la transferencia de tecnolog\u00eda son procesos clave para enfrentar los desaf\u00edos del cambio clim\u00e1tico. Este componente comprende la creaci\u00f3n, adaptaci\u00f3n y difusi\u00f3n de soluciones tecnol\u00f3gicas que contribuyen a reducir los efectos del cambio clim\u00e1tico y fortalecer la capacidad de adaptaci\u00f3n ante sus impactos. Adem\u00e1s, [&hellip;]<\/p>\n","protected":false},"author":1,"featured_media":0,"parent":0,"menu_order":0,"comment_status":"closed","ping_status":"closed","template":"","meta":{"_monsterinsights_skip_tracking":false,"_monsterinsights_sitenote_active":false,"_monsterinsights_sitenote_note":"","_monsterinsights_sitenote_category":0,"footnotes":""},"class_list":["post-9134","page","type-page","status-publish","hentry"],"_links":{"self":[{"href":"https:\/\/rncc.ambiente.gob.ec\/rncc\/wp-json\/wp\/v2\/pages\/9134","targetHints":{"allow":["GET"]}}],"collection":[{"href":"https:\/\/rncc.ambiente.gob.ec\/rncc\/wp-json\/wp\/v2\/pages"}],"about":[{"href":"https:\/\/rncc.ambiente.gob.ec\/rncc\/wp-json\/wp\/v2\/types\/page"}],"author":[{"embeddable":true,"href":"https:\/\/rncc.ambiente.gob.ec\/rncc\/wp-json\/wp\/v2\/users\/1"}],"replies":[{"embeddable":true,"href":"https:\/\/rncc.ambiente.gob.ec\/rncc\/wp-json\/wp\/v2\/comments?post=9134"}],"version-history":[{"count":79,"href":"https:\/\/rncc.ambiente.gob.ec\/rncc\/wp-json\/wp\/v2\/pages\/9134\/revisions"}],"predecessor-version":[{"id":13647,"href":"https:\/\/rncc.ambiente.gob.ec\/rncc\/wp-json\/wp\/v2\/pages\/9134\/revisions\/13647"}],"wp:attachment":[{"href":"https:\/\/rncc.ambiente.gob.ec\/rncc\/wp-json\/wp\/v2\/media?parent=9134"}],"curies":[{"name":"wp","href":"https:\/\/api.w.org\/{rel}","templated":true}]}}