

{"id":71,"date":"2025-02-03T05:30:34","date_gmt":"2025-02-03T05:30:34","guid":{"rendered":"https:\/\/rncc.estadisticas.site\/?page_id=71"},"modified":"2025-08-15T16:50:17","modified_gmt":"2025-08-15T16:50:17","slug":"transparencia-climatica","status":"publish","type":"page","link":"https:\/\/rncc.ambiente.gob.ec\/rncc\/transparencia-climatica\/","title":{"rendered":"Transparencia clim\u00e1tica"},"content":{"rendered":"\t\t<div data-elementor-type=\"wp-page\" data-elementor-id=\"71\" class=\"elementor elementor-71\">\n\t\t\t\t<div class=\"elementor-element elementor-element-5c52366 e-flex e-con-boxed e-con e-parent\" data-id=\"5c52366\" data-element_type=\"container\" data-settings=\"{&quot;background_background&quot;:&quot;classic&quot;}\">\n\t\t\t\t\t<div class=\"e-con-inner\">\n\t\t<div class=\"elementor-element elementor-element-e6de651 e-con-full e-flex e-con e-child\" data-id=\"e6de651\" data-element_type=\"container\">\n\t\t\t\t<div class=\"elementor-element elementor-element-314ce91 elementor-widget elementor-widget-heading\" data-id=\"314ce91\" data-element_type=\"widget\" data-widget_type=\"heading.default\">\n\t\t\t\t<div class=\"elementor-widget-container\">\n\t\t\t\t\t<h2 class=\"elementor-heading-title elementor-size-default\">Transparencia Clim\u00e1tica<\/h2>\t\t\t\t<\/div>\n\t\t\t\t<\/div>\n\t\t\t\t<\/div>\n\t\t\t\t\t<\/div>\n\t\t\t\t<\/div>\n\t\t<div class=\"elementor-element elementor-element-73530fb Climate-trans e-flex e-con-boxed e-con e-parent\" data-id=\"73530fb\" data-element_type=\"container\">\n\t\t\t\t\t<div class=\"e-con-inner\">\n\t\t<div class=\"elementor-element elementor-element-681d259 e-con-full e-flex e-con e-child\" data-id=\"681d259\" data-element_type=\"container\">\n\t\t<div class=\"elementor-element elementor-element-8e1cc32 e-con-full e-flex e-con e-child\" data-id=\"8e1cc32\" data-element_type=\"container\">\n\t\t\t\t<div class=\"elementor-element elementor-element-257ff13 elementor-widget elementor-widget-image\" data-id=\"257ff13\" data-element_type=\"widget\" data-widget_type=\"image.default\">\n\t\t\t\t<div class=\"elementor-widget-container\">\n\t\t\t\t\t\t\t\t\t\t\t\t<figure class=\"wp-caption\">\n\t\t\t\t\t\t\t\t\t\t<img fetchpriority=\"high\" decoding=\"async\" width=\"629\" height=\"432\" src=\"https:\/\/rncc.ambiente.gob.ec\/rncc\/wp-content\/uploads\/2025\/02\/Group-1707479100.png\" class=\"attachment-2048x2048 size-2048x2048 wp-image-550\" alt=\"\" srcset=\"https:\/\/rncc.ambiente.gob.ec\/rncc\/wp-content\/uploads\/2025\/02\/Group-1707479100.png 629w, https:\/\/rncc.ambiente.gob.ec\/rncc\/wp-content\/uploads\/2025\/02\/Group-1707479100-300x206.png 300w\" sizes=\"(max-width: 629px) 100vw, 629px\" \/>\t\t\t\t\t\t\t\t\t\t\t<figcaption class=\"widget-image-caption wp-caption-text\"><\/figcaption>\n\t\t\t\t\t\t\t\t\t\t<\/figure>\n\t\t\t\t\t\t\t\t\t<\/div>\n\t\t\t\t<\/div>\n\t\t\t\t<\/div>\n\t\t<div class=\"elementor-element elementor-element-f5bc558 e-con-full e-flex e-con e-child\" data-id=\"f5bc558\" data-element_type=\"container\">\n\t\t\t\t<div class=\"elementor-element elementor-element-1085499 elementor-widget elementor-widget-text-editor\" data-id=\"1085499\" data-element_type=\"widget\" data-widget_type=\"text-editor.default\">\n\t\t\t\t<div class=\"elementor-widget-container\">\n\t\t\t\t\t\t\t\t\t<p><span style=\"font-weight: 400;\">La transparencia clim\u00e1tica es un proceso integral y continuo mediante el cual Ecuador reporta peri\u00f3dicamente sus acciones y necesidades para abordar el cambio clim\u00e1tico. Este proceso se refleja en las Comunicaciones Nacionales y los Reportes Bienales Transparencia formulados siguiendo lineamientos internacionales que garantizan la rendici\u00f3n de cuentas y el cumplimiento de los objetivos estipulados en el Acuerdo de Par\u00eds.<\/span><\/p><p><span style=\"font-weight: 400;\">Este enfoque asegura que Ecuador no solo informe sobre las acciones emprendidas, sino que tambi\u00e9n eval\u00fae sus avances y defina sus necesidades futuras, promoviendo un marco de confianza y colaboraci\u00f3n con la comunidad internacional.<\/span><\/p>\t\t\t\t\t\t\t\t<\/div>\n\t\t\t\t<\/div>\n\t\t\t\t<\/div>\n\t\t\t\t<\/div>\n\t\t<div class=\"elementor-element elementor-element-b6bce31 e-con-full e-flex e-con e-child\" data-id=\"b6bce31\" data-element_type=\"container\">\n\t\t\t\t<div class=\"elementor-element elementor-element-3ff07fd elementor-widget elementor-widget-text-editor\" data-id=\"3ff07fd\" data-element_type=\"widget\" data-widget_type=\"text-editor.default\">\n\t\t\t\t<div class=\"elementor-widget-container\">\n\t\t\t\t\t\t\t\t\t<p><b>Un camino para alcanzar una verdadera acci\u00f3n clim\u00e1tica<\/b><\/p><p><span style=\"font-weight: 400;\">Debido a los cada vez m\u00e1s evidentes impactos del cambio clim\u00e1tico antropog\u00e9nico, los pa\u00edses del mundo se congregaron entorno a la Convenci\u00f3n Marco de las Naciones Unidas sobre Cambio Clim\u00e1tico para alcanzar compromisos y frenar esta problem\u00e1tica global.<\/span><\/p><p><span style=\"font-weight: 400;\">Sin embargo, desde hace d\u00e9cadas, la comunidad internacional ha comprendido que para enfrentar el cambio clim\u00e1tico no basta con establecer compromisos; es fundamental desarrollar las herramientas necesarias para constatar su cumplimiento.<\/span><\/p><p><span style=\"font-weight: 400;\">En este sentido, la transparencia clim\u00e1tica ha sido el pilar sobre el cual se han construido los acuerdos internacionales, permitiendo medir los avances, identificar las brechas y fortalecer la confianza entre naciones.<\/span><\/p>\t\t\t\t\t\t\t\t<\/div>\n\t\t\t\t<\/div>\n\t\t\t\t<div class=\"elementor-element elementor-element-0a726f4 elementor-widget elementor-widget-image\" data-id=\"0a726f4\" data-element_type=\"widget\" data-widget_type=\"image.default\">\n\t\t\t\t<div class=\"elementor-widget-container\">\n\t\t\t\t\t\t\t\t\t\t\t\t\t\t\t<img decoding=\"async\" width=\"1755\" height=\"1241\" src=\"https:\/\/rncc.ambiente.gob.ec\/rncc\/wp-content\/uploads\/2025\/08\/TRANSPARENCIA.png\" class=\"attachment-full size-full wp-image-12386\" alt=\"\" srcset=\"https:\/\/rncc.ambiente.gob.ec\/rncc\/wp-content\/uploads\/2025\/08\/TRANSPARENCIA.png 1755w, https:\/\/rncc.ambiente.gob.ec\/rncc\/wp-content\/uploads\/2025\/08\/TRANSPARENCIA-300x212.png 300w, https:\/\/rncc.ambiente.gob.ec\/rncc\/wp-content\/uploads\/2025\/08\/TRANSPARENCIA-1024x724.png 1024w, https:\/\/rncc.ambiente.gob.ec\/rncc\/wp-content\/uploads\/2025\/08\/TRANSPARENCIA-768x543.png 768w, https:\/\/rncc.ambiente.gob.ec\/rncc\/wp-content\/uploads\/2025\/08\/TRANSPARENCIA-1536x1086.png 1536w\" sizes=\"(max-width: 1755px) 100vw, 1755px\" \/>\t\t\t\t\t\t\t\t\t\t\t\t\t\t\t<\/div>\n\t\t\t\t<\/div>\n\t\t<div class=\"elementor-element elementor-element-a6ab0c0 e-con-full e-flex e-con e-child\" data-id=\"a6ab0c0\" data-element_type=\"container\">\n\t\t\t\t<div class=\"elementor-element elementor-element-73c686c elementor-widget elementor-widget-text-editor\" data-id=\"73c686c\" data-element_type=\"widget\" data-widget_type=\"text-editor.default\">\n\t\t\t\t<div class=\"elementor-widget-container\">\n\t\t\t\t\t\t\t\t\t<p><b>Los Reportes Nacionales: El veh\u00edculo para alcanzar la transparencia clim\u00e1tica<\/b><\/p><p><span style=\"font-weight: 400;\">Los Reportes Nacionales son el principal mecanismo mediante el cual los pa\u00edses implementan el Marco Reforzado de Transparencia (MRT) del Acuerdo de Par\u00eds. A trav\u00e9s de ellos, las Partes comunican de forma estructurada sus esfuerzos para enfrentar el cambio clim\u00e1tico, incluyendo informaci\u00f3n sobre emisiones de gases de efecto invernadero, mitigaci\u00f3n y adaptaci\u00f3n al cambio clim\u00e1tico, financiamiento, transferencia tecnol\u00f3gica y desarrollo de capacidades. Estos informes operan como el veh\u00edculo formal que permite evaluar el progreso, facilitar la rendici\u00f3n de cuentas y promover la confianza entre pa\u00edses.<\/span><\/p><p><span style=\"font-weight: 400;\">Los Reportes Nacionales presentados por los pa\u00edses a la Convenci\u00f3n Marco de las Naciones Unidas sobre Cambio Clim\u00e1tico (CMNUCC) se estructuran en tres tipos principales: las Comunicaciones Nacionales (CN), los Informes Bienales de Actualizaci\u00f3n (IBA) y los Reportes Bienales de Transparencia (BTR,\u00a0 por sus siglas en ingl\u00e9s).<\/span><\/p><ul><li style=\"font-weight: 400;\" aria-level=\"1\"><b>Comunicaciones Nacionales:<\/b><span style=\"font-weight: 400;\"> Son reportes integrales que incluyen inventarios de emisiones de gases de efecto invernadero (GEI), pol\u00edticas y acciones de mitigaci\u00f3n y adaptaci\u00f3n al cambio clim\u00e1tico, circunstancias nacionales, transferencia de tecnolog\u00eda, educaci\u00f3n y sensibilizaci\u00f3n clim\u00e1tica, apoyo recibido y necesidades identificadas. En el caso de los pa\u00edses en desarrollo, la frecuencia de presentaci\u00f3n depende del financiamiento disponible, con una periodicidad aproximada de cuatro a\u00f1os.<\/span><\/li><li style=\"font-weight: 400;\" aria-level=\"1\"><b>Informes Bienales de Actualizaci\u00f3n:<\/b><span style=\"font-weight: 400;\"> Estos informes fueron dise\u00f1ados como un mecanismo transitorio en el marco de la CMNUCC, con el objetivo de aumentar la frecuencia del reporte de informaci\u00f3n por parte de los pa\u00edses en desarrollo. Se centran en inventarios de GEI, medidas de mitigaci\u00f3n adoptadas, apoyo recibido y necesidades de financiamiento, con una periodicidad esperada de dos a\u00f1os.<\/span><\/li><li style=\"font-weight: 400;\" aria-level=\"1\"><b>Reportes Bienales de Transparencia:<\/b><span style=\"font-weight: 400;\"> Instrumento mediante el cual las Partes del Acuerdo de Par\u00eds informan, cada dos a\u00f1os, sobre el progreso en la implementaci\u00f3n de sus compromisos clim\u00e1ticos. Su elaboraci\u00f3n responde a lo establecido en el Art\u00edculo 13 del Acuerdo, que crea un marco reforzado de transparencia para la acci\u00f3n y el apoyo. Incluye informaci\u00f3n sobre inventarios de gases de efecto invernadero, avances en las Contribuciones Determinadas a Nivel Nacional (NDC), adaptaci\u00f3n al cambio clim\u00e1tico, apoyo recibido y prestado, adaptaci\u00f3n al cambio clim\u00e1tico y p\u00e9rdidas y da\u00f1os atribuidos al cambio clim\u00e1tico.<\/span><\/li><\/ul><p><span style=\"font-weight: 400;\">Para pa\u00edses como Ecuador, estos reportes no solo representan un compromiso con la CMNUCC, sino tambi\u00e9n una herramienta estrat\u00e9gica para orientar la planificaci\u00f3n con base en evidencia, mejorar la toma de decisiones y potenciar la acci\u00f3n clim\u00e1tica nacional. Al mismo tiempo, constituyen un pilar fundamental para la consolidaci\u00f3n de sistemas nacionales de transparencia clim\u00e1tica, como el Registro Nacional de Cambio Clim\u00e1tico, estableciendo requerimientos minimos de informaci\u00f3n y estandares de calidad y de desarrollo metodol\u00f3gico.<\/span><\/p>\t\t\t\t\t\t\t\t<\/div>\n\t\t\t\t<\/div>\n\t\t\t\t<\/div>\n\t\t\t\t<\/div>\n\t\t\t\t\t<\/div>\n\t\t\t\t<\/div>\n\t\t<div class=\"elementor-element elementor-element-e32b7d8 e-flex e-con-boxed e-con e-parent\" data-id=\"e32b7d8\" data-element_type=\"container\">\n\t\t\t\t\t<div class=\"e-con-inner\">\n\t\t\t\t<div class=\"elementor-element elementor-element-8d2e24a elementor-widget elementor-widget-image\" data-id=\"8d2e24a\" data-element_type=\"widget\" data-widget_type=\"image.default\">\n\t\t\t\t<div class=\"elementor-widget-container\">\n\t\t\t\t\t\t\t\t\t\t\t\t\t\t\t<img decoding=\"async\" width=\"3510\" height=\"2482\" src=\"https:\/\/rncc.ambiente.gob.ec\/rncc\/wp-content\/uploads\/2025\/08\/MTR.png\" class=\"attachment-full size-full wp-image-12588\" alt=\"\" srcset=\"https:\/\/rncc.ambiente.gob.ec\/rncc\/wp-content\/uploads\/2025\/08\/MTR.png 3510w, https:\/\/rncc.ambiente.gob.ec\/rncc\/wp-content\/uploads\/2025\/08\/MTR-300x212.png 300w, https:\/\/rncc.ambiente.gob.ec\/rncc\/wp-content\/uploads\/2025\/08\/MTR-1024x724.png 1024w, https:\/\/rncc.ambiente.gob.ec\/rncc\/wp-content\/uploads\/2025\/08\/MTR-768x543.png 768w, https:\/\/rncc.ambiente.gob.ec\/rncc\/wp-content\/uploads\/2025\/08\/MTR-1536x1086.png 1536w, https:\/\/rncc.ambiente.gob.ec\/rncc\/wp-content\/uploads\/2025\/08\/MTR-2048x1448.png 2048w\" sizes=\"(max-width: 3510px) 100vw, 3510px\" \/>\t\t\t\t\t\t\t\t\t\t\t\t\t\t\t<\/div>\n\t\t\t\t<\/div>\n\t\t\t\t\t<\/div>\n\t\t\t\t<\/div>\n\t\t<div class=\"elementor-element elementor-element-2834ecd e-flex e-con-boxed e-con e-parent\" data-id=\"2834ecd\" data-element_type=\"container\">\n\t\t\t\t\t<div class=\"e-con-inner\">\n\t\t<div class=\"elementor-element elementor-element-7fe27c1 e-con-full e-flex e-con e-child\" data-id=\"7fe27c1\" data-element_type=\"container\">\n\t\t\t\t<div class=\"elementor-element elementor-element-b46597c migration-img-cursoral-2 elementor-widget elementor-widget-elementskit-testimonial\" data-id=\"b46597c\" data-element_type=\"widget\" data-widget_type=\"elementskit-testimonial.default\">\n\t\t\t\t<div class=\"elementor-widget-container\">\n\t\t\t\t\t<div class=\"ekit-wid-con\" ><div class=\"elementskit-testimonial-slider arrow_inside \" data-config=\"{&quot;rtl&quot;:false,&quot;arrows&quot;:false,&quot;dots&quot;:false,&quot;pauseOnHover&quot;:true,&quot;autoplay&quot;:false,&quot;speed&quot;:1000,&quot;slidesPerGroup&quot;:1,&quot;slidesPerView&quot;:4,&quot;loop&quot;:true,&quot;spaceBetween&quot;:18,&quot;breakpoints&quot;:{&quot;320&quot;:{&quot;slidesPerView&quot;:1,&quot;slidesPerGroup&quot;:1,&quot;spaceBetween&quot;:10},&quot;768&quot;:{&quot;slidesPerView&quot;:2,&quot;slidesPerGroup&quot;:1,&quot;spaceBetween&quot;:10},&quot;1024&quot;:{&quot;slidesPerView&quot;:4,&quot;slidesPerGroup&quot;:1,&quot;spaceBetween&quot;:18}}}\">\n\t<div class=\"ekit-main-swiper swiper\">\n\t\t<div class=\"swiper-wrapper\">\n\t\t\t\t\t\t<div class=\"swiper-slide\">\n\t\t\t\t<div class=\"swiper-slide-inner\">\n\t\t\t\t\t<a class=\"elementskit-testimonial-inner\" href=\"http:\/\/certificacionpuntoverde.ambiente.gob.ec\/libraries\/EAlfresco.php\/?doc=72b3fe5e-5a3d-4474-8417-9031322e6c11\" target=\"_blank\">\n\t\t\t\t\t\t<div class=\"elementskit-single-testimonial-slider  ekit_testimonial_style_2\">\n\t\t\t\t\t\t\t<div class=\"elementskit-commentor-content\">\n\t\t\t\t\t\t\t\t\t\t\t\t\t\t\t\t\t<div class=\"elementskit-client_logo\">\n\t\t\t\t\t\t\t\t\t\t\t\t\t\t\t\t\t\t\t\t<img loading=\"lazy\" decoding=\"async\" width=\"1280\" height=\"720\" src=\"https:\/\/rncc.ambiente.gob.ec\/rncc\/wp-content\/uploads\/2025\/06\/Portada-CICC.png\" class=\"elementskit-testimonial-client-logo\" alt=\"\" srcset=\"https:\/\/rncc.ambiente.gob.ec\/rncc\/wp-content\/uploads\/2025\/06\/Portada-CICC.png 1280w, https:\/\/rncc.ambiente.gob.ec\/rncc\/wp-content\/uploads\/2025\/06\/Portada-CICC-300x169.png 300w, https:\/\/rncc.ambiente.gob.ec\/rncc\/wp-content\/uploads\/2025\/06\/Portada-CICC-1024x576.png 1024w, https:\/\/rncc.ambiente.gob.ec\/rncc\/wp-content\/uploads\/2025\/06\/Portada-CICC-768x432.png 768w\" sizes=\"(max-width: 1280px) 100vw, 1280px\" \/>\t\t\t\t\t\t\t\t\t<\/div>\n\t\t\t\t\t\t\t\t\t\t\t\t\t\t\t\t\t\t\t\t\t\t\t\t<span class=\"elementskit-profile-info\">\n\t\t\t\t\t\t\t\t\t<strong class=\"elementskit-author-name\"><\/strong>\n\t\t\t\t\t\t\t\t\t<span class=\"elementskit-author-des\">Resoluci\u00f3n Comit\u00e9 Interinstitucional de Cambio Clim\u00e1tico 003-2024-CICC<\/span>\n\t\t\t\t\t\t\t\t<\/span>\n\t\t\t\t\t\t\t<\/div>\n\t\t\t\t\t\t\t\t\t\t\t\t\t\t\t<div class=\"elementskit-watermark-icon \">\n\t\t\t\t\t\t\t\t\t\t\t\t\t\t\t\t\t<\/div>\n\t\t\t\t\t\t\t\t\t\t\t\t\t<\/div>\n\t\t\t\t\t<\/a>\n\t\t\t\t<\/div>\n\t\t\t<\/div>\n\t\t\t\t\t\t<div class=\"swiper-slide\">\n\t\t\t\t<div class=\"swiper-slide-inner\">\n\t\t\t\t\t<a class=\"elementskit-testimonial-inner\" href=\"http:\/\/certificacionpuntoverde.ambiente.gob.ec\/libraries\/EAlfresco.php\/?doc=efd7340e-d301-46e1-887a-35afe8fba890\" target=\"_blank\">\n\t\t\t\t\t\t<div class=\"elementskit-single-testimonial-slider  ekit_testimonial_style_2\">\n\t\t\t\t\t\t\t<div class=\"elementskit-commentor-content\">\n\t\t\t\t\t\t\t\t\t\t\t\t\t\t\t\t\t<div class=\"elementskit-client_logo\">\n\t\t\t\t\t\t\t\t\t\t\t\t\t\t\t\t\t\t\t\t<img loading=\"lazy\" decoding=\"async\" width=\"600\" height=\"846\" src=\"https:\/\/rncc.ambiente.gob.ec\/rncc\/wp-content\/uploads\/2025\/06\/Proyecto-CBIT-1.png\" class=\"elementskit-testimonial-client-logo\" alt=\"\" srcset=\"https:\/\/rncc.ambiente.gob.ec\/rncc\/wp-content\/uploads\/2025\/06\/Proyecto-CBIT-1.png 600w, https:\/\/rncc.ambiente.gob.ec\/rncc\/wp-content\/uploads\/2025\/06\/Proyecto-CBIT-1-213x300.png 213w\" sizes=\"(max-width: 600px) 100vw, 600px\" \/>\t\t\t\t\t\t\t\t\t<\/div>\n\t\t\t\t\t\t\t\t\t\t\t\t\t\t\t\t\t\t\t\t\t\t\t\t<span class=\"elementskit-profile-info\">\n\t\t\t\t\t\t\t\t\t<strong class=\"elementskit-author-name\"><\/strong>\n\t\t\t\t\t\t\t\t\t<span class=\"elementskit-author-des\">Brochure del Proyecto<\/span>\n\t\t\t\t\t\t\t\t<\/span>\n\t\t\t\t\t\t\t<\/div>\n\t\t\t\t\t\t\t\t\t\t\t\t\t\t\t<div class=\"elementskit-watermark-icon \">\n\t\t\t\t\t\t\t\t\t\t\t\t\t\t\t\t\t<\/div>\n\t\t\t\t\t\t\t\t\t\t\t\t\t<\/div>\n\t\t\t\t\t<\/a>\n\t\t\t\t<\/div>\n\t\t\t<\/div>\n\t\t\t\t\t\t<div class=\"swiper-slide\">\n\t\t\t\t<div class=\"swiper-slide-inner\">\n\t\t\t\t\t<a class=\"elementskit-testimonial-inner\" href=\"http:\/\/certificacionpuntoverde.ambiente.gob.ec\/libraries\/EAlfresco.php\/?doc=513068e9-b22a-404f-9cdb-bc76829665ca\" target=\"_blank\">\n\t\t\t\t\t\t<div class=\"elementskit-single-testimonial-slider  ekit_testimonial_style_2\">\n\t\t\t\t\t\t\t<div class=\"elementskit-commentor-content\">\n\t\t\t\t\t\t\t\t\t\t\t\t\t\t\t\t\t<div class=\"elementskit-client_logo\">\n\t\t\t\t\t\t\t\t\t\t\t\t\t\t\t\t\t\t\t\t<img loading=\"lazy\" decoding=\"async\" width=\"605\" height=\"819\" src=\"https:\/\/rncc.ambiente.gob.ec\/rncc\/wp-content\/uploads\/2025\/06\/RCOA.png\" class=\"elementskit-testimonial-client-logo\" alt=\"\" srcset=\"https:\/\/rncc.ambiente.gob.ec\/rncc\/wp-content\/uploads\/2025\/06\/RCOA.png 605w, https:\/\/rncc.ambiente.gob.ec\/rncc\/wp-content\/uploads\/2025\/06\/RCOA-222x300.png 222w\" sizes=\"(max-width: 605px) 100vw, 605px\" \/>\t\t\t\t\t\t\t\t\t<\/div>\n\t\t\t\t\t\t\t\t\t\t\t\t\t\t\t\t\t\t\t\t\t\t\t\t<span class=\"elementskit-profile-info\">\n\t\t\t\t\t\t\t\t\t<strong class=\"elementskit-author-name\"><\/strong>\n\t\t\t\t\t\t\t\t\t<span class=\"elementskit-author-des\">Reglamento del Codigo Org\u00e1nico del Ambiente<\/span>\n\t\t\t\t\t\t\t\t<\/span>\n\t\t\t\t\t\t\t<\/div>\n\t\t\t\t\t\t\t\t\t\t\t\t\t\t\t<div class=\"elementskit-watermark-icon \">\n\t\t\t\t\t\t\t\t\t\t\t\t\t\t\t\t\t<\/div>\n\t\t\t\t\t\t\t\t\t\t\t\t\t<\/div>\n\t\t\t\t\t<\/a>\n\t\t\t\t<\/div>\n\t\t\t<\/div>\n\t\t\t\t\t\t<div class=\"swiper-slide\">\n\t\t\t\t<div class=\"swiper-slide-inner\">\n\t\t\t\t\t<a class=\"elementskit-testimonial-inner\" href=\"http:\/\/certificacionpuntoverde.ambiente.gob.ec\/libraries\/EAlfresco.php\/?doc=ea591a0a-4e5a-4cbc-a074-ba37c480f8ff\" target=\"_blank\">\n\t\t\t\t\t\t<div class=\"elementskit-single-testimonial-slider  ekit_testimonial_style_2\">\n\t\t\t\t\t\t\t<div class=\"elementskit-commentor-content\">\n\t\t\t\t\t\t\t\t\t\t\t\t\t\t\t\t\t<div class=\"elementskit-client_logo\">\n\t\t\t\t\t\t\t\t\t\t\t\t\t\t\t\t\t\t\t\t<img loading=\"lazy\" decoding=\"async\" width=\"589\" height=\"780\" src=\"https:\/\/rncc.ambiente.gob.ec\/rncc\/wp-content\/uploads\/2025\/06\/registro-oficial.png\" class=\"elementskit-testimonial-client-logo\" alt=\"\" srcset=\"https:\/\/rncc.ambiente.gob.ec\/rncc\/wp-content\/uploads\/2025\/06\/registro-oficial.png 589w, https:\/\/rncc.ambiente.gob.ec\/rncc\/wp-content\/uploads\/2025\/06\/registro-oficial-227x300.png 227w\" sizes=\"(max-width: 589px) 100vw, 589px\" \/>\t\t\t\t\t\t\t\t\t<\/div>\n\t\t\t\t\t\t\t\t\t\t\t\t\t\t\t\t\t\t\t\t\t\t\t\t<span class=\"elementskit-profile-info\">\n\t\t\t\t\t\t\t\t\t<strong class=\"elementskit-author-name\"><\/strong>\n\t\t\t\t\t\t\t\t\t<span class=\"elementskit-author-des\">C\u00f3digo Org\u00e1nico del Ambiente<\/span>\n\t\t\t\t\t\t\t\t<\/span>\n\t\t\t\t\t\t\t<\/div>\n\t\t\t\t\t\t\t\t\t\t\t\t\t\t\t<div class=\"elementskit-watermark-icon \">\n\t\t\t\t\t\t\t\t\t\t\t\t\t\t\t\t\t<\/div>\n\t\t\t\t\t\t\t\t\t\t\t\t\t<\/div>\n\t\t\t\t\t<\/a>\n\t\t\t\t<\/div>\n\t\t\t<\/div>\n\t\t\t\t\t<\/div>\n\n\t\t\n\t\t\t<\/div>\n<\/div>\n<\/div>\t\t\t\t<\/div>\n\t\t\t\t<\/div>\n\t\t\t\t<\/div>\n\t\t\t\t\t<\/div>\n\t\t\t\t<\/div>\n\t\t\t\t<\/div>\n\t\t","protected":false},"excerpt":{"rendered":"<p>Transparencia Clim\u00e1tica La transparencia clim\u00e1tica es un proceso integral y continuo mediante el cual Ecuador reporta peri\u00f3dicamente sus acciones y necesidades para abordar el cambio clim\u00e1tico. Este proceso se refleja en las Comunicaciones Nacionales y los Reportes Bienales Transparencia formulados siguiendo lineamientos internacionales que garantizan la rendici\u00f3n de cuentas y el cumplimiento de los objetivos [&hellip;]<\/p>\n","protected":false},"author":1,"featured_media":0,"parent":0,"menu_order":0,"comment_status":"closed","ping_status":"closed","template":"","meta":{"_monsterinsights_skip_tracking":false,"_monsterinsights_sitenote_active":false,"_monsterinsights_sitenote_note":"","_monsterinsights_sitenote_category":0,"footnotes":""},"class_list":["post-71","page","type-page","status-publish","hentry"],"_links":{"self":[{"href":"https:\/\/rncc.ambiente.gob.ec\/rncc\/wp-json\/wp\/v2\/pages\/71","targetHints":{"allow":["GET"]}}],"collection":[{"href":"https:\/\/rncc.ambiente.gob.ec\/rncc\/wp-json\/wp\/v2\/pages"}],"about":[{"href":"https:\/\/rncc.ambiente.gob.ec\/rncc\/wp-json\/wp\/v2\/types\/page"}],"author":[{"embeddable":true,"href":"https:\/\/rncc.ambiente.gob.ec\/rncc\/wp-json\/wp\/v2\/users\/1"}],"replies":[{"embeddable":true,"href":"https:\/\/rncc.ambiente.gob.ec\/rncc\/wp-json\/wp\/v2\/comments?post=71"}],"version-history":[{"count":228,"href":"https:\/\/rncc.ambiente.gob.ec\/rncc\/wp-json\/wp\/v2\/pages\/71\/revisions"}],"predecessor-version":[{"id":13298,"href":"https:\/\/rncc.ambiente.gob.ec\/rncc\/wp-json\/wp\/v2\/pages\/71\/revisions\/13298"}],"wp:attachment":[{"href":"https:\/\/rncc.ambiente.gob.ec\/rncc\/wp-json\/wp\/v2\/media?parent=71"}],"curies":[{"name":"wp","href":"https:\/\/api.w.org\/{rel}","templated":true}]}}