

{"id":5705,"date":"2025-02-17T09:46:32","date_gmt":"2025-02-17T09:46:32","guid":{"rendered":"https:\/\/rncc.estadisticas.site\/?page_id=5705"},"modified":"2025-08-07T22:39:35","modified_gmt":"2025-08-07T22:39:35","slug":"convencion-marco-de-las-naciones-unidas-sobre-el-cambio-climatico-cmnucc","status":"publish","type":"page","link":"https:\/\/rncc.ambiente.gob.ec\/rncc\/convencion-marco-de-las-naciones-unidas-sobre-el-cambio-climatico-cmnucc\/","title":{"rendered":"Convenci\u00f3n Marco de las Naciones Unidas sobre el Cambio Clim\u00e1tico (CMNUCC)"},"content":{"rendered":"\t\t<div data-elementor-type=\"wp-page\" data-elementor-id=\"5705\" class=\"elementor elementor-5705\">\n\t\t\t\t<div class=\"elementor-element elementor-element-8a796ed e-flex e-con-boxed e-con e-parent\" data-id=\"8a796ed\" data-element_type=\"container\">\n\t\t\t\t\t<div class=\"e-con-inner\">\n\t\t\t\t<div class=\"elementor-element elementor-element-b653ca9 elementor-widget elementor-widget-heading\" data-id=\"b653ca9\" data-element_type=\"widget\" data-widget_type=\"heading.default\">\n\t\t\t\t<div class=\"elementor-widget-container\">\n\t\t\t\t\t<h2 class=\"elementor-heading-title elementor-size-default\">La Convenci\u00f3n Marco de las Naciones de las Naciones Unidas sobre Cambio Clim\u00e1tico (CMNUCC)<\/h2>\t\t\t\t<\/div>\n\t\t\t\t<\/div>\n\t\t\t\t<div class=\"elementor-element elementor-element-f36663c elementor-widget elementor-widget-image\" data-id=\"f36663c\" data-element_type=\"widget\" data-widget_type=\"image.default\">\n\t\t\t\t<div class=\"elementor-widget-container\">\n\t\t\t\t\t\t\t\t\t\t\t\t\t\t\t<img fetchpriority=\"high\" decoding=\"async\" width=\"800\" height=\"291\" src=\"https:\/\/rncc.ambiente.gob.ec\/rncc\/wp-content\/uploads\/2025\/02\/Rectangle-1-2-1024x372.png\" class=\"attachment-large size-large wp-image-5853\" alt=\"\" srcset=\"https:\/\/rncc.ambiente.gob.ec\/rncc\/wp-content\/uploads\/2025\/02\/Rectangle-1-2-1024x372.png 1024w, https:\/\/rncc.ambiente.gob.ec\/rncc\/wp-content\/uploads\/2025\/02\/Rectangle-1-2-300x109.png 300w, https:\/\/rncc.ambiente.gob.ec\/rncc\/wp-content\/uploads\/2025\/02\/Rectangle-1-2-768x279.png 768w, https:\/\/rncc.ambiente.gob.ec\/rncc\/wp-content\/uploads\/2025\/02\/Rectangle-1-2.png 1240w\" sizes=\"(max-width: 800px) 100vw, 800px\" \/>\t\t\t\t\t\t\t\t\t\t\t\t\t\t\t<\/div>\n\t\t\t\t<\/div>\n\t\t<div class=\"elementor-element elementor-element-75797b3 e-con-full e-flex e-con e-child\" data-id=\"75797b3\" data-element_type=\"container\">\n\t\t\t\t<div class=\"elementor-element elementor-element-b12b9bd elementor-hidden-desktop elementor-hidden-tablet elementor-hidden-mobile elementor-widget elementor-widget-heading\" data-id=\"b12b9bd\" data-element_type=\"widget\" data-widget_type=\"heading.default\">\n\t\t\t\t<div class=\"elementor-widget-container\">\n\t\t\t\t\t<h2 class=\"elementor-heading-title elementor-size-default\">\u00bfQu\u00e9 es la CMNUCC?<\/h2>\t\t\t\t<\/div>\n\t\t\t\t<\/div>\n\t\t\t\t<div class=\"elementor-element elementor-element-c17b710 elementor-widget elementor-widget-text-editor\" data-id=\"c17b710\" data-element_type=\"widget\" data-widget_type=\"text-editor.default\">\n\t\t\t\t<div class=\"elementor-widget-container\">\n\t\t\t\t\t\t\t\t\t<p><span style=\"font-weight: 400;\">La Convenci\u00f3n Marco de las Naciones Unidas sobre el Cambio Clim\u00e1tico (CMNUCC) fue adoptada en 1992 durante la Cumbre de la Tierra en R\u00edo de Janeiro, como el marco jur\u00eddico y pol\u00edtico internacional para coordinar la respuesta global frente al cambio clim\u00e1tico. Entr\u00f3 en vigor en 1994 y actualmente cuenta con 198 Partes, incluyendo todos los Estados miembros de las Naciones Unidas y la Uni\u00f3n Europea. La Convenci\u00f3n reconoce que la alteraci\u00f3n del sistema clim\u00e1tico provocada por las actividades humanas, especialmente la emisi\u00f3n de Gases de Efecto Invernadero (GEI), constituye una amenaza com\u00fan que debe ser enfrentada mediante la cooperaci\u00f3n internacional.<\/span><\/p><p><span style=\"font-weight: 400;\">Desde su origen, la Convenci\u00f3n consagra el principio de responsabilidades comunes pero diferenciadas y capacidades respectivas (CBDR, por sus siglas en ingl\u00e9s), seg\u00fan el cual todos los pa\u00edses deben contribuir a la acci\u00f3n clim\u00e1tica, pero considerando su responsabilidad hist\u00f3rica en la generaci\u00f3n del problema y su capacidad actual para abordarlo. Este principio, establecido en el art\u00edculo 3.1 de la Convenci\u00f3n, ha sido un pilar fundamental en las negociaciones internacionales desde entonces.<\/span><\/p><p><span style=\"font-weight: 400;\">A partir de 1995, las Partes se re\u00fanen anualmente en las Conferencias de las Partes (COP), el principal \u00f3rgano de decisi\u00f3n del proceso multilateral. Las COP permiten evaluar los avances alcanzados, negociar nuevos compromisos, adoptar decisiones operativas y fortalecer la implementaci\u00f3n de la Convenci\u00f3n.<\/span><\/p><p><span style=\"font-weight: 400;\">A lo largo de estas reuniones, se han logrado hitos fundamentales, como la adopci\u00f3n del Protocolo de Kioto en 1997, que estableci\u00f3 compromisos legalmente vinculantes de reducci\u00f3n de emisiones para los pa\u00edses industrializados. Posteriormente, en 2015, se aprob\u00f3 el Acuerdo de Par\u00eds, un instrumento m\u00e1s incluyente que compromete a todas las Partes a presentar sus Contribuciones Determinadas a Nivel Nacional (NDC, por sus siglas en ingl\u00e9s), abarcando acciones tanto en mitigaci\u00f3n como en adaptaci\u00f3n, entre otros componentes clave.<\/span><\/p><p><span style=\"font-weight: 400;\">El Acuerdo de Par\u00eds, en vigor desde 2016, tiene como objetivo limitar el aumento de la temperatura media global a menos de 2\u202f\u00b0C y proseguir los esfuerzos para mantenerlo por debajo de 1.5\u202f\u00b0C respecto a los niveles preindustriales. Se basa en los principios de ambici\u00f3n progresiva, transparencia y revisi\u00f3n peri\u00f3dica, manteniendo el reconocimiento de la equidad y de las capacidades diferenciadas entre pa\u00edses.<\/span><\/p><p><span style=\"font-weight: 400;\">En t\u00e9rminos operativos, la acci\u00f3n clim\u00e1tica bajo la CMNUCC se estructura en torno a cuatro ejes estrat\u00e9gicos:<\/span><\/p><ul><li style=\"font-weight: 400;\" aria-level=\"1\"><b>Mitigaci\u00f3n:<\/b><span style=\"font-weight: 400;\"> reducci\u00f3n de las emisiones de gases de efecto invernadero.<\/span><\/li><li style=\"font-weight: 400;\" aria-level=\"1\"><b>Adaptaci\u00f3n:<\/b><span style=\"font-weight: 400;\"> fortalecimiento de la resiliencia y disminuci\u00f3n del riesgo clim\u00e1tico de los sistemas humanos y naturales.<\/span><\/li><li style=\"font-weight: 400;\" aria-level=\"1\"><b>P\u00e9rdidas y da\u00f1os:<\/b><span style=\"font-weight: 400;\"> evitar, minimizar y abordar los impactos negativos del cambio clim\u00e1tico, estos pueden ser evitables o no, resultantes de eventos clim\u00e1ticos extremos o de procesos de lenta aparaci\u00f3n.<\/span><\/li><li style=\"font-weight: 400;\" aria-level=\"1\"><b>Medios de implementaci\u00f3n:<\/b><span style=\"font-weight: 400;\"> provisi\u00f3n de financiamiento clim\u00e1tico, transferencia de tecnolog\u00eda y fortalecimiento de capacidades para apoyar a los pa\u00edses en desarrollo en el cumplimiento de sus compromisos clim\u00e1ticos.<\/span><\/li><\/ul><p><span style=\"font-weight: 400;\">Ecuador, como Parte de la CMNUCC desde 1993, ha participado activamente en el proceso multilateral, reafirmando su compromiso con la acci\u00f3n clim\u00e1tica mediante la presentaci\u00f3n de su Primera NDC en 2019 y su Segunda NDC en 2025. Estas contribuciones expresan los esfuerzos del pa\u00eds por reducir sus emisiones de gases de efecto invernadero, fortalecer la resiliencia frente a los impactos del cambio clim\u00e1tico y avanzar hacia un modelo de desarrollo sostenible, en l\u00ednea con los principios de equidad, justicia clim\u00e1tica y responsabilidades comunes pero diferenciadas.<\/span><\/p><p><b>Conoce m\u00e1s en el sitio oficial de la CMNUCC: <a href=\"https:\/\/unfccc.int\/es\" target=\"_blank\" rel=\"noopener\">https:\/\/unfccc.int\/es<\/a><\/b><\/p>\t\t\t\t\t\t\t\t<\/div>\n\t\t\t\t<\/div>\n\t\t\t\t<div class=\"elementor-element elementor-element-0844170 elementor-hidden-desktop elementor-hidden-tablet elementor-hidden-mobile elementor-widget elementor-widget-heading\" data-id=\"0844170\" data-element_type=\"widget\" data-widget_type=\"heading.default\">\n\t\t\t\t<div class=\"elementor-widget-container\">\n\t\t\t\t\t<h2 class=\"elementor-heading-title elementor-size-default\">\u00bfObjetivo de la CMNUCC?<\/h2>\t\t\t\t<\/div>\n\t\t\t\t<\/div>\n\t\t\t\t<div class=\"elementor-element elementor-element-ecbbde2 elementor-hidden-desktop elementor-hidden-tablet elementor-hidden-mobile elementor-widget elementor-widget-text-editor\" data-id=\"ecbbde2\" data-element_type=\"widget\" data-widget_type=\"text-editor.default\">\n\t\t\t\t<div class=\"elementor-widget-container\">\n\t\t\t\t\t\t\t\t\t<p><span style=\"font-weight: 400;\">La CMNUCC establece un marco para que los pa\u00edses trabajen juntos en la mitigaci\u00f3n del cambio clim\u00e1tico, la adaptaci\u00f3n a sus impactos y la promoci\u00f3n de un desarrollo sostenible. Desde su entrada en vigor en 1994, ha sido un pilar para las negociaciones globales en temas de cambio clim\u00e1tico, sentando las bases de acuerdos hist\u00f3ricos como el Protocolo de Kioto y el Acuerdo de Par\u00eds.<\/span><\/p>\t\t\t\t\t\t\t\t<\/div>\n\t\t\t\t<\/div>\n\t\t\t\t<div class=\"elementor-element elementor-element-58bf627 elementor-hidden-desktop elementor-hidden-tablet elementor-hidden-mobile elementor-widget elementor-widget-heading\" data-id=\"58bf627\" data-element_type=\"widget\" data-widget_type=\"heading.default\">\n\t\t\t\t<div class=\"elementor-widget-container\">\n\t\t\t\t\t<h2 class=\"elementor-heading-title elementor-size-default\">Ecuador y la CMNUCC<\/h2>\t\t\t\t<\/div>\n\t\t\t\t<\/div>\n\t\t\t\t<div class=\"elementor-element elementor-element-1ea09dd elementor-hidden-desktop elementor-hidden-tablet elementor-hidden-mobile elementor-widget elementor-widget-text-editor\" data-id=\"1ea09dd\" data-element_type=\"widget\" data-widget_type=\"text-editor.default\">\n\t\t\t\t<div class=\"elementor-widget-container\">\n\t\t\t\t\t\t\t\t\t<p><span style=\"font-weight: 400;\">Ecuador, como parte de la CMNUCC desde 1993, ha asumido un rol activo en la lucha contra el cambio clim\u00e1tico. El pa\u00eds ha presentado compromisos claros para reducir emisiones y mejorar su capacidad de adaptaci\u00f3n, especialmente en sectores vulnerables como la agricultura, los recursos h\u00eddricos y los ecosistemas marino-costeros.<\/span><\/p><p><span style=\"font-weight: 400;\">Adem\u00e1s, Ecuador trabaja en el cumplimiento de sus Contribuciones Determinadas a Nivel Nacional (NDC), priorizando acciones como:<\/span><\/p>\t\t\t\t\t\t\t\t<\/div>\n\t\t\t\t<\/div>\n\t\t\t\t<div class=\"elementor-element elementor-element-b0bb616 elementor-hidden-desktop elementor-hidden-tablet elementor-hidden-mobile elementor-icon-list--layout-traditional elementor-list-item-link-full_width elementor-widget elementor-widget-icon-list\" data-id=\"b0bb616\" data-element_type=\"widget\" data-widget_type=\"icon-list.default\">\n\t\t\t\t<div class=\"elementor-widget-container\">\n\t\t\t\t\t\t\t<ul class=\"elementor-icon-list-items\">\n\t\t\t\t\t\t\t<li class=\"elementor-icon-list-item\">\n\t\t\t\t\t\t\t\t\t\t\t<span class=\"elementor-icon-list-icon\">\n\t\t\t\t\t\t\t<svg aria-hidden=\"true\" class=\"e-font-icon-svg e-fas-circle\" viewBox=\"0 0 512 512\" xmlns=\"http:\/\/www.w3.org\/2000\/svg\"><path d=\"M256 8C119 8 8 119 8 256s111 248 248 248 248-111 248-248S393 8 256 8z\"><\/path><\/svg>\t\t\t\t\t\t<\/span>\n\t\t\t\t\t\t\t\t\t\t<span class=\"elementor-icon-list-text\">Transici\u00f3n energ\u00e9tica hacia fuentes renovables<\/span>\n\t\t\t\t\t\t\t\t\t<\/li>\n\t\t\t\t\t\t\t\t<li class=\"elementor-icon-list-item\">\n\t\t\t\t\t\t\t\t\t\t\t<span class=\"elementor-icon-list-icon\">\n\t\t\t\t\t\t\t<svg aria-hidden=\"true\" class=\"e-font-icon-svg e-fas-circle\" viewBox=\"0 0 512 512\" xmlns=\"http:\/\/www.w3.org\/2000\/svg\"><path d=\"M256 8C119 8 8 119 8 256s111 248 248 248 248-111 248-248S393 8 256 8z\"><\/path><\/svg>\t\t\t\t\t\t<\/span>\n\t\t\t\t\t\t\t\t\t\t<span class=\"elementor-icon-list-text\">Conservaci\u00f3n de los bosques tropicales, reduciendo la deforestaci\u00f3n.<\/span>\n\t\t\t\t\t\t\t\t\t<\/li>\n\t\t\t\t\t\t\t\t<li class=\"elementor-icon-list-item\">\n\t\t\t\t\t\t\t\t\t\t\t<span class=\"elementor-icon-list-icon\">\n\t\t\t\t\t\t\t<svg aria-hidden=\"true\" class=\"e-font-icon-svg e-fas-circle\" viewBox=\"0 0 512 512\" xmlns=\"http:\/\/www.w3.org\/2000\/svg\"><path d=\"M256 8C119 8 8 119 8 256s111 248 248 248 248-111 248-248S393 8 256 8z\"><\/path><\/svg>\t\t\t\t\t\t<\/span>\n\t\t\t\t\t\t\t\t\t\t<span class=\"elementor-icon-list-text\">Fortalecimiento de las pol\u00edticas para la gesti\u00f3n sostenible del agua y la biodiversidad<\/span>\n\t\t\t\t\t\t\t\t\t<\/li>\n\t\t\t\t\t\t<\/ul>\n\t\t\t\t\t\t<\/div>\n\t\t\t\t<\/div>\n\t\t\t\t<div class=\"elementor-element elementor-element-6916b2a elementor-hidden-desktop elementor-hidden-tablet elementor-hidden-mobile elementor-widget elementor-widget-heading\" data-id=\"6916b2a\" data-element_type=\"widget\" data-widget_type=\"heading.default\">\n\t\t\t\t<div class=\"elementor-widget-container\">\n\t\t\t\t\t<h2 class=\"elementor-heading-title elementor-size-default\">\u00c1reas Clave de Trabajo de la CMNUCC<\/h2>\t\t\t\t<\/div>\n\t\t\t\t<\/div>\n\t\t\t\t<div class=\"elementor-element elementor-element-498ea52 elementor-hidden-desktop elementor-hidden-tablet elementor-hidden-mobile elementor-icon-list--layout-traditional elementor-list-item-link-full_width elementor-widget elementor-widget-icon-list\" data-id=\"498ea52\" data-element_type=\"widget\" data-widget_type=\"icon-list.default\">\n\t\t\t\t<div class=\"elementor-widget-container\">\n\t\t\t\t\t\t\t<ul class=\"elementor-icon-list-items\">\n\t\t\t\t\t\t\t<li class=\"elementor-icon-list-item\">\n\t\t\t\t\t\t\t\t\t\t\t<span class=\"elementor-icon-list-icon\">\n\t\t\t\t\t\t\t<svg aria-hidden=\"true\" class=\"e-font-icon-svg e-fas-circle\" viewBox=\"0 0 512 512\" xmlns=\"http:\/\/www.w3.org\/2000\/svg\"><path d=\"M256 8C119 8 8 119 8 256s111 248 248 248 248-111 248-248S393 8 256 8z\"><\/path><\/svg>\t\t\t\t\t\t<\/span>\n\t\t\t\t\t\t\t\t\t\t<span class=\"elementor-icon-list-text\">Mitigaci\u00f3n: Reducir las emisiones de GEI mediante la transici\u00f3n a econom\u00edas bajas en carbono.<\/span>\n\t\t\t\t\t\t\t\t\t<\/li>\n\t\t\t\t\t\t\t\t<li class=\"elementor-icon-list-item\">\n\t\t\t\t\t\t\t\t\t\t\t<span class=\"elementor-icon-list-icon\">\n\t\t\t\t\t\t\t<svg aria-hidden=\"true\" class=\"e-font-icon-svg e-fas-circle\" viewBox=\"0 0 512 512\" xmlns=\"http:\/\/www.w3.org\/2000\/svg\"><path d=\"M256 8C119 8 8 119 8 256s111 248 248 248 248-111 248-248S393 8 256 8z\"><\/path><\/svg>\t\t\t\t\t\t<\/span>\n\t\t\t\t\t\t\t\t\t\t<span class=\"elementor-icon-list-text\">Adaptaci\u00f3n: Preparar a las comunidades y los ecosistemas para enfrentar los impactos del cambio clim\u00e1tico.<\/span>\n\t\t\t\t\t\t\t\t\t<\/li>\n\t\t\t\t\t\t\t\t<li class=\"elementor-icon-list-item\">\n\t\t\t\t\t\t\t\t\t\t\t<span class=\"elementor-icon-list-icon\">\n\t\t\t\t\t\t\t<svg aria-hidden=\"true\" class=\"e-font-icon-svg e-fas-circle\" viewBox=\"0 0 512 512\" xmlns=\"http:\/\/www.w3.org\/2000\/svg\"><path d=\"M256 8C119 8 8 119 8 256s111 248 248 248 248-111 248-248S393 8 256 8z\"><\/path><\/svg>\t\t\t\t\t\t<\/span>\n\t\t\t\t\t\t\t\t\t\t<span class=\"elementor-icon-list-text\">Financiamiento clim\u00e1tico: Asegurar que los pa\u00edses en desarrollo reciban apoyo financiero para implementar acciones clim\u00e1ticas.<\/span>\n\t\t\t\t\t\t\t\t\t<\/li>\n\t\t\t\t\t\t\t\t<li class=\"elementor-icon-list-item\">\n\t\t\t\t\t\t\t\t\t\t\t<span class=\"elementor-icon-list-icon\">\n\t\t\t\t\t\t\t<svg aria-hidden=\"true\" class=\"e-font-icon-svg e-fas-circle\" viewBox=\"0 0 512 512\" xmlns=\"http:\/\/www.w3.org\/2000\/svg\"><path d=\"M256 8C119 8 8 119 8 256s111 248 248 248 248-111 248-248S393 8 256 8z\"><\/path><\/svg>\t\t\t\t\t\t<\/span>\n\t\t\t\t\t\t\t\t\t\t<span class=\"elementor-icon-list-text\">Tecnolog\u00eda y capacitaci\u00f3n: Promover la transferencia de tecnolog\u00edas limpias y el desarrollo de capacidades.<\/span>\n\t\t\t\t\t\t\t\t\t<\/li>\n\t\t\t\t\t\t<\/ul>\n\t\t\t\t\t\t<\/div>\n\t\t\t\t<\/div>\n\t\t\t\t<div class=\"elementor-element elementor-element-b166832 elementor-hidden-desktop elementor-hidden-tablet elementor-hidden-mobile elementor-widget elementor-widget-text-editor\" data-id=\"b166832\" data-element_type=\"widget\" data-widget_type=\"text-editor.default\">\n\t\t\t\t<div class=\"elementor-widget-container\">\n\t\t\t\t\t\t\t\t\t<p><span style=\"font-weight: 400;\">La CMNUCC es m\u00e1s relevante que nunca, ya que el cambio clim\u00e1tico sigue representando una de las mayores amenazas para el planeta. Este marco es un llamado a la acci\u00f3n global para proteger las generaciones futuras, reducir las desigualdades y fomentar un desarrollo inclusivo y sostenible.<\/span><\/p><p><span style=\"font-weight: 400;\">Ecuador, con su rica biodiversidad y su compromiso ambiental, desempe\u00f1a un papel crucial en estos esfuerzos, demostrando que incluso los pa\u00edses con econom\u00edas emergentes pueden liderar iniciativas clim\u00e1ticas ambiciosas<\/span><b>. Conoce m\u00e1s en: <a href=\"https:\/\/unfccc.int\/es\">https:\/\/unfccc.int\/es<\/a>\u00a0<\/b><\/p>\t\t\t\t\t\t\t\t<\/div>\n\t\t\t\t<\/div>\n\t\t\t\t<\/div>\n\t\t<div class=\"elementor-element elementor-element-719d762 e-con-full e-flex e-con e-child\" data-id=\"719d762\" data-element_type=\"container\">\n\t\t\t\t<\/div>\n\t\t\t\t\t<\/div>\n\t\t\t\t<\/div>\n\t\t<div class=\"elementor-element elementor-element-6a2ba35 e-flex e-con-boxed e-con e-parent\" data-id=\"6a2ba35\" data-element_type=\"container\">\n\t\t\t\t\t<div class=\"e-con-inner\">\n\t\t\t\t\t<\/div>\n\t\t\t\t<\/div>\n\t\t<div class=\"elementor-element elementor-element-e800532 elementor-hidden-desktop elementor-hidden-tablet elementor-hidden-mobile e-flex e-con-boxed e-con e-parent\" data-id=\"e800532\" data-element_type=\"container\">\n\t\t\t\t\t<div class=\"e-con-inner\">\n\t\t\t\t<div class=\"elementor-element elementor-element-438edcd elementor-widget elementor-widget-heading\" data-id=\"438edcd\" data-element_type=\"widget\" data-widget_type=\"heading.default\">\n\t\t\t\t<div class=\"elementor-widget-container\">\n\t\t\t\t\t<h2 class=\"elementor-heading-title elementor-size-default\">The United Nations Framework Convention on Climate Change (UNFCCC) <\/h2>\t\t\t\t<\/div>\n\t\t\t\t<\/div>\n\t\t\t\t\t<\/div>\n\t\t\t\t<\/div>\n\t\t\t\t<\/div>\n\t\t","protected":false},"excerpt":{"rendered":"<p>La Convenci\u00f3n Marco de las Naciones de las Naciones Unidas sobre Cambio Clim\u00e1tico (CMNUCC) \u00bfQu\u00e9 es la CMNUCC? La Convenci\u00f3n Marco de las Naciones Unidas sobre el Cambio Clim\u00e1tico (CMNUCC) fue adoptada en 1992 durante la Cumbre de la Tierra en R\u00edo de Janeiro, como el marco jur\u00eddico y pol\u00edtico internacional para coordinar la respuesta [&hellip;]<\/p>\n","protected":false},"author":1,"featured_media":0,"parent":0,"menu_order":0,"comment_status":"closed","ping_status":"closed","template":"","meta":{"_monsterinsights_skip_tracking":false,"_monsterinsights_sitenote_active":false,"_monsterinsights_sitenote_note":"","_monsterinsights_sitenote_category":0,"footnotes":""},"class_list":["post-5705","page","type-page","status-publish","hentry"],"_links":{"self":[{"href":"https:\/\/rncc.ambiente.gob.ec\/rncc\/wp-json\/wp\/v2\/pages\/5705","targetHints":{"allow":["GET"]}}],"collection":[{"href":"https:\/\/rncc.ambiente.gob.ec\/rncc\/wp-json\/wp\/v2\/pages"}],"about":[{"href":"https:\/\/rncc.ambiente.gob.ec\/rncc\/wp-json\/wp\/v2\/types\/page"}],"author":[{"embeddable":true,"href":"https:\/\/rncc.ambiente.gob.ec\/rncc\/wp-json\/wp\/v2\/users\/1"}],"replies":[{"embeddable":true,"href":"https:\/\/rncc.ambiente.gob.ec\/rncc\/wp-json\/wp\/v2\/comments?post=5705"}],"version-history":[{"count":120,"href":"https:\/\/rncc.ambiente.gob.ec\/rncc\/wp-json\/wp\/v2\/pages\/5705\/revisions"}],"predecessor-version":[{"id":13116,"href":"https:\/\/rncc.ambiente.gob.ec\/rncc\/wp-json\/wp\/v2\/pages\/5705\/revisions\/13116"}],"wp:attachment":[{"href":"https:\/\/rncc.ambiente.gob.ec\/rncc\/wp-json\/wp\/v2\/media?parent=5705"}],"curies":[{"name":"wp","href":"https:\/\/api.w.org\/{rel}","templated":true}]}}