

{"id":4286,"date":"2025-02-11T04:55:51","date_gmt":"2025-02-11T04:55:51","guid":{"rendered":"https:\/\/rncc.estadisticas.site\/?page_id=4286"},"modified":"2025-08-09T01:09:14","modified_gmt":"2025-08-09T01:09:14","slug":"informe","status":"publish","type":"page","link":"https:\/\/rncc.ambiente.gob.ec\/rncc\/informe\/","title":{"rendered":"Informe"},"content":{"rendered":"\t\t<div data-elementor-type=\"wp-page\" data-elementor-id=\"4286\" class=\"elementor elementor-4286\">\n\t\t\t\t<div class=\"elementor-element elementor-element-987f3c1 e-con-full e-flex e-con e-child\" data-id=\"987f3c1\" data-element_type=\"container\" data-settings=\"{&quot;background_background&quot;:&quot;classic&quot;}\">\n\t\t<div class=\"elementor-element elementor-element-7075854 e-con-full e-flex e-con e-child\" data-id=\"7075854\" data-element_type=\"container\">\n\t\t\t\t<div class=\"elementor-element elementor-element-2a85c77 elementor-widget__width-initial elementor-widget elementor-widget-heading\" data-id=\"2a85c77\" data-element_type=\"widget\" data-widget_type=\"heading.default\">\n\t\t\t\t<div class=\"elementor-widget-container\">\n\t\t\t\t\t<h1 class=\"elementor-heading-title elementor-size-default\"><a href=\"\/rncc\/que-son-los-sistemas-mrv\/\">Sistema Nacional MRV<\/a><\/h1>\t\t\t\t<\/div>\n\t\t\t\t<\/div>\n\t\t\t\t<div class=\"elementor-element elementor-element-b17990b elementor-widget elementor-widget-heading\" data-id=\"b17990b\" data-element_type=\"widget\" data-widget_type=\"heading.default\">\n\t\t\t\t<div class=\"elementor-widget-container\">\n\t\t\t\t\t<h2 class=\"elementor-heading-title elementor-size-default\">Reporte<\/h2>\t\t\t\t<\/div>\n\t\t\t\t<\/div>\n\t\t\t\t<\/div>\n\t\t\t\t<\/div>\n\t\t<div class=\"elementor-element elementor-element-5e60736 e-flex e-con-boxed e-con e-parent\" data-id=\"5e60736\" data-element_type=\"container\">\n\t\t\t\t\t<div class=\"e-con-inner\">\n\t\t<div class=\"elementor-element elementor-element-f90cdd1 e-con-full e-flex e-con e-child\" data-id=\"f90cdd1\" data-element_type=\"container\">\n\t\t<div class=\"elementor-element elementor-element-c3f104c e-con-full e-flex e-con e-child\" data-id=\"c3f104c\" data-element_type=\"container\">\n\t\t\t\t<div class=\"elementor-element elementor-element-93065b5 elementor-widget elementor-widget-image\" data-id=\"93065b5\" data-element_type=\"widget\" data-widget_type=\"image.default\">\n\t\t\t\t<div class=\"elementor-widget-container\">\n\t\t\t\t\t\t\t\t\t\t\t\t<figure class=\"wp-caption\">\n\t\t\t\t\t\t\t\t\t\t<img fetchpriority=\"high\" decoding=\"async\" width=\"629\" height=\"432\" src=\"https:\/\/rncc.ambiente.gob.ec\/rncc\/wp-content\/uploads\/2025\/02\/Group-1707479097-2.png\" class=\"attachment-2048x2048 size-2048x2048 wp-image-4290\" alt=\"\" srcset=\"https:\/\/rncc.ambiente.gob.ec\/rncc\/wp-content\/uploads\/2025\/02\/Group-1707479097-2.png 629w, https:\/\/rncc.ambiente.gob.ec\/rncc\/wp-content\/uploads\/2025\/02\/Group-1707479097-2-300x206.png 300w\" sizes=\"(max-width: 629px) 100vw, 629px\" \/>\t\t\t\t\t\t\t\t\t\t\t<figcaption class=\"widget-image-caption wp-caption-text\"><\/figcaption>\n\t\t\t\t\t\t\t\t\t\t<\/figure>\n\t\t\t\t\t\t\t\t\t<\/div>\n\t\t\t\t<\/div>\n\t\t\t\t<\/div>\n\t\t<div class=\"elementor-element elementor-element-ca33ab3 e-con-full e-flex e-con e-child\" data-id=\"ca33ab3\" data-element_type=\"container\">\n\t\t\t\t<div class=\"elementor-element elementor-element-5dee548 elementor-widget elementor-widget-text-editor\" data-id=\"5dee548\" data-element_type=\"widget\" data-widget_type=\"text-editor.default\">\n\t\t\t\t<div class=\"elementor-widget-container\">\n\t\t\t\t\t\t\t\t\t<p><span style=\"font-weight: 400;\">El Reporte (R) consiste en la consolidaci\u00f3n, an\u00e1lisis y presentaci\u00f3n oficial de la informaci\u00f3n generada a partir del proceso de medici\u00f3n. Este componente garantiza que los resultados de la acci\u00f3n clim\u00e1tica nacional sean sistematizados y comunicados de manera oportuna, transparente y trazable, tanto a nivel nacional como internacional.<\/span><\/p><p><span style=\"font-weight: 400;\">Los Reportes Bienales de Transparencia (BTR), requeridos a partir de 2024 bajo el Marco Reforzado de Transparencia del Acuerdo de Par\u00eds, son el principal instrumento de reporte a la CMNUCC. En ellos se debe incluir informaci\u00f3n sobre:<\/span><\/p>\t\t\t\t\t\t\t\t<\/div>\n\t\t\t\t<\/div>\n\t\t\t\t<\/div>\n\t\t\t\t<\/div>\n\t\t<div class=\"elementor-element elementor-element-52c0a3b e-con-full e-flex e-con e-child\" data-id=\"52c0a3b\" data-element_type=\"container\">\n\t\t<div class=\"elementor-element elementor-element-8da30b0 e-con-full e-flex e-con e-child\" data-id=\"8da30b0\" data-element_type=\"container\">\n\t\t\t\t<div class=\"elementor-element elementor-element-78097f4 elementor-widget elementor-widget-text-editor\" data-id=\"78097f4\" data-element_type=\"widget\" data-widget_type=\"text-editor.default\">\n\t\t\t\t<div class=\"elementor-widget-container\">\n\t\t\t\t\t\t\t\t\t<ul><li style=\"font-weight: 400;\" aria-level=\"1\"><span style=\"font-weight: 400;\">Emisiones y absorciones de GEI<\/span><span style=\"font-weight: 400;\"><br \/><\/span><\/li><li style=\"font-weight: 400;\" aria-level=\"1\"><span style=\"font-weight: 400;\">Avances en la implementaci\u00f3n y logro de las NDC<\/span><span style=\"font-weight: 400;\"><br \/><\/span><\/li><li style=\"font-weight: 400;\" aria-level=\"1\"><span style=\"font-weight: 400;\">Impactos del cambio clim\u00e1tico y medidas de adaptaci\u00f3n<\/span><span style=\"font-weight: 400;\"><br \/><\/span><\/li><li style=\"font-weight: 400;\" aria-level=\"1\"><span style=\"font-weight: 400;\">Apoyo financiero, tecnol\u00f3gico y en fortalecimiento de capacidades recibido, provisto y requerido<\/span><span style=\"font-weight: 400;\"><br \/><\/span><\/li><li style=\"font-weight: 400;\" aria-level=\"1\"><span style=\"font-weight: 400;\">Progreso hacia la Meta Global de Adaptaci\u00f3n<\/span><span style=\"font-weight: 400;\"><br \/><br \/><\/span><\/li><\/ul><p><span style=\"font-weight: 400;\">El proceso de reporte se basa en formatos estandarizados (Common Tabular Format \u2013 CTF y Common Reporting Tables \u2013 CRT) definidos en los MPG. El Sistema MRV del RNCC facilita la recolecci\u00f3n estructurada de esta informaci\u00f3n y su preparaci\u00f3n para ser incluida en los reportes oficiales, mejorando as\u00ed la capacidad del pa\u00eds para cumplir con sus compromisos internacionales.<\/span><\/p>\t\t\t\t\t\t\t\t<\/div>\n\t\t\t\t<\/div>\n\t\t\t\t<\/div>\n\t\t\t\t<\/div>\n\t\t\t\t\t<\/div>\n\t\t\t\t<\/div>\n\t\t<div class=\"elementor-element elementor-element-6a0d656 e-flex e-con-boxed e-con e-parent\" data-id=\"6a0d656\" data-element_type=\"container\">\n\t\t\t\t\t<div class=\"e-con-inner\">\n\t\t<div class=\"elementor-element elementor-element-d2edee2 e-con-full e-flex e-con e-child\" data-id=\"d2edee2\" data-element_type=\"container\">\n\t\t<div class=\"elementor-element elementor-element-1a6def3 e-con-full e-flex e-con e-child\" data-id=\"1a6def3\" data-element_type=\"container\">\n\t\t\t\t<div class=\"elementor-element elementor-element-f6a8572 elementor-widget elementor-widget-image\" data-id=\"f6a8572\" data-element_type=\"widget\" data-widget_type=\"image.default\">\n\t\t\t\t<div class=\"elementor-widget-container\">\n\t\t\t\t\t\t\t\t\t\t\t\t\t\t\t<img decoding=\"async\" width=\"800\" height=\"450\" src=\"https:\/\/rncc.ambiente.gob.ec\/rncc\/wp-content\/uploads\/2025\/02\/28s854-1024x576.jpg\" class=\"attachment-large size-large wp-image-8416\" alt=\"\" srcset=\"https:\/\/rncc.ambiente.gob.ec\/rncc\/wp-content\/uploads\/2025\/02\/28s854-1024x576.jpg 1024w, https:\/\/rncc.ambiente.gob.ec\/rncc\/wp-content\/uploads\/2025\/02\/28s854-300x169.jpg 300w, https:\/\/rncc.ambiente.gob.ec\/rncc\/wp-content\/uploads\/2025\/02\/28s854-768x432.jpg 768w, https:\/\/rncc.ambiente.gob.ec\/rncc\/wp-content\/uploads\/2025\/02\/28s854-1536x864.jpg 1536w, https:\/\/rncc.ambiente.gob.ec\/rncc\/wp-content\/uploads\/2025\/02\/28s854.jpg 1920w\" sizes=\"(max-width: 800px) 100vw, 800px\" \/>\t\t\t\t\t\t\t\t\t\t\t\t\t\t\t<\/div>\n\t\t\t\t<\/div>\n\t\t\t\t<\/div>\n\t\t<div class=\"elementor-element elementor-element-3c09484 e-con-full e-flex e-con e-child\" data-id=\"3c09484\" data-element_type=\"container\">\n\t\t\t\t<div class=\"elementor-element elementor-element-ae43415 elementor-widget elementor-widget-image\" data-id=\"ae43415\" data-element_type=\"widget\" data-widget_type=\"image.default\">\n\t\t\t\t<div class=\"elementor-widget-container\">\n\t\t\t\t\t\t\t\t\t\t\t\t\t\t\t<img decoding=\"async\" width=\"800\" height=\"450\" src=\"https:\/\/rncc.ambiente.gob.ec\/rncc\/wp-content\/uploads\/2025\/02\/58s756-1024x576.jpg\" class=\"attachment-large size-large wp-image-8414\" alt=\"\" srcset=\"https:\/\/rncc.ambiente.gob.ec\/rncc\/wp-content\/uploads\/2025\/02\/58s756-1024x576.jpg 1024w, https:\/\/rncc.ambiente.gob.ec\/rncc\/wp-content\/uploads\/2025\/02\/58s756-300x169.jpg 300w, https:\/\/rncc.ambiente.gob.ec\/rncc\/wp-content\/uploads\/2025\/02\/58s756-768x432.jpg 768w, https:\/\/rncc.ambiente.gob.ec\/rncc\/wp-content\/uploads\/2025\/02\/58s756-1536x864.jpg 1536w, https:\/\/rncc.ambiente.gob.ec\/rncc\/wp-content\/uploads\/2025\/02\/58s756.jpg 1920w\" sizes=\"(max-width: 800px) 100vw, 800px\" \/>\t\t\t\t\t\t\t\t\t\t\t\t\t\t\t<\/div>\n\t\t\t\t<\/div>\n\t\t\t\t<\/div>\n\t\t<div class=\"elementor-element elementor-element-4db4152 e-con-full e-flex e-con e-child\" data-id=\"4db4152\" data-element_type=\"container\">\n\t\t\t\t<div class=\"elementor-element elementor-element-d04bfab elementor-widget elementor-widget-image\" data-id=\"d04bfab\" data-element_type=\"widget\" data-widget_type=\"image.default\">\n\t\t\t\t<div class=\"elementor-widget-container\">\n\t\t\t\t\t\t\t\t\t\t\t\t\t\t\t<img decoding=\"async\" width=\"800\" height=\"450\" src=\"https:\/\/rncc.ambiente.gob.ec\/rncc\/wp-content\/uploads\/2025\/02\/58s756-1024x576.jpg\" class=\"attachment-large size-large wp-image-8414\" alt=\"\" srcset=\"https:\/\/rncc.ambiente.gob.ec\/rncc\/wp-content\/uploads\/2025\/02\/58s756-1024x576.jpg 1024w, https:\/\/rncc.ambiente.gob.ec\/rncc\/wp-content\/uploads\/2025\/02\/58s756-300x169.jpg 300w, https:\/\/rncc.ambiente.gob.ec\/rncc\/wp-content\/uploads\/2025\/02\/58s756-768x432.jpg 768w, https:\/\/rncc.ambiente.gob.ec\/rncc\/wp-content\/uploads\/2025\/02\/58s756-1536x864.jpg 1536w, https:\/\/rncc.ambiente.gob.ec\/rncc\/wp-content\/uploads\/2025\/02\/58s756.jpg 1920w\" sizes=\"(max-width: 800px) 100vw, 800px\" \/>\t\t\t\t\t\t\t\t\t\t\t\t\t\t\t<\/div>\n\t\t\t\t<\/div>\n\t\t\t\t<\/div>\n\t\t\t\t<\/div>\n\t\t\t\t\t<\/div>\n\t\t\t\t<\/div>\n\t\t\t\t<\/div>\n\t\t","protected":false},"excerpt":{"rendered":"<p>Sistema Nacional MRV Reporte El Reporte (R) consiste en la consolidaci\u00f3n, an\u00e1lisis y presentaci\u00f3n oficial de la informaci\u00f3n generada a partir del proceso de medici\u00f3n. Este componente garantiza que los resultados de la acci\u00f3n clim\u00e1tica nacional sean sistematizados y comunicados de manera oportuna, transparente y trazable, tanto a nivel nacional como internacional. Los Reportes Bienales [&hellip;]<\/p>\n","protected":false},"author":1,"featured_media":0,"parent":0,"menu_order":0,"comment_status":"closed","ping_status":"closed","template":"","meta":{"_monsterinsights_skip_tracking":false,"_monsterinsights_sitenote_active":false,"_monsterinsights_sitenote_note":"","_monsterinsights_sitenote_category":0,"footnotes":""},"class_list":["post-4286","page","type-page","status-publish","hentry"],"_links":{"self":[{"href":"https:\/\/rncc.ambiente.gob.ec\/rncc\/wp-json\/wp\/v2\/pages\/4286","targetHints":{"allow":["GET"]}}],"collection":[{"href":"https:\/\/rncc.ambiente.gob.ec\/rncc\/wp-json\/wp\/v2\/pages"}],"about":[{"href":"https:\/\/rncc.ambiente.gob.ec\/rncc\/wp-json\/wp\/v2\/types\/page"}],"author":[{"embeddable":true,"href":"https:\/\/rncc.ambiente.gob.ec\/rncc\/wp-json\/wp\/v2\/users\/1"}],"replies":[{"embeddable":true,"href":"https:\/\/rncc.ambiente.gob.ec\/rncc\/wp-json\/wp\/v2\/comments?post=4286"}],"version-history":[{"count":65,"href":"https:\/\/rncc.ambiente.gob.ec\/rncc\/wp-json\/wp\/v2\/pages\/4286\/revisions"}],"predecessor-version":[{"id":13248,"href":"https:\/\/rncc.ambiente.gob.ec\/rncc\/wp-json\/wp\/v2\/pages\/4286\/revisions\/13248"}],"wp:attachment":[{"href":"https:\/\/rncc.ambiente.gob.ec\/rncc\/wp-json\/wp\/v2\/media?parent=4286"}],"curies":[{"name":"wp","href":"https:\/\/api.w.org\/{rel}","templated":true}]}}