

{"id":119,"date":"2025-02-03T05:46:05","date_gmt":"2025-02-03T05:46:05","guid":{"rendered":"https:\/\/rncc.estadisticas.site\/?page_id=119"},"modified":"2025-08-09T01:07:44","modified_gmt":"2025-08-09T01:07:44","slug":"medicion","status":"publish","type":"page","link":"https:\/\/rncc.ambiente.gob.ec\/rncc\/medicion\/","title":{"rendered":"Medici\u00f3n"},"content":{"rendered":"\t\t<div data-elementor-type=\"wp-page\" data-elementor-id=\"119\" class=\"elementor elementor-119\">\n\t\t\t\t<div class=\"elementor-element elementor-element-d495a7e e-flex e-con-boxed e-con e-parent\" data-id=\"d495a7e\" data-element_type=\"container\" data-settings=\"{&quot;background_background&quot;:&quot;classic&quot;}\">\n\t\t\t\t\t<div class=\"e-con-inner\">\n\t\t<div class=\"elementor-element elementor-element-3d5c865 e-con-full e-flex e-con e-child\" data-id=\"3d5c865\" data-element_type=\"container\">\n\t\t\t\t<div class=\"elementor-element elementor-element-3699cdf elementor-widget__width-initial elementor-widget elementor-widget-heading\" data-id=\"3699cdf\" data-element_type=\"widget\" data-widget_type=\"heading.default\">\n\t\t\t\t<div class=\"elementor-widget-container\">\n\t\t\t\t\t<h1 class=\"elementor-heading-title elementor-size-default\"><a href=\"\/rncc\/que-son-los-sistemas-mrv\/\">Sistema Nacional MRV<\/a><\/h1>\t\t\t\t<\/div>\n\t\t\t\t<\/div>\n\t\t\t\t<div class=\"elementor-element elementor-element-9e9b24e elementor-widget elementor-widget-heading\" data-id=\"9e9b24e\" data-element_type=\"widget\" data-widget_type=\"heading.default\">\n\t\t\t\t<div class=\"elementor-widget-container\">\n\t\t\t\t\t<h2 class=\"elementor-heading-title elementor-size-default\">Medici\u00f3n<\/h2>\t\t\t\t<\/div>\n\t\t\t\t<\/div>\n\t\t\t\t<\/div>\n\t\t\t\t\t<\/div>\n\t\t\t\t<\/div>\n\t\t<div class=\"elementor-element elementor-element-01f58f1 e-flex e-con-boxed e-con e-parent\" data-id=\"01f58f1\" data-element_type=\"container\">\n\t\t\t\t\t<div class=\"e-con-inner\">\n\t\t<div class=\"elementor-element elementor-element-ee87f9f e-con-full e-flex e-con e-child\" data-id=\"ee87f9f\" data-element_type=\"container\">\n\t\t<div class=\"elementor-element elementor-element-c287b45 e-con-full e-flex e-con e-child\" data-id=\"c287b45\" data-element_type=\"container\">\n\t\t\t\t<div class=\"elementor-element elementor-element-af92788 elementor-widget elementor-widget-image\" data-id=\"af92788\" data-element_type=\"widget\" data-widget_type=\"image.default\">\n\t\t\t\t<div class=\"elementor-widget-container\">\n\t\t\t\t\t\t\t\t\t\t\t\t<figure class=\"wp-caption\">\n\t\t\t\t\t\t\t\t\t\t<img fetchpriority=\"high\" decoding=\"async\" width=\"629\" height=\"432\" src=\"https:\/\/rncc.ambiente.gob.ec\/rncc\/wp-content\/uploads\/2025\/02\/Group-1707479097.png\" class=\"attachment-2048x2048 size-2048x2048 wp-image-538\" alt=\"\" srcset=\"https:\/\/rncc.ambiente.gob.ec\/rncc\/wp-content\/uploads\/2025\/02\/Group-1707479097.png 629w, https:\/\/rncc.ambiente.gob.ec\/rncc\/wp-content\/uploads\/2025\/02\/Group-1707479097-300x206.png 300w\" sizes=\"(max-width: 629px) 100vw, 629px\" \/>\t\t\t\t\t\t\t\t\t\t\t<figcaption class=\"widget-image-caption wp-caption-text\"><\/figcaption>\n\t\t\t\t\t\t\t\t\t\t<\/figure>\n\t\t\t\t\t\t\t\t\t<\/div>\n\t\t\t\t<\/div>\n\t\t\t\t<\/div>\n\t\t<div class=\"elementor-element elementor-element-2d745fb e-con-full e-flex e-con e-child\" data-id=\"2d745fb\" data-element_type=\"container\">\n\t\t\t\t<div class=\"elementor-element elementor-element-63da2c6 elementor-widget elementor-widget-text-editor\" data-id=\"63da2c6\" data-element_type=\"widget\" data-widget_type=\"text-editor.default\">\n\t\t\t\t<div class=\"elementor-widget-container\">\n\t\t\t\t\t\t\t\t\t<p><span style=\"font-weight: 400;\">La Medici\u00f3n (M) constituye el primer componente del Sistema MRV y se refiere al proceso sistem\u00e1tico de recopilaci\u00f3n, generaci\u00f3n y estructuraci\u00f3n de datos cuantitativos y cualitativos relacionados con el cambio clim\u00e1tico. Este proceso se aplica a m\u00faltiples dimensiones de la acci\u00f3n clim\u00e1tica, como la reducci\u00f3n de emisiones de gases de efecto invernadero (GEI), la implementaci\u00f3n de medidas de adaptaci\u00f3n, el abordaje de p\u00e9rdidas y da\u00f1os, y el seguimiento a los medios de implementaci\u00f3n, tales como financiamiento, desarrollo y transferencia de tecnolog\u00eda, y creaci\u00f3n de capacidades.<\/span><\/p>\t\t\t\t\t\t\t\t<\/div>\n\t\t\t\t<\/div>\n\t\t\t\t<\/div>\n\t\t\t\t<\/div>\n\t\t<div class=\"elementor-element elementor-element-e0614b2 e-con-full e-flex e-con e-child\" data-id=\"e0614b2\" data-element_type=\"container\">\n\t\t<div class=\"elementor-element elementor-element-7cd50b1 e-con-full e-flex e-con e-child\" data-id=\"7cd50b1\" data-element_type=\"container\">\n\t\t\t\t<div class=\"elementor-element elementor-element-3f58974 elementor-widget elementor-widget-text-editor\" data-id=\"3f58974\" data-element_type=\"widget\" data-widget_type=\"text-editor.default\">\n\t\t\t\t<div class=\"elementor-widget-container\">\n\t\t\t\t\t\t\t\t\t<p><span style=\"font-weight: 400;\">En el marco del Marco Reforzado de Transparencia establecido por el Acuerdo de Par\u00eds, la medici\u00f3n debe adherirse a principios de consistencia, comparabilidad, exactitud y transparencia. Los datos recolectados deben estar alineados con los lineamientos metodol\u00f3gicos establecidos en los MPG (Decisi\u00f3n 18\/CMA.1), incluyendo las metodolog\u00edas del IPCC, cuando corresponda. <\/span><\/p>\t\t\t\t\t\t\t\t<\/div>\n\t\t\t\t<\/div>\n\t\t\t\t<\/div>\n\t\t\t\t<\/div>\n\t\t\t\t\t<\/div>\n\t\t\t\t<\/div>\n\t\t<div class=\"elementor-element elementor-element-67281ff e-flex e-con-boxed e-con e-parent\" data-id=\"67281ff\" data-element_type=\"container\">\n\t\t\t\t\t<div class=\"e-con-inner\">\n\t\t<div class=\"elementor-element elementor-element-731d51b e-con-full e-flex e-con e-child\" data-id=\"731d51b\" data-element_type=\"container\">\n\t\t<div class=\"elementor-element elementor-element-0675699 e-con-full e-flex e-con e-child\" data-id=\"0675699\" data-element_type=\"container\">\n\t\t\t\t<div class=\"elementor-element elementor-element-6c227f9 elementor-widget elementor-widget-image\" data-id=\"6c227f9\" data-element_type=\"widget\" data-widget_type=\"image.default\">\n\t\t\t\t<div class=\"elementor-widget-container\">\n\t\t\t\t\t\t\t\t\t\t\t\t\t\t\t<img decoding=\"async\" width=\"800\" height=\"533\" src=\"https:\/\/rncc.ambiente.gob.ec\/rncc\/wp-content\/uploads\/2025\/02\/Enriquez_02085-1024x682.jpg\" class=\"attachment-large size-large wp-image-8409\" alt=\"\" srcset=\"https:\/\/rncc.ambiente.gob.ec\/rncc\/wp-content\/uploads\/2025\/02\/Enriquez_02085-1024x682.jpg 1024w, https:\/\/rncc.ambiente.gob.ec\/rncc\/wp-content\/uploads\/2025\/02\/Enriquez_02085-300x200.jpg 300w, https:\/\/rncc.ambiente.gob.ec\/rncc\/wp-content\/uploads\/2025\/02\/Enriquez_02085-768x512.jpg 768w, https:\/\/rncc.ambiente.gob.ec\/rncc\/wp-content\/uploads\/2025\/02\/Enriquez_02085-1536x1024.jpg 1536w, https:\/\/rncc.ambiente.gob.ec\/rncc\/wp-content\/uploads\/2025\/02\/Enriquez_02085.jpg 2000w\" sizes=\"(max-width: 800px) 100vw, 800px\" \/>\t\t\t\t\t\t\t\t\t\t\t\t\t\t\t<\/div>\n\t\t\t\t<\/div>\n\t\t\t\t<\/div>\n\t\t<div class=\"elementor-element elementor-element-9f9096b e-con-full e-flex e-con e-child\" data-id=\"9f9096b\" data-element_type=\"container\">\n\t\t\t\t<div class=\"elementor-element elementor-element-ebfb58e elementor-widget elementor-widget-image\" data-id=\"ebfb58e\" data-element_type=\"widget\" data-widget_type=\"image.default\">\n\t\t\t\t<div class=\"elementor-widget-container\">\n\t\t\t\t\t\t\t\t\t\t\t\t\t\t\t<img decoding=\"async\" width=\"800\" height=\"533\" src=\"https:\/\/rncc.ambiente.gob.ec\/rncc\/wp-content\/uploads\/2025\/02\/Enriquez_02093-1024x682.jpg\" class=\"attachment-large size-large wp-image-8408\" alt=\"\" srcset=\"https:\/\/rncc.ambiente.gob.ec\/rncc\/wp-content\/uploads\/2025\/02\/Enriquez_02093-1024x682.jpg 1024w, https:\/\/rncc.ambiente.gob.ec\/rncc\/wp-content\/uploads\/2025\/02\/Enriquez_02093-300x200.jpg 300w, https:\/\/rncc.ambiente.gob.ec\/rncc\/wp-content\/uploads\/2025\/02\/Enriquez_02093-768x512.jpg 768w, https:\/\/rncc.ambiente.gob.ec\/rncc\/wp-content\/uploads\/2025\/02\/Enriquez_02093-1536x1024.jpg 1536w, https:\/\/rncc.ambiente.gob.ec\/rncc\/wp-content\/uploads\/2025\/02\/Enriquez_02093.jpg 2000w\" sizes=\"(max-width: 800px) 100vw, 800px\" \/>\t\t\t\t\t\t\t\t\t\t\t\t\t\t\t<\/div>\n\t\t\t\t<\/div>\n\t\t\t\t<\/div>\n\t\t<div class=\"elementor-element elementor-element-a8f56a2 e-con-full e-flex e-con e-child\" data-id=\"a8f56a2\" data-element_type=\"container\">\n\t\t\t\t<div class=\"elementor-element elementor-element-3479cb8 elementor-widget elementor-widget-image\" data-id=\"3479cb8\" data-element_type=\"widget\" data-widget_type=\"image.default\">\n\t\t\t\t<div class=\"elementor-widget-container\">\n\t\t\t\t\t\t\t\t\t\t\t\t\t\t\t<img loading=\"lazy\" decoding=\"async\" width=\"800\" height=\"533\" src=\"https:\/\/rncc.ambiente.gob.ec\/rncc\/wp-content\/uploads\/2025\/02\/Enriquez_02064-1024x682.jpg\" class=\"attachment-large size-large wp-image-8407\" alt=\"\" srcset=\"https:\/\/rncc.ambiente.gob.ec\/rncc\/wp-content\/uploads\/2025\/02\/Enriquez_02064-1024x682.jpg 1024w, https:\/\/rncc.ambiente.gob.ec\/rncc\/wp-content\/uploads\/2025\/02\/Enriquez_02064-300x200.jpg 300w, https:\/\/rncc.ambiente.gob.ec\/rncc\/wp-content\/uploads\/2025\/02\/Enriquez_02064-768x512.jpg 768w, https:\/\/rncc.ambiente.gob.ec\/rncc\/wp-content\/uploads\/2025\/02\/Enriquez_02064-1536x1024.jpg 1536w, https:\/\/rncc.ambiente.gob.ec\/rncc\/wp-content\/uploads\/2025\/02\/Enriquez_02064.jpg 2000w\" sizes=\"(max-width: 800px) 100vw, 800px\" \/>\t\t\t\t\t\t\t\t\t\t\t\t\t\t\t<\/div>\n\t\t\t\t<\/div>\n\t\t\t\t<\/div>\n\t\t\t\t<\/div>\n\t\t\t\t\t<\/div>\n\t\t\t\t<\/div>\n\t\t\t\t<\/div>\n\t\t","protected":false},"excerpt":{"rendered":"<p>Sistema Nacional MRV Medici\u00f3n La Medici\u00f3n (M) constituye el primer componente del Sistema MRV y se refiere al proceso sistem\u00e1tico de recopilaci\u00f3n, generaci\u00f3n y estructuraci\u00f3n de datos cuantitativos y cualitativos relacionados con el cambio clim\u00e1tico. Este proceso se aplica a m\u00faltiples dimensiones de la acci\u00f3n clim\u00e1tica, como la reducci\u00f3n de emisiones de gases de efecto [&hellip;]<\/p>\n","protected":false},"author":1,"featured_media":0,"parent":0,"menu_order":0,"comment_status":"closed","ping_status":"closed","template":"","meta":{"_monsterinsights_skip_tracking":false,"_monsterinsights_sitenote_active":false,"_monsterinsights_sitenote_note":"","_monsterinsights_sitenote_category":0,"footnotes":""},"class_list":["post-119","page","type-page","status-publish","hentry"],"_links":{"self":[{"href":"https:\/\/rncc.ambiente.gob.ec\/rncc\/wp-json\/wp\/v2\/pages\/119","targetHints":{"allow":["GET"]}}],"collection":[{"href":"https:\/\/rncc.ambiente.gob.ec\/rncc\/wp-json\/wp\/v2\/pages"}],"about":[{"href":"https:\/\/rncc.ambiente.gob.ec\/rncc\/wp-json\/wp\/v2\/types\/page"}],"author":[{"embeddable":true,"href":"https:\/\/rncc.ambiente.gob.ec\/rncc\/wp-json\/wp\/v2\/users\/1"}],"replies":[{"embeddable":true,"href":"https:\/\/rncc.ambiente.gob.ec\/rncc\/wp-json\/wp\/v2\/comments?post=119"}],"version-history":[{"count":89,"href":"https:\/\/rncc.ambiente.gob.ec\/rncc\/wp-json\/wp\/v2\/pages\/119\/revisions"}],"predecessor-version":[{"id":13245,"href":"https:\/\/rncc.ambiente.gob.ec\/rncc\/wp-json\/wp\/v2\/pages\/119\/revisions\/13245"}],"wp:attachment":[{"href":"https:\/\/rncc.ambiente.gob.ec\/rncc\/wp-json\/wp\/v2\/media?parent=119"}],"curies":[{"name":"wp","href":"https:\/\/api.w.org\/{rel}","templated":true}]}}