

{"id":116,"date":"2025-02-03T05:45:50","date_gmt":"2025-02-03T05:45:50","guid":{"rendered":"https:\/\/rncc.estadisticas.site\/?page_id=116"},"modified":"2025-12-17T15:50:36","modified_gmt":"2025-12-17T20:50:36","slug":"que-son-los-sistemas-mrv","status":"publish","type":"page","link":"https:\/\/rncc.ambiente.gob.ec\/rncc\/que-son-los-sistemas-mrv\/","title":{"rendered":"\u00bfQu\u00e9 son los sistemas MRV?"},"content":{"rendered":"\t\t<div data-elementor-type=\"wp-page\" data-elementor-id=\"116\" class=\"elementor elementor-116\">\n\t\t\t\t<div class=\"elementor-element elementor-element-a8744c7 e-flex e-con-boxed e-con e-parent\" data-id=\"a8744c7\" data-element_type=\"container\" data-settings=\"{&quot;background_background&quot;:&quot;classic&quot;}\">\n\t\t\t\t\t<div class=\"e-con-inner\">\n\t\t<div class=\"elementor-element elementor-element-0ca9d5e e-con-full e-flex e-con e-child\" data-id=\"0ca9d5e\" data-element_type=\"container\">\n\t\t\t\t<div class=\"elementor-element elementor-element-c88174d elementor-widget elementor-widget-heading\" data-id=\"c88174d\" data-element_type=\"widget\" data-widget_type=\"heading.default\">\n\t\t\t\t<div class=\"elementor-widget-container\">\n\t\t\t\t\t<h2 class=\"elementor-heading-title elementor-size-default\">\u00bfQu\u00e9 es el Sistema MRV?<\/h2>\t\t\t\t<\/div>\n\t\t\t\t<\/div>\n\t\t\t\t<\/div>\n\t\t\t\t\t<\/div>\n\t\t\t\t<\/div>\n\t\t<div class=\"elementor-element elementor-element-b46f3fd e-flex e-con-boxed e-con e-parent\" data-id=\"b46f3fd\" data-element_type=\"container\">\n\t\t\t\t\t<div class=\"e-con-inner\">\n\t\t<div class=\"elementor-element elementor-element-66e9347 e-con-full e-flex e-con e-child\" data-id=\"66e9347\" data-element_type=\"container\">\n\t\t<div class=\"elementor-element elementor-element-2f8e1f0 e-con-full e-flex e-con e-child\" data-id=\"2f8e1f0\" data-element_type=\"container\">\n\t\t\t\t<div class=\"elementor-element elementor-element-9261b86 elementor-widget__width-initial elementor-widget elementor-widget-image\" data-id=\"9261b86\" data-element_type=\"widget\" data-widget_type=\"image.default\">\n\t\t\t\t<div class=\"elementor-widget-container\">\n\t\t\t\t\t\t\t\t\t\t\t\t<figure class=\"wp-caption\">\n\t\t\t\t\t\t\t\t\t\t<img fetchpriority=\"high\" decoding=\"async\" width=\"629\" height=\"432\" src=\"https:\/\/rncc.ambiente.gob.ec\/rncc\/wp-content\/uploads\/2025\/02\/Group-1707479091.png\" class=\"attachment-2048x2048 size-2048x2048 wp-image-242\" alt=\"\" srcset=\"https:\/\/rncc.ambiente.gob.ec\/rncc\/wp-content\/uploads\/2025\/02\/Group-1707479091.png 629w, https:\/\/rncc.ambiente.gob.ec\/rncc\/wp-content\/uploads\/2025\/02\/Group-1707479091-300x206.png 300w\" sizes=\"(max-width: 629px) 100vw, 629px\" \/>\t\t\t\t\t\t\t\t\t\t\t<figcaption class=\"widget-image-caption wp-caption-text\"><\/figcaption>\n\t\t\t\t\t\t\t\t\t\t<\/figure>\n\t\t\t\t\t\t\t\t\t<\/div>\n\t\t\t\t<\/div>\n\t\t\t\t<\/div>\n\t\t<div class=\"elementor-element elementor-element-7c27959 e-con-full e-flex e-con e-child\" data-id=\"7c27959\" data-element_type=\"container\">\n\t\t\t\t<div class=\"elementor-element elementor-element-b8a452b elementor-widget elementor-widget-text-editor\" data-id=\"b8a452b\" data-element_type=\"widget\" data-widget_type=\"text-editor.default\">\n\t\t\t\t<div class=\"elementor-widget-container\">\n\t\t\t\t\t\t\t\t\t<p><span style=\"font-weight: 400\">El Sistema de Medici\u00f3n, Reporte y Verificaci\u00f3n Nacional (MRV) es una herramienta inform\u00e1tica del Registro Nacional de Cambio Clim\u00e1tico (RNCC), administrada por la Autoridad Nacional de Transparencia Clim\u00e1tica (ANTC). Su prop\u00f3sito es medir, monitorear, reportar y verificar el impacto de las medidas y acciones de mitigaci\u00f3n, adaptaci\u00f3n, y de p\u00e9rdidas y da\u00f1os implementadas en el pa\u00eds, as\u00ed como registrar el apoyo recibido y requerido para su ejecuci\u00f3n. Adem\u00e1s, permite evaluar la contribuci\u00f3n de estas acciones a los compromisos nacionales e internacionales en materia de cambio clim\u00e1tico.<\/span><\/p>\t\t\t\t\t\t\t\t<\/div>\n\t\t\t\t<\/div>\n\t\t\t\t<\/div>\n\t\t\t\t<\/div>\n\t\t\t\t\t<\/div>\n\t\t\t\t<\/div>\n\t\t<div class=\"elementor-element elementor-element-ae19e4b e-flex e-con-boxed e-con e-parent\" data-id=\"ae19e4b\" data-element_type=\"container\">\n\t\t\t\t\t<div class=\"e-con-inner\">\n\t\t<div class=\"elementor-element elementor-element-150a3db e-con-full e-flex e-con e-child\" data-id=\"150a3db\" data-element_type=\"container\">\n\t\t<div class=\"elementor-element elementor-element-e3710a9 e-con-full e-flex e-con e-child\" data-id=\"e3710a9\" data-element_type=\"container\">\n\t\t\t\t<div class=\"elementor-element elementor-element-5f83ff5 elementor-widget__width-initial elementor-widget elementor-widget-text-editor\" data-id=\"5f83ff5\" data-element_type=\"widget\" data-widget_type=\"text-editor.default\">\n\t\t\t\t<div class=\"elementor-widget-container\">\n\t\t\t\t\t\t\t\t\t<p><span style=\"font-weight: 400\">El Sistema MRV est\u00e1 estructurado en cuatro componentes principales:<\/span><\/p><ol><li style=\"font-weight: 400\"><span style=\"font-weight: 400\">Mitigaci\u00f3n<\/span><\/li><li style=\"font-weight: 400\"><span style=\"font-weight: 400\">Adaptaci\u00f3n<\/span><\/li><li style=\"font-weight: 400\"><span style=\"font-weight: 400\">P\u00e9rdidas y Da\u00f1os<\/span><\/li><li style=\"font-weight: 400\"><span style=\"font-weight: 400\">Medios de Implementaci\u00f3n<\/span><\/li><\/ol><p><span style=\"font-weight: 400\">Cada componente se divide en subcomponentes espec\u00edficos, que permiten desagregar y organizar la informaci\u00f3n reportada. La ANTC ser\u00e1 responsable de gestionar el acceso de los proveedores de informaci\u00f3n al Sistema MRV, a trav\u00e9s del uso de formularios nacionales y conforme a la periodicidad establecida por la Autoridad Ambiental Nacional. Los principales resultados del sistema se publicar\u00e1n en el portal web del RNCC.<\/span><\/p><p><span style=\"font-weight: 400\">La ANTC definir\u00e1 los m\u00f3dulos espec\u00edficos para cada componente y subcomponente del MRV. Para su gesti\u00f3n, el responsable funcional del RNCC designar\u00e1 un responsable por cada m\u00f3dulo, quien tendr\u00e1 a su cargo la coordinaci\u00f3n de su operaci\u00f3n t\u00e9cnica y administrativa.<\/span><\/p>\t\t\t\t\t\t\t\t<\/div>\n\t\t\t\t<\/div>\n\t\t\t\t<\/div>\n\t\t<div class=\"elementor-element elementor-element-a32bc03 e-con-full e-flex e-con e-child\" data-id=\"a32bc03\" data-element_type=\"container\">\n\t\t\t\t<div class=\"elementor-element elementor-element-2ac4740 img-c-3 elementor-widget elementor-widget-elementskit-testimonial\" data-id=\"2ac4740\" data-element_type=\"widget\" data-widget_type=\"elementskit-testimonial.default\">\n\t\t\t\t<div class=\"elementor-widget-container\">\n\t\t\t\t\t<div class=\"ekit-wid-con\" ><div class=\"elementskit-testimonial-slider arrow_inside \" data-config=\"{&quot;rtl&quot;:false,&quot;arrows&quot;:false,&quot;dots&quot;:false,&quot;pauseOnHover&quot;:false,&quot;autoplay&quot;:false,&quot;speed&quot;:1000,&quot;slidesPerGroup&quot;:1,&quot;slidesPerView&quot;:1,&quot;loop&quot;:false,&quot;spaceBetween&quot;:15,&quot;breakpoints&quot;:{&quot;320&quot;:{&quot;slidesPerView&quot;:1,&quot;slidesPerGroup&quot;:1,&quot;spaceBetween&quot;:10},&quot;768&quot;:{&quot;slidesPerView&quot;:&quot;1&quot;,&quot;slidesPerGroup&quot;:1,&quot;spaceBetween&quot;:10},&quot;1024&quot;:{&quot;slidesPerView&quot;:1,&quot;slidesPerGroup&quot;:1,&quot;spaceBetween&quot;:15}}}\">\n\t<div class=\"ekit-main-swiper swiper\">\n\t\t<div class=\"swiper-wrapper\">\n\t\t\t\t\t\t<div class=\"swiper-slide\">\n\t\t\t\t<div class=\"swiper-slide-inner\">\n\t\t\t\t\t<a class=\"elementskit-testimonial-inner\" href=\"\/rncc\/medicion\">\n\t\t\t\t\t\t<div class=\"elementskit-single-testimonial-slider  ekit_testimonial_style_2\">\n\t\t\t\t\t\t\t<div class=\"elementskit-commentor-content\">\n\t\t\t\t\t\t\t\t\t\t\t\t\t\t\t\t\t<div class=\"elementskit-client_logo\">\n\t\t\t\t\t\t\t\t\t\t\t\t\t\t\t\t\t\t\t\t<img decoding=\"async\" width=\"939\" height=\"401\" src=\"https:\/\/rncc.ambiente.gob.ec\/rncc\/wp-content\/uploads\/2025\/04\/medicion.png\" class=\"elementskit-testimonial-client-logo\" alt=\"\" srcset=\"https:\/\/rncc.ambiente.gob.ec\/rncc\/wp-content\/uploads\/2025\/04\/medicion.png 939w, https:\/\/rncc.ambiente.gob.ec\/rncc\/wp-content\/uploads\/2025\/04\/medicion-300x128.png 300w, https:\/\/rncc.ambiente.gob.ec\/rncc\/wp-content\/uploads\/2025\/04\/medicion-768x328.png 768w\" sizes=\"(max-width: 939px) 100vw, 939px\" \/>\t\t\t\t\t\t\t\t\t<\/div>\n\t\t\t\t\t\t\t\t\t\t\t\t\t\t\t\t\t\t\t\t\t\t\t\t<span class=\"elementskit-profile-info\">\n\t\t\t\t\t\t\t\t\t<strong class=\"elementskit-author-name\"><\/strong>\n\t\t\t\t\t\t\t\t\t<span class=\"elementskit-author-des\"><\/span>\n\t\t\t\t\t\t\t\t<\/span>\n\t\t\t\t\t\t\t<\/div>\n\t\t\t\t\t\t\t\t\t\t\t\t\t\t\t<div class=\"elementskit-watermark-icon \">\n\t\t\t\t\t\t\t\t\t\t\t\t\t\t\t\t\t<\/div>\n\t\t\t\t\t\t\t\t\t\t\t\t\t<\/div>\n\t\t\t\t\t<\/a>\n\t\t\t\t<\/div>\n\t\t\t<\/div>\n\t\t\t\t\t<\/div>\n\n\t\t\n\t\t\t<\/div>\n<\/div>\n<\/div>\t\t\t\t<\/div>\n\t\t\t\t<\/div>\n\t\t\t\t<div class=\"elementor-element elementor-element-508ebde img-c-3 elementor-widget elementor-widget-elementskit-testimonial\" data-id=\"508ebde\" data-element_type=\"widget\" data-widget_type=\"elementskit-testimonial.default\">\n\t\t\t\t<div class=\"elementor-widget-container\">\n\t\t\t\t\t<div class=\"ekit-wid-con\" ><div class=\"elementskit-testimonial-slider arrow_inside \" data-config=\"{&quot;rtl&quot;:false,&quot;arrows&quot;:false,&quot;dots&quot;:false,&quot;pauseOnHover&quot;:false,&quot;autoplay&quot;:false,&quot;speed&quot;:1000,&quot;slidesPerGroup&quot;:1,&quot;slidesPerView&quot;:1,&quot;loop&quot;:false,&quot;spaceBetween&quot;:15,&quot;breakpoints&quot;:{&quot;320&quot;:{&quot;slidesPerView&quot;:1,&quot;slidesPerGroup&quot;:1,&quot;spaceBetween&quot;:10},&quot;768&quot;:{&quot;slidesPerView&quot;:&quot;1&quot;,&quot;slidesPerGroup&quot;:1,&quot;spaceBetween&quot;:10},&quot;1024&quot;:{&quot;slidesPerView&quot;:1,&quot;slidesPerGroup&quot;:1,&quot;spaceBetween&quot;:15}}}\">\n\t<div class=\"ekit-main-swiper swiper\">\n\t\t<div class=\"swiper-wrapper\">\n\t\t\t\t\t\t<div class=\"swiper-slide\">\n\t\t\t\t<div class=\"swiper-slide-inner\">\n\t\t\t\t\t<a class=\"elementskit-testimonial-inner\" href=\"\/rncc\/informe\">\n\t\t\t\t\t\t<div class=\"elementskit-single-testimonial-slider  ekit_testimonial_style_2\">\n\t\t\t\t\t\t\t<div class=\"elementskit-commentor-content\">\n\t\t\t\t\t\t\t\t\t\t\t\t\t\t\t\t\t<div class=\"elementskit-client_logo\">\n\t\t\t\t\t\t\t\t\t\t\t\t\t\t\t\t\t\t\t\t<img decoding=\"async\" width=\"939\" height=\"401\" src=\"https:\/\/rncc.ambiente.gob.ec\/rncc\/wp-content\/uploads\/2025\/04\/reporte.png\" class=\"elementskit-testimonial-client-logo\" alt=\"\" srcset=\"https:\/\/rncc.ambiente.gob.ec\/rncc\/wp-content\/uploads\/2025\/04\/reporte.png 939w, https:\/\/rncc.ambiente.gob.ec\/rncc\/wp-content\/uploads\/2025\/04\/reporte-300x128.png 300w, https:\/\/rncc.ambiente.gob.ec\/rncc\/wp-content\/uploads\/2025\/04\/reporte-768x328.png 768w\" sizes=\"(max-width: 939px) 100vw, 939px\" \/>\t\t\t\t\t\t\t\t\t<\/div>\n\t\t\t\t\t\t\t\t\t\t\t\t\t\t\t\t\t\t\t\t\t\t\t\t<span class=\"elementskit-profile-info\">\n\t\t\t\t\t\t\t\t\t<strong class=\"elementskit-author-name\"><\/strong>\n\t\t\t\t\t\t\t\t\t<span class=\"elementskit-author-des\"><\/span>\n\t\t\t\t\t\t\t\t<\/span>\n\t\t\t\t\t\t\t<\/div>\n\t\t\t\t\t\t\t\t\t\t\t\t\t\t\t<div class=\"elementskit-watermark-icon \">\n\t\t\t\t\t\t\t\t\t\t\t\t\t\t\t\t\t<\/div>\n\t\t\t\t\t\t\t\t\t\t\t\t\t<\/div>\n\t\t\t\t\t<\/a>\n\t\t\t\t<\/div>\n\t\t\t<\/div>\n\t\t\t\t\t<\/div>\n\n\t\t\n\t\t\t<\/div>\n<\/div>\n<\/div>\t\t\t\t<\/div>\n\t\t\t\t<\/div>\n\t\t\t\t<div class=\"elementor-element elementor-element-06e6cc0 img-c-3 elementor-widget elementor-widget-elementskit-testimonial\" data-id=\"06e6cc0\" data-element_type=\"widget\" data-widget_type=\"elementskit-testimonial.default\">\n\t\t\t\t<div class=\"elementor-widget-container\">\n\t\t\t\t\t<div class=\"ekit-wid-con\" ><div class=\"elementskit-testimonial-slider arrow_inside \" data-config=\"{&quot;rtl&quot;:false,&quot;arrows&quot;:false,&quot;dots&quot;:false,&quot;pauseOnHover&quot;:false,&quot;autoplay&quot;:false,&quot;speed&quot;:1000,&quot;slidesPerGroup&quot;:1,&quot;slidesPerView&quot;:1,&quot;loop&quot;:false,&quot;spaceBetween&quot;:15,&quot;breakpoints&quot;:{&quot;320&quot;:{&quot;slidesPerView&quot;:1,&quot;slidesPerGroup&quot;:1,&quot;spaceBetween&quot;:10},&quot;768&quot;:{&quot;slidesPerView&quot;:&quot;1&quot;,&quot;slidesPerGroup&quot;:1,&quot;spaceBetween&quot;:10},&quot;1024&quot;:{&quot;slidesPerView&quot;:1,&quot;slidesPerGroup&quot;:1,&quot;spaceBetween&quot;:15}}}\">\n\t<div class=\"ekit-main-swiper swiper\">\n\t\t<div class=\"swiper-wrapper\">\n\t\t\t\t\t\t<div class=\"swiper-slide\">\n\t\t\t\t<div class=\"swiper-slide-inner\">\n\t\t\t\t\t<a class=\"elementskit-testimonial-inner\" href=\"\/rncc\/verificacion\">\n\t\t\t\t\t\t<div class=\"elementskit-single-testimonial-slider  ekit_testimonial_style_2\">\n\t\t\t\t\t\t\t<div class=\"elementskit-commentor-content\">\n\t\t\t\t\t\t\t\t\t\t\t\t\t\t\t\t\t<div class=\"elementskit-client_logo\">\n\t\t\t\t\t\t\t\t\t\t\t\t\t\t\t\t\t\t\t\t<img loading=\"lazy\" decoding=\"async\" width=\"939\" height=\"401\" src=\"https:\/\/rncc.ambiente.gob.ec\/rncc\/wp-content\/uploads\/2025\/04\/verificacion.png\" class=\"elementskit-testimonial-client-logo\" alt=\"\" srcset=\"https:\/\/rncc.ambiente.gob.ec\/rncc\/wp-content\/uploads\/2025\/04\/verificacion.png 939w, https:\/\/rncc.ambiente.gob.ec\/rncc\/wp-content\/uploads\/2025\/04\/verificacion-300x128.png 300w, https:\/\/rncc.ambiente.gob.ec\/rncc\/wp-content\/uploads\/2025\/04\/verificacion-768x328.png 768w\" sizes=\"(max-width: 939px) 100vw, 939px\" \/>\t\t\t\t\t\t\t\t\t<\/div>\n\t\t\t\t\t\t\t\t\t\t\t\t\t\t\t\t\t\t\t\t\t\t\t\t<span class=\"elementskit-profile-info\">\n\t\t\t\t\t\t\t\t\t<strong class=\"elementskit-author-name\"><\/strong>\n\t\t\t\t\t\t\t\t\t<span class=\"elementskit-author-des\"><\/span>\n\t\t\t\t\t\t\t\t<\/span>\n\t\t\t\t\t\t\t<\/div>\n\t\t\t\t\t\t\t\t\t\t\t\t\t\t\t<div class=\"elementskit-watermark-icon \">\n\t\t\t\t\t\t\t\t\t\t\t\t\t\t\t\t\t<\/div>\n\t\t\t\t\t\t\t\t\t\t\t\t\t<\/div>\n\t\t\t\t\t<\/a>\n\t\t\t\t<\/div>\n\t\t\t<\/div>\n\t\t\t\t\t<\/div>\n\n\t\t\n\t\t\t<\/div>\n<\/div>\n<\/div>\t\t\t\t<\/div>\n\t\t\t\t<\/div>\n\t\t\t\t<\/div>\n\t\t\t\t<\/div>\n\t\t\t\t\t<\/div>\n\t\t\t\t<\/div>\n\t\t<div class=\"elementor-element elementor-element-7eb81e7 e-flex e-con-boxed e-con e-parent\" data-id=\"7eb81e7\" data-element_type=\"container\">\n\t\t\t\t\t<div class=\"e-con-inner\">\n\t\t<div class=\"elementor-element elementor-element-93d858d e-con-full e-flex e-con e-child\" data-id=\"93d858d\" data-element_type=\"container\">\n\t\t\t\t<div class=\"elementor-element elementor-element-e3af1a6 elementor-widget__width-initial elementor-widget elementor-widget-text-editor\" data-id=\"e3af1a6\" data-element_type=\"widget\" data-widget_type=\"text-editor.default\">\n\t\t\t\t<div class=\"elementor-widget-container\">\n\t\t\t\t\t\t\t\t\t<p><span style=\"font-weight: 400\">Entre las funciones de estos responsables est\u00e1n: registrar y actualizar a los proveedores de informaci\u00f3n, gestionar la creaci\u00f3n de usuarios dentro del Sistema MRV, y supervisar el cumplimiento de los convenios de cooperaci\u00f3n y acuerdos de confidencialidad con las entidades proveedoras. Tambi\u00e9n ser\u00e1n responsables de coordinar la interoperabilidad entre los sistemas de informaci\u00f3n de los proveedores y el Sistema MRV Nacional del RNCC.<\/span><\/p><p><span style=\"font-weight: 400\">Este modelo de gesti\u00f3n garantiza un flujo de informaci\u00f3n eficiente, seguro y t\u00e9cnicamente validado, fortaleciendo la transparencia clim\u00e1tica del Ecuador.<\/span><\/p>\t\t\t\t\t\t\t\t<\/div>\n\t\t\t\t<\/div>\n\t\t\t\t<\/div>\n\t\t\t\t\t<\/div>\n\t\t\t\t<\/div>\n\t\t<div class=\"elementor-element elementor-element-2ebb8b8 e-flex e-con-boxed e-con e-parent\" data-id=\"2ebb8b8\" data-element_type=\"container\">\n\t\t\t\t\t<div class=\"e-con-inner\">\n\t\t<div class=\"elementor-element elementor-element-6562532 e-con-full e-flex e-con e-child\" data-id=\"6562532\" data-element_type=\"container\">\n\t\t\t\t<div class=\"elementor-element elementor-element-bb7815e elementor-widget elementor-widget-image\" data-id=\"bb7815e\" data-element_type=\"widget\" data-widget_type=\"image.default\">\n\t\t\t\t<div class=\"elementor-widget-container\">\n\t\t\t\t\t\t\t\t\t\t\t\t\t\t\t<img loading=\"lazy\" decoding=\"async\" width=\"1755\" height=\"1241\" src=\"https:\/\/rncc.ambiente.gob.ec\/rncc\/wp-content\/uploads\/2025\/08\/MRV.png\" class=\"attachment-full size-full wp-image-12438\" alt=\"\" srcset=\"https:\/\/rncc.ambiente.gob.ec\/rncc\/wp-content\/uploads\/2025\/08\/MRV.png 1755w, https:\/\/rncc.ambiente.gob.ec\/rncc\/wp-content\/uploads\/2025\/08\/MRV-300x212.png 300w, https:\/\/rncc.ambiente.gob.ec\/rncc\/wp-content\/uploads\/2025\/08\/MRV-1024x724.png 1024w, https:\/\/rncc.ambiente.gob.ec\/rncc\/wp-content\/uploads\/2025\/08\/MRV-768x543.png 768w, https:\/\/rncc.ambiente.gob.ec\/rncc\/wp-content\/uploads\/2025\/08\/MRV-1536x1086.png 1536w\" sizes=\"(max-width: 1755px) 100vw, 1755px\" \/>\t\t\t\t\t\t\t\t\t\t\t\t\t\t\t<\/div>\n\t\t\t\t<\/div>\n\t\t\t\t<\/div>\n\t\t\t\t<div class=\"elementor-element elementor-element-00af2ab elementor-widget elementor-widget-heading\" data-id=\"00af2ab\" data-element_type=\"widget\" data-widget_type=\"heading.default\">\n\t\t\t\t<div class=\"elementor-widget-container\">\n\t\t\t\t\t<h2 class=\"elementor-heading-title elementor-size-default\"> Flujograma de la informaci\u00f3n para la implementaci\u00f3n del marco de Transparencia Reforzado en el Registro Nacional de Cambio Clim\u00e1tico de Ecuador<\/h2>\t\t\t\t<\/div>\n\t\t\t\t<\/div>\n\t\t<div class=\"elementor-element elementor-element-82d50c1 e-con-full e-flex e-con e-child\" data-id=\"82d50c1\" data-element_type=\"container\">\n\t\t\t\t<div class=\"elementor-element elementor-element-0fb8de0 zoooom elementor-widget elementor-widget-image\" data-id=\"0fb8de0\" data-element_type=\"widget\" data-widget_type=\"image.default\">\n\t\t\t\t<div class=\"elementor-widget-container\">\n\t\t\t\t\t\t\t\t\t\t\t\t\t\t\t<img loading=\"lazy\" decoding=\"async\" width=\"1552\" height=\"922\" src=\"https:\/\/rncc.ambiente.gob.ec\/rncc\/wp-content\/uploads\/2025\/06\/flujograma.png\" class=\"attachment-full size-full wp-image-11546\" alt=\"\" srcset=\"https:\/\/rncc.ambiente.gob.ec\/rncc\/wp-content\/uploads\/2025\/06\/flujograma.png 1552w, https:\/\/rncc.ambiente.gob.ec\/rncc\/wp-content\/uploads\/2025\/06\/flujograma-300x178.png 300w, https:\/\/rncc.ambiente.gob.ec\/rncc\/wp-content\/uploads\/2025\/06\/flujograma-1024x608.png 1024w, https:\/\/rncc.ambiente.gob.ec\/rncc\/wp-content\/uploads\/2025\/06\/flujograma-768x456.png 768w, https:\/\/rncc.ambiente.gob.ec\/rncc\/wp-content\/uploads\/2025\/06\/flujograma-1536x912.png 1536w\" sizes=\"(max-width: 1552px) 100vw, 1552px\" \/>\t\t\t\t\t\t\t\t\t\t\t\t\t\t\t<\/div>\n\t\t\t\t<\/div>\n\t\t\t\t<\/div>\n\t\t\t\t\t<\/div>\n\t\t\t\t<\/div>\n\t\t<div class=\"elementor-element elementor-element-0f05a4f e-flex e-con-boxed e-con e-parent\" data-id=\"0f05a4f\" data-element_type=\"container\">\n\t\t\t\t\t<div class=\"e-con-inner\">\n\t\t<div class=\"elementor-element elementor-element-8edd26f e-con-full e-flex e-con e-child\" data-id=\"8edd26f\" data-element_type=\"container\">\n\t\t\t\t<div class=\"elementor-element elementor-element-307e71e migration-img-cursoral-2 elementor-widget elementor-widget-elementskit-testimonial\" data-id=\"307e71e\" data-element_type=\"widget\" data-widget_type=\"elementskit-testimonial.default\">\n\t\t\t\t<div class=\"elementor-widget-container\">\n\t\t\t\t\t<div class=\"ekit-wid-con\" ><div class=\"elementskit-testimonial-slider arrow_inside \" data-config=\"{&quot;rtl&quot;:false,&quot;arrows&quot;:false,&quot;dots&quot;:false,&quot;pauseOnHover&quot;:false,&quot;autoplay&quot;:false,&quot;speed&quot;:1000,&quot;slidesPerGroup&quot;:1,&quot;slidesPerView&quot;:3,&quot;loop&quot;:true,&quot;spaceBetween&quot;:&quot;18&quot;,&quot;breakpoints&quot;:{&quot;320&quot;:{&quot;slidesPerView&quot;:1,&quot;slidesPerGroup&quot;:1,&quot;spaceBetween&quot;:10},&quot;768&quot;:{&quot;slidesPerView&quot;:2,&quot;slidesPerGroup&quot;:1,&quot;spaceBetween&quot;:10},&quot;1024&quot;:{&quot;slidesPerView&quot;:&quot;3&quot;,&quot;slidesPerGroup&quot;:1,&quot;spaceBetween&quot;:&quot;18&quot;}}}\">\n\t<div class=\"ekit-main-swiper swiper\">\n\t\t<div class=\"swiper-wrapper\">\n\t\t\t\t\t\t<div class=\"swiper-slide\">\n\t\t\t\t<div class=\"swiper-slide-inner\">\n\t\t\t\t\t<a class=\"elementskit-testimonial-inner\" href=\"http:\/\/certificacionpuntoverde.ambiente.gob.ec\/libraries\/EAlfresco.php\/?doc=21a20b3e-1bfc-4b43-8ea7-5eab97fb25f6\">\n\t\t\t\t\t\t<div class=\"elementskit-single-testimonial-slider  ekit_testimonial_style_2\">\n\t\t\t\t\t\t\t<div class=\"elementskit-commentor-content\">\n\t\t\t\t\t\t\t\t\t\t\t\t\t\t\t\t\t<div class=\"elementskit-client_logo\">\n\t\t\t\t\t\t\t\t\t\t\t\t\t\t\t\t\t\t\t\t<img loading=\"lazy\" decoding=\"async\" width=\"289\" height=\"430\" src=\"https:\/\/rncc.ambiente.gob.ec\/rncc\/wp-content\/uploads\/2025\/06\/WhatsApp-Image-2025-06-04-at-11.55.07-1.jpeg\" class=\"elementskit-testimonial-client-logo\" alt=\"\" srcset=\"https:\/\/rncc.ambiente.gob.ec\/rncc\/wp-content\/uploads\/2025\/06\/WhatsApp-Image-2025-06-04-at-11.55.07-1.jpeg 289w, https:\/\/rncc.ambiente.gob.ec\/rncc\/wp-content\/uploads\/2025\/06\/WhatsApp-Image-2025-06-04-at-11.55.07-1-202x300.jpeg 202w\" sizes=\"(max-width: 289px) 100vw, 289px\" \/>\t\t\t\t\t\t\t\t\t<\/div>\n\t\t\t\t\t\t\t\t\t\t\t\t\t\t\t\t\t\t\t\t\t\t\t\t<span class=\"elementskit-profile-info\">\n\t\t\t\t\t\t\t\t\t<strong class=\"elementskit-author-name\"><\/strong>\n\t\t\t\t\t\t\t\t\t<span class=\"elementskit-author-des\"><\/span>\n\t\t\t\t\t\t\t\t<\/span>\n\t\t\t\t\t\t\t<\/div>\n\t\t\t\t\t\t\t\t\t\t\t\t\t\t\t<div class=\"elementskit-watermark-icon \">\n\t\t\t\t\t\t\t\t\t\t\t\t\t\t\t\t\t<\/div>\n\t\t\t\t\t\t\t\t\t\t\t\t\t<\/div>\n\t\t\t\t\t<\/a>\n\t\t\t\t<\/div>\n\t\t\t<\/div>\n\t\t\t\t\t\t<div class=\"swiper-slide\">\n\t\t\t\t<div class=\"swiper-slide-inner\">\n\t\t\t\t\t<a class=\"elementskit-testimonial-inner\" href=\"http:\/\/certificacionpuntoverde.ambiente.gob.ec\/libraries\/EAlfresco.php\/?doc=9e9f2c1e-8d2e-44a2-b531-de06def7fada\" target=\"_blank\">\n\t\t\t\t\t\t<div class=\"elementskit-single-testimonial-slider  ekit_testimonial_style_2\">\n\t\t\t\t\t\t\t<div class=\"elementskit-commentor-content\">\n\t\t\t\t\t\t\t\t\t\t\t\t\t\t\t\t\t<div class=\"elementskit-client_logo\">\n\t\t\t\t\t\t\t\t\t\t\t\t\t\t\t\t\t\t\t\t<img loading=\"lazy\" decoding=\"async\" width=\"291\" height=\"431\" src=\"https:\/\/rncc.ambiente.gob.ec\/rncc\/wp-content\/uploads\/2025\/06\/WhatsApp-Image-2025-06-04-at-11.55.07.jpeg\" class=\"elementskit-testimonial-client-logo\" alt=\"\" srcset=\"https:\/\/rncc.ambiente.gob.ec\/rncc\/wp-content\/uploads\/2025\/06\/WhatsApp-Image-2025-06-04-at-11.55.07.jpeg 291w, https:\/\/rncc.ambiente.gob.ec\/rncc\/wp-content\/uploads\/2025\/06\/WhatsApp-Image-2025-06-04-at-11.55.07-203x300.jpeg 203w\" sizes=\"(max-width: 291px) 100vw, 291px\" \/>\t\t\t\t\t\t\t\t\t<\/div>\n\t\t\t\t\t\t\t\t\t\t\t\t\t\t\t\t\t\t\t\t\t\t\t\t<span class=\"elementskit-profile-info\">\n\t\t\t\t\t\t\t\t\t<strong class=\"elementskit-author-name\"><\/strong>\n\t\t\t\t\t\t\t\t\t<span class=\"elementskit-author-des\"><\/span>\n\t\t\t\t\t\t\t\t<\/span>\n\t\t\t\t\t\t\t<\/div>\n\t\t\t\t\t\t\t\t\t\t\t\t\t\t\t<div class=\"elementskit-watermark-icon \">\n\t\t\t\t\t\t\t\t\t\t\t\t\t\t\t\t\t<\/div>\n\t\t\t\t\t\t\t\t\t\t\t\t\t<\/div>\n\t\t\t\t\t<\/a>\n\t\t\t\t<\/div>\n\t\t\t<\/div>\n\t\t\t\t\t\t<div class=\"swiper-slide\">\n\t\t\t\t<div class=\"swiper-slide-inner\">\n\t\t\t\t\t<a class=\"elementskit-testimonial-inner\" href=\"https:\/\/www.ambienteyenergia.gob.ec\/ambiente\/wp-content\/uploads\/downloads\/2025\/11\/Guia-Metodologica-para-la-Implementacion-de-la-NT-RNCC.pdf\">\n\t\t\t\t\t\t<div class=\"elementskit-single-testimonial-slider  ekit_testimonial_style_2\">\n\t\t\t\t\t\t\t<div class=\"elementskit-commentor-content\">\n\t\t\t\t\t\t\t\t\t\t\t\t\t\t\t\t\t<div class=\"elementskit-client_logo\">\n\t\t\t\t\t\t\t\t\t\t\t\t\t\t\t\t\t\t\t\t<img loading=\"lazy\" decoding=\"async\" width=\"291\" height=\"431\" src=\"https:\/\/rncc.ambiente.gob.ec\/rncc\/wp-content\/uploads\/2025\/06\/WhatsApp-Image-2025-06-04-at-11.55.07-2.jpeg\" class=\"elementskit-testimonial-client-logo\" alt=\"\" srcset=\"https:\/\/rncc.ambiente.gob.ec\/rncc\/wp-content\/uploads\/2025\/06\/WhatsApp-Image-2025-06-04-at-11.55.07-2.jpeg 291w, https:\/\/rncc.ambiente.gob.ec\/rncc\/wp-content\/uploads\/2025\/06\/WhatsApp-Image-2025-06-04-at-11.55.07-2-203x300.jpeg 203w\" sizes=\"(max-width: 291px) 100vw, 291px\" \/>\t\t\t\t\t\t\t\t\t<\/div>\n\t\t\t\t\t\t\t\t\t\t\t\t\t\t\t\t\t\t\t\t\t\t\t\t<span class=\"elementskit-profile-info\">\n\t\t\t\t\t\t\t\t\t<strong class=\"elementskit-author-name\"><\/strong>\n\t\t\t\t\t\t\t\t\t<span class=\"elementskit-author-des\"><\/span>\n\t\t\t\t\t\t\t\t<\/span>\n\t\t\t\t\t\t\t<\/div>\n\t\t\t\t\t\t\t\t\t\t\t\t\t\t\t<div class=\"elementskit-watermark-icon \">\n\t\t\t\t\t\t\t\t\t\t\t\t\t\t\t\t\t<\/div>\n\t\t\t\t\t\t\t\t\t\t\t\t\t<\/div>\n\t\t\t\t\t<\/a>\n\t\t\t\t<\/div>\n\t\t\t<\/div>\n\t\t\t\t\t<\/div>\n\n\t\t\n\t\t\t<\/div>\n<\/div>\n<\/div>\t\t\t\t<\/div>\n\t\t\t\t<\/div>\n\t\t\t\t<\/div>\n\t\t\t\t\t<\/div>\n\t\t\t\t<\/div>\n\t\t\t\t<\/div>\n\t\t","protected":false},"excerpt":{"rendered":"<p>\u00bfQu\u00e9 es el Sistema MRV? El Sistema de Medici\u00f3n, Reporte y Verificaci\u00f3n Nacional (MRV) es una herramienta inform\u00e1tica del Registro Nacional de Cambio Clim\u00e1tico (RNCC), administrada por la Autoridad Nacional de Transparencia Clim\u00e1tica (ANTC). Su prop\u00f3sito es medir, monitorear, reportar y verificar el impacto de las medidas y acciones de mitigaci\u00f3n, adaptaci\u00f3n, y de p\u00e9rdidas [&hellip;]<\/p>\n","protected":false},"author":1,"featured_media":0,"parent":0,"menu_order":0,"comment_status":"closed","ping_status":"closed","template":"","meta":{"_monsterinsights_skip_tracking":false,"_monsterinsights_sitenote_active":false,"_monsterinsights_sitenote_note":"","_monsterinsights_sitenote_category":0,"footnotes":""},"class_list":["post-116","page","type-page","status-publish","hentry"],"_links":{"self":[{"href":"https:\/\/rncc.ambiente.gob.ec\/rncc\/wp-json\/wp\/v2\/pages\/116","targetHints":{"allow":["GET"]}}],"collection":[{"href":"https:\/\/rncc.ambiente.gob.ec\/rncc\/wp-json\/wp\/v2\/pages"}],"about":[{"href":"https:\/\/rncc.ambiente.gob.ec\/rncc\/wp-json\/wp\/v2\/types\/page"}],"author":[{"embeddable":true,"href":"https:\/\/rncc.ambiente.gob.ec\/rncc\/wp-json\/wp\/v2\/users\/1"}],"replies":[{"embeddable":true,"href":"https:\/\/rncc.ambiente.gob.ec\/rncc\/wp-json\/wp\/v2\/comments?post=116"}],"version-history":[{"count":167,"href":"https:\/\/rncc.ambiente.gob.ec\/rncc\/wp-json\/wp\/v2\/pages\/116\/revisions"}],"predecessor-version":[{"id":13653,"href":"https:\/\/rncc.ambiente.gob.ec\/rncc\/wp-json\/wp\/v2\/pages\/116\/revisions\/13653"}],"wp:attachment":[{"href":"https:\/\/rncc.ambiente.gob.ec\/rncc\/wp-json\/wp\/v2\/media?parent=116"}],"curies":[{"name":"wp","href":"https:\/\/api.w.org\/{rel}","templated":true}]}}