

{"id":10957,"date":"2025-04-03T23:44:07","date_gmt":"2025-04-03T23:44:07","guid":{"rendered":"https:\/\/rncc.estadisticas.site\/?page_id=10957"},"modified":"2025-08-07T22:33:55","modified_gmt":"2025-08-07T22:33:55","slug":"contra-la-desertificacion-cnuld","status":"publish","type":"page","link":"https:\/\/rncc.ambiente.gob.ec\/rncc\/contra-la-desertificacion-cnuld\/","title":{"rendered":"La Convenci\u00f3n de las Naciones Unidas para la Lucha contra la Desertificaci\u00f3n (CNULD)"},"content":{"rendered":"\t\t<div data-elementor-type=\"wp-page\" data-elementor-id=\"10957\" class=\"elementor elementor-10957\">\n\t\t\t\t<div class=\"elementor-element elementor-element-8a796ed e-flex e-con-boxed e-con e-parent\" data-id=\"8a796ed\" data-element_type=\"container\">\n\t\t\t\t\t<div class=\"e-con-inner\">\n\t\t\t\t<div class=\"elementor-element elementor-element-b653ca9 elementor-widget elementor-widget-heading\" data-id=\"b653ca9\" data-element_type=\"widget\" data-widget_type=\"heading.default\">\n\t\t\t\t<div class=\"elementor-widget-container\">\n\t\t\t\t\t<h2 class=\"elementor-heading-title elementor-size-default\">La Convenci\u00f3n de las Naciones Unidas para la Lucha contra la Desertificaci\u00f3n (CNULD)<\/h2>\t\t\t\t<\/div>\n\t\t\t\t<\/div>\n\t\t\t\t<div class=\"elementor-element elementor-element-f36663c elementor-widget elementor-widget-image\" data-id=\"f36663c\" data-element_type=\"widget\" data-widget_type=\"image.default\">\n\t\t\t\t<div class=\"elementor-widget-container\">\n\t\t\t\t\t\t\t\t\t\t\t\t\t\t\t<img fetchpriority=\"high\" decoding=\"async\" width=\"800\" height=\"464\" src=\"https:\/\/rncc.ambiente.gob.ec\/rncc\/wp-content\/uploads\/2025\/06\/CNULD.jpeg\" class=\"attachment-large size-large wp-image-12335\" alt=\"\" srcset=\"https:\/\/rncc.ambiente.gob.ec\/rncc\/wp-content\/uploads\/2025\/06\/CNULD.jpeg 800w, https:\/\/rncc.ambiente.gob.ec\/rncc\/wp-content\/uploads\/2025\/06\/CNULD-300x174.jpeg 300w, https:\/\/rncc.ambiente.gob.ec\/rncc\/wp-content\/uploads\/2025\/06\/CNULD-768x445.jpeg 768w\" sizes=\"(max-width: 800px) 100vw, 800px\" \/>\t\t\t\t\t\t\t\t\t\t\t\t\t\t\t<\/div>\n\t\t\t\t<\/div>\n\t\t<div class=\"elementor-element elementor-element-75797b3 e-con-full e-flex e-con e-child\" data-id=\"75797b3\" data-element_type=\"container\">\n\t\t\t\t<div class=\"elementor-element elementor-element-b12b9bd elementor-hidden-desktop elementor-hidden-tablet elementor-hidden-mobile elementor-widget elementor-widget-heading\" data-id=\"b12b9bd\" data-element_type=\"widget\" data-widget_type=\"heading.default\">\n\t\t\t\t<div class=\"elementor-widget-container\">\n\t\t\t\t\t<h2 class=\"elementor-heading-title elementor-size-default\">\u00bfQu\u00e9 es la CNULD?<\/h2>\t\t\t\t<\/div>\n\t\t\t\t<\/div>\n\t\t\t\t<div class=\"elementor-element elementor-element-c17b710 elementor-widget elementor-widget-text-editor\" data-id=\"c17b710\" data-element_type=\"widget\" data-widget_type=\"text-editor.default\">\n\t\t\t\t<div class=\"elementor-widget-container\">\n\t\t\t\t\t\t\t\t\t<p><span style=\"font-weight: 400;\">La Convenci\u00f3n de las Naciones Unidas de Lucha contra la Desertificaci\u00f3n (CNULD) fue adoptada en 1994 y entr\u00f3 en vigor en 1996 como el principal instrumento jur\u00eddico internacional para abordar de manera integral la desertificaci\u00f3n, la degradaci\u00f3n de las tierras y la sequ\u00eda, especialmente en las regiones m\u00e1s afectadas como \u00c1frica, Asia y Am\u00e9rica Latina. Actualmente cuenta con 197 Partes, incluyendo a todos los Estados miembros de las Naciones Unidas y la Uni\u00f3n Europea. La Convenci\u00f3n reconoce que la desertificaci\u00f3n es un problema global con profundas implicaciones ambientales, sociales y econ\u00f3micas, particularmente en las zonas \u00e1ridas, semi\u00e1ridas y subh\u00famedas secas, donde viven algunas de las poblaciones m\u00e1s vulnerables del planeta.<\/span><\/p><p><span style=\"font-weight: 400;\">El \u00f3rgano de toma de decisiones de la CNULD es la Conferencia de las Partes (COP), que se re\u00fane cada dos a\u00f1os y donde los pa\u00edses Parte eval\u00faan el progreso alcanzado, actualizan sus compromisos y adoptan decisiones orientadas a la implementaci\u00f3n efectiva de la Convenci\u00f3n. En el marco de estas reuniones, se han impulsado compromisos estrat\u00e9gicos como la Neutralidad en la Degradaci\u00f3n de Tierras (LDN, por sus siglas en ingl\u00e9s), establecida como una meta voluntaria por los pa\u00edses para lograr un balance entre la degradaci\u00f3n y la recuperaci\u00f3n de tierras hacia 2030, en concordancia con la Agenda 2030 para el Desarrollo Sostenible.<\/span><\/p><p><span style=\"font-weight: 400;\">El enfoque LDN se define como el estado en el que la cantidad y calidad de los recursos terrestres necesarios para sostener las funciones ecosist\u00e9micas y garantizar la seguridad alimentaria se mantienen estables o aumentan dentro de marcos espaciales y temporales determinados. Este concepto implica una combinaci\u00f3n de medidas para evitar, reducir y revertir la degradaci\u00f3n de tierras, siguiendo una jerarqu\u00eda de respuesta que prioriza la prevenci\u00f3n como la opci\u00f3n m\u00e1s costo-efectiva.\u00a0<\/span><\/p><p><span style=\"font-weight: 400;\">El marco conceptual cient\u00edfico de LDN, desarrollado por la interfaz ciencia-pol\u00edtica de la CNULD, establece que la neutralidad debe alcanzarse mediante el contrabalanceo entre p\u00e9rdidas y ganancias de capital natural en cada tipo de tierra, evaluado a trav\u00e9s de tres indicadores globales: cobertura del suelo, productividad de la tierra y reservas de Carbono Org\u00e1nico en el Suelo (COS).<\/span><\/p><p><span style=\"font-weight: 400;\">Ecuador, como Parte de la CNULD desde 1997, ha asumido un rol activo en la implementaci\u00f3n de acciones para combatir la degradaci\u00f3n de tierras y enfrentar los efectos de la sequ\u00eda. Actualmente, el pa\u00eds se encuentra elaborando su Plan de Acci\u00f3n Nacional de Neutralidad en la Degradaci\u00f3n de la Tierra (PAN-NDT), el cual establecer\u00e1 un conjunto de metas y l\u00edneas estrat\u00e9gicas que reflejar\u00e1n el compromiso nacional frente a la Convenci\u00f3n y ante la comunidad internacional para hacer frente de manera integral y sostenible a la degradaci\u00f3n de la tierra.<\/span><\/p><p><strong>Conoce m\u00e1s en el sitio oficial de la CNULD:<a href=\"https:\/\/www.unccd.int\/es\"> https:\/\/www.unccd.int\/es<\/a><\/strong><\/p>\t\t\t\t\t\t\t\t<\/div>\n\t\t\t\t<\/div>\n\t\t\t\t<div class=\"elementor-element elementor-element-0844170 elementor-hidden-desktop elementor-hidden-tablet elementor-hidden-mobile elementor-widget elementor-widget-heading\" data-id=\"0844170\" data-element_type=\"widget\" data-widget_type=\"heading.default\">\n\t\t\t\t<div class=\"elementor-widget-container\">\n\t\t\t\t\t<h2 class=\"elementor-heading-title elementor-size-default\">\u00bfObjetivo de la CNULD?<\/h2>\t\t\t\t<\/div>\n\t\t\t\t<\/div>\n\t\t\t\t<div class=\"elementor-element elementor-element-ecbbde2 elementor-hidden-desktop elementor-hidden-tablet elementor-hidden-mobile elementor-widget elementor-widget-text-editor\" data-id=\"ecbbde2\" data-element_type=\"widget\" data-widget_type=\"text-editor.default\">\n\t\t\t\t<div class=\"elementor-widget-container\">\n\t\t\t\t\t\t\t\t\t<p><span style=\"font-weight: 400;\">La CNULD busca mejorar la calidad de vida de las personas afectadas por la degradaci\u00f3n de la tierra y restaurar la productividad de los ecosistemas mediante enfoques sostenibles. Adem\u00e1s, fomenta la cooperaci\u00f3n internacional y la participaci\u00f3n activa de comunidades locales para enfrentar los retos de la desertificaci\u00f3n y la sequ\u00eda.<\/span><\/p><p><span style=\"font-weight: 400;\">Desde su entrada en vigor en 1996, ha promovido la adopci\u00f3n de pol\u00edticas y estrategias globales para abordar estos desaf\u00edos, reconociendo la relaci\u00f3n entre la degradaci\u00f3n de la tierra, la pobreza, la seguridad alimentaria y el cambio clim\u00e1tico.<\/span><\/p>\t\t\t\t\t\t\t\t<\/div>\n\t\t\t\t<\/div>\n\t\t\t\t<div class=\"elementor-element elementor-element-58bf627 elementor-hidden-desktop elementor-hidden-tablet elementor-hidden-mobile elementor-widget elementor-widget-heading\" data-id=\"58bf627\" data-element_type=\"widget\" data-widget_type=\"heading.default\">\n\t\t\t\t<div class=\"elementor-widget-container\">\n\t\t\t\t\t<h2 class=\"elementor-heading-title elementor-size-default\">\nEcuador y la CNULD<\/h2>\t\t\t\t<\/div>\n\t\t\t\t<\/div>\n\t\t\t\t<div class=\"elementor-element elementor-element-1ea09dd elementor-hidden-desktop elementor-hidden-tablet elementor-hidden-mobile elementor-widget elementor-widget-text-editor\" data-id=\"1ea09dd\" data-element_type=\"widget\" data-widget_type=\"text-editor.default\">\n\t\t\t\t<div class=\"elementor-widget-container\">\n\t\t\t\t\t\t\t\t\t<p><span style=\"font-weight: 400;\">Ecuador es parte de la CNULD desde 1997 y ha asumido el compromiso de implementar acciones que reduzcan la degradaci\u00f3n de suelos y mitiguen los impactos de la sequ\u00eda. Dado que el pa\u00eds cuenta con zonas vulnerables en regiones como la Costa y la Sierra, la CNULD ha sido un marco estrat\u00e9gico para fortalecer su capacidad de respuesta ante estos desaf\u00edos.<\/span><\/p><p>\u00a0<\/p><p><span style=\"font-weight: 400;\">A trav\u00e9s del Plan Nacional de Sequ\u00eda, Ecuador prioriza acciones como:<\/span><\/p>\t\t\t\t\t\t\t\t<\/div>\n\t\t\t\t<\/div>\n\t\t\t\t<div class=\"elementor-element elementor-element-b0bb616 elementor-hidden-desktop elementor-hidden-tablet elementor-hidden-mobile elementor-icon-list--layout-traditional elementor-list-item-link-full_width elementor-widget elementor-widget-icon-list\" data-id=\"b0bb616\" data-element_type=\"widget\" data-widget_type=\"icon-list.default\">\n\t\t\t\t<div class=\"elementor-widget-container\">\n\t\t\t\t\t\t\t<ul class=\"elementor-icon-list-items\">\n\t\t\t\t\t\t\t<li class=\"elementor-icon-list-item\">\n\t\t\t\t\t\t\t\t\t\t\t<span class=\"elementor-icon-list-icon\">\n\t\t\t\t\t\t\t<svg aria-hidden=\"true\" class=\"e-font-icon-svg e-fas-circle\" viewBox=\"0 0 512 512\" xmlns=\"http:\/\/www.w3.org\/2000\/svg\"><path d=\"M256 8C119 8 8 119 8 256s111 248 248 248 248-111 248-248S393 8 256 8z\"><\/path><\/svg>\t\t\t\t\t\t<\/span>\n\t\t\t\t\t\t\t\t\t\t<span class=\"elementor-icon-list-text\">Gesti\u00f3n eficiente del agua en \u00e1reas afectadas por sequ\u00edas recurrentes.<\/span>\n\t\t\t\t\t\t\t\t\t<\/li>\n\t\t\t\t\t\t\t\t<li class=\"elementor-icon-list-item\">\n\t\t\t\t\t\t\t\t\t\t\t<span class=\"elementor-icon-list-icon\">\n\t\t\t\t\t\t\t<svg aria-hidden=\"true\" class=\"e-font-icon-svg e-fas-circle\" viewBox=\"0 0 512 512\" xmlns=\"http:\/\/www.w3.org\/2000\/svg\"><path d=\"M256 8C119 8 8 119 8 256s111 248 248 248 248-111 248-248S393 8 256 8z\"><\/path><\/svg>\t\t\t\t\t\t<\/span>\n\t\t\t\t\t\t\t\t\t\t<span class=\"elementor-icon-list-text\">Fortalecimiento de capacidades locales para la gesti\u00f3n sostenible de recursos naturales.<\/span>\n\t\t\t\t\t\t\t\t\t<\/li>\n\t\t\t\t\t\t\t\t<li class=\"elementor-icon-list-item\">\n\t\t\t\t\t\t\t\t\t\t\t<span class=\"elementor-icon-list-icon\">\n\t\t\t\t\t\t\t<svg aria-hidden=\"true\" class=\"e-font-icon-svg e-fas-circle\" viewBox=\"0 0 512 512\" xmlns=\"http:\/\/www.w3.org\/2000\/svg\"><path d=\"M256 8C119 8 8 119 8 256s111 248 248 248 248-111 248-248S393 8 256 8z\"><\/path><\/svg>\t\t\t\t\t\t<\/span>\n\t\t\t\t\t\t\t\t\t\t<span class=\"elementor-icon-list-text\">Promoci\u00f3n de la resiliencia clim\u00e1tica en comunidades rurales.<\/span>\n\t\t\t\t\t\t\t\t\t<\/li>\n\t\t\t\t\t\t\t\t<li class=\"elementor-icon-list-item\">\n\t\t\t\t\t\t\t\t\t\t\t<span class=\"elementor-icon-list-icon\">\n\t\t\t\t\t\t\t<svg aria-hidden=\"true\" class=\"e-font-icon-svg e-fas-circle\" viewBox=\"0 0 512 512\" xmlns=\"http:\/\/www.w3.org\/2000\/svg\"><path d=\"M256 8C119 8 8 119 8 256s111 248 248 248 248-111 248-248S393 8 256 8z\"><\/path><\/svg>\t\t\t\t\t\t<\/span>\n\t\t\t\t\t\t\t\t\t\t<span class=\"elementor-icon-list-text\">Restauraci\u00f3n de tierras degradadas mediante proyectos de reforestaci\u00f3n y pr\u00e1cticas agr\u00edcolas<\/span>\n\t\t\t\t\t\t\t\t\t<\/li>\n\t\t\t\t\t\t<\/ul>\n\t\t\t\t\t\t<\/div>\n\t\t\t\t<\/div>\n\t\t\t\t<div class=\"elementor-element elementor-element-6916b2a elementor-hidden-desktop elementor-hidden-tablet elementor-hidden-mobile elementor-widget elementor-widget-heading\" data-id=\"6916b2a\" data-element_type=\"widget\" data-widget_type=\"heading.default\">\n\t\t\t\t<div class=\"elementor-widget-container\">\n\t\t\t\t\t<h2 class=\"elementor-heading-title elementor-size-default\">\u00c1reas Clave de Trabajo de la CNULD<\/h2>\t\t\t\t<\/div>\n\t\t\t\t<\/div>\n\t\t\t\t<div class=\"elementor-element elementor-element-498ea52 elementor-hidden-desktop elementor-hidden-tablet elementor-hidden-mobile elementor-icon-list--layout-traditional elementor-list-item-link-full_width elementor-widget elementor-widget-icon-list\" data-id=\"498ea52\" data-element_type=\"widget\" data-widget_type=\"icon-list.default\">\n\t\t\t\t<div class=\"elementor-widget-container\">\n\t\t\t\t\t\t\t<ul class=\"elementor-icon-list-items\">\n\t\t\t\t\t\t\t<li class=\"elementor-icon-list-item\">\n\t\t\t\t\t\t\t\t\t\t\t<span class=\"elementor-icon-list-icon\">\n\t\t\t\t\t\t\t<svg aria-hidden=\"true\" class=\"e-font-icon-svg e-fas-circle\" viewBox=\"0 0 512 512\" xmlns=\"http:\/\/www.w3.org\/2000\/svg\"><path d=\"M256 8C119 8 8 119 8 256s111 248 248 248 248-111 248-248S393 8 256 8z\"><\/path><\/svg>\t\t\t\t\t\t<\/span>\n\t\t\t\t\t\t\t\t\t\t<span class=\"elementor-icon-list-text\">Restauraci\u00f3n de la Tierra: Implementaci\u00f3n de t\u00e9cnicas de manejo sostenible para recuperar suelos degradados.<\/span>\n\t\t\t\t\t\t\t\t\t<\/li>\n\t\t\t\t\t\t\t\t<li class=\"elementor-icon-list-item\">\n\t\t\t\t\t\t\t\t\t\t\t<span class=\"elementor-icon-list-icon\">\n\t\t\t\t\t\t\t<svg aria-hidden=\"true\" class=\"e-font-icon-svg e-fas-circle\" viewBox=\"0 0 512 512\" xmlns=\"http:\/\/www.w3.org\/2000\/svg\"><path d=\"M256 8C119 8 8 119 8 256s111 248 248 248 248-111 248-248S393 8 256 8z\"><\/path><\/svg>\t\t\t\t\t\t<\/span>\n\t\t\t\t\t\t\t\t\t\t<span class=\"elementor-icon-list-text\">Mitigaci\u00f3n de la Sequ\u00eda: Desarrollo de herramientas y planes para la prevenci\u00f3n y respuesta a la sequ\u00eda.<\/span>\n\t\t\t\t\t\t\t\t\t<\/li>\n\t\t\t\t\t\t\t\t<li class=\"elementor-icon-list-item\">\n\t\t\t\t\t\t\t\t\t\t\t<span class=\"elementor-icon-list-icon\">\n\t\t\t\t\t\t\t<svg aria-hidden=\"true\" class=\"e-font-icon-svg e-fas-circle\" viewBox=\"0 0 512 512\" xmlns=\"http:\/\/www.w3.org\/2000\/svg\"><path d=\"M256 8C119 8 8 119 8 256s111 248 248 248 248-111 248-248S393 8 256 8z\"><\/path><\/svg>\t\t\t\t\t\t<\/span>\n\t\t\t\t\t\t\t\t\t\t<span class=\"elementor-icon-list-text\">Educaci\u00f3n y Participaci\u00f3n Comunitaria: Empoderar a las comunidades locales para liderar iniciativas de sostenibilidad.<\/span>\n\t\t\t\t\t\t\t\t\t<\/li>\n\t\t\t\t\t\t\t\t<li class=\"elementor-icon-list-item\">\n\t\t\t\t\t\t\t\t\t\t\t<span class=\"elementor-icon-list-icon\">\n\t\t\t\t\t\t\t<svg aria-hidden=\"true\" class=\"e-font-icon-svg e-fas-circle\" viewBox=\"0 0 512 512\" xmlns=\"http:\/\/www.w3.org\/2000\/svg\"><path d=\"M256 8C119 8 8 119 8 256s111 248 248 248 248-111 248-248S393 8 256 8z\"><\/path><\/svg>\t\t\t\t\t\t<\/span>\n\t\t\t\t\t\t\t\t\t\t<span class=\"elementor-icon-list-text\">Movilizaci\u00f3n de Recursos: Acceso a financiamiento y cooperaci\u00f3n internacional para proyectos de lucha contra la desertificaci\u00f3n.<\/span>\n\t\t\t\t\t\t\t\t\t<\/li>\n\t\t\t\t\t\t<\/ul>\n\t\t\t\t\t\t<\/div>\n\t\t\t\t<\/div>\n\t\t\t\t<div class=\"elementor-element elementor-element-b166832 elementor-hidden-desktop elementor-hidden-tablet elementor-hidden-mobile elementor-widget elementor-widget-text-editor\" data-id=\"b166832\" data-element_type=\"widget\" data-widget_type=\"text-editor.default\">\n\t\t\t\t<div class=\"elementor-widget-container\">\n\t\t\t\t\t\t\t\t\t<p><span style=\"font-weight: 400;\">La desertificaci\u00f3n y la sequ\u00eda son amenazas globales que impactan directamente la seguridad alimentaria, los recursos h\u00eddricos y la biodiversidad. La CNULD es esencial para enfrentar estos retos, promoviendo un manejo sostenible de la tierra y fomentando un desarrollo inclusivo y resiliente.<\/span><\/p><p><span style=\"font-weight: 400;\">En Ecuador, la implementaci\u00f3n de la CNULD no solo contribuye a proteger su rica biodiversidad y suelos productivos, sino tambi\u00e9n a fortalecer el bienestar de las comunidades que dependen de ellos. Este compromiso refuerza el rol del pa\u00eds en la construcci\u00f3n de un futuro m\u00e1s sostenible, inclusivo y preparado para enfrentar los desaf\u00edos del cambio clim\u00e1tico. <b>Conoce m\u00e1s en: <a href=\"https:\/\/www.unccd.int\/\">https:\/\/www.unccd.int\/<\/a>\u00a0<\/b><\/span><\/p>\t\t\t\t\t\t\t\t<\/div>\n\t\t\t\t<\/div>\n\t\t\t\t<\/div>\n\t\t\t\t\t<\/div>\n\t\t\t\t<\/div>\n\t\t\t\t<\/div>\n\t\t","protected":false},"excerpt":{"rendered":"<p>La Convenci\u00f3n de las Naciones Unidas para la Lucha contra la Desertificaci\u00f3n (CNULD) \u00bfQu\u00e9 es la CNULD? La Convenci\u00f3n de las Naciones Unidas de Lucha contra la Desertificaci\u00f3n (CNULD) fue adoptada en 1994 y entr\u00f3 en vigor en 1996 como el principal instrumento jur\u00eddico internacional para abordar de manera integral la desertificaci\u00f3n, la degradaci\u00f3n de [&hellip;]<\/p>\n","protected":false},"author":1,"featured_media":0,"parent":0,"menu_order":0,"comment_status":"closed","ping_status":"closed","template":"","meta":{"_monsterinsights_skip_tracking":false,"_monsterinsights_sitenote_active":false,"_monsterinsights_sitenote_note":"","_monsterinsights_sitenote_category":0,"footnotes":""},"class_list":["post-10957","page","type-page","status-publish","hentry"],"_links":{"self":[{"href":"https:\/\/rncc.ambiente.gob.ec\/rncc\/wp-json\/wp\/v2\/pages\/10957","targetHints":{"allow":["GET"]}}],"collection":[{"href":"https:\/\/rncc.ambiente.gob.ec\/rncc\/wp-json\/wp\/v2\/pages"}],"about":[{"href":"https:\/\/rncc.ambiente.gob.ec\/rncc\/wp-json\/wp\/v2\/types\/page"}],"author":[{"embeddable":true,"href":"https:\/\/rncc.ambiente.gob.ec\/rncc\/wp-json\/wp\/v2\/users\/1"}],"replies":[{"embeddable":true,"href":"https:\/\/rncc.ambiente.gob.ec\/rncc\/wp-json\/wp\/v2\/comments?post=10957"}],"version-history":[{"count":21,"href":"https:\/\/rncc.ambiente.gob.ec\/rncc\/wp-json\/wp\/v2\/pages\/10957\/revisions"}],"predecessor-version":[{"id":13109,"href":"https:\/\/rncc.ambiente.gob.ec\/rncc\/wp-json\/wp\/v2\/pages\/10957\/revisions\/13109"}],"wp:attachment":[{"href":"https:\/\/rncc.ambiente.gob.ec\/rncc\/wp-json\/wp\/v2\/media?parent=10957"}],"curies":[{"name":"wp","href":"https:\/\/api.w.org\/{rel}","templated":true}]}}